{"id":22,"date":"2025-07-08T07:30:11","date_gmt":"2025-07-08T07:30:11","guid":{"rendered":"https:\/\/quantum-primeprofit.net\/?page_id=22"},"modified":"2025-07-23T10:02:43","modified_gmt":"2025-07-23T10:02:43","slug":"terminos-y-condiciones","status":"publish","type":"page","link":"https:\/\/quantum-primeprofit.net\/es\/terms-and-conditions\/","title":{"rendered":"T\u00e9rminos y condiciones"},"content":{"rendered":"<div data-elementor-type=\"wp-page\" data-elementor-id=\"22\" class=\"elementor elementor-22\" data-elementor-post-type=\"page\">\n\t\t\t\t<div class=\"elementor-element elementor-element-60b41dd e-flex e-con-boxed e-con e-parent\" data-id=\"60b41dd\" data-element_type=\"container\" data-e-type=\"container\" data-settings=\"{&quot;background_background&quot;:&quot;classic&quot;}\">\n\t\t\t\t\t<div class=\"e-con-inner\">\n\t\t\t\t<div class=\"elementor-element elementor-element-8b0e9de elementor-widget elementor-widget-heading\" data-id=\"8b0e9de\" data-element_type=\"widget\" data-e-type=\"widget\" data-widget_type=\"heading.default\">\n\t\t\t\t\t<h1 class=\"elementor-heading-title elementor-size-default\">T\u00e9rminos y condiciones <\/h1>\t\t\t\t<\/div>\n\t\t\t\t\t<\/div>\n\t\t\t\t<\/div>\n\t\t<div class=\"elementor-element elementor-element-ac32bc7 e-flex e-con-boxed e-con e-parent\" data-id=\"ac32bc7\" data-element_type=\"container\" data-e-type=\"container\" data-settings=\"{&quot;background_background&quot;:&quot;gradient&quot;}\">\n\t\t\t\t\t<div class=\"e-con-inner\">\n\t\t\t\t<div class=\"elementor-element elementor-element-64fcf75 elementor-widget elementor-widget-text-editor\" data-id=\"64fcf75\" data-element_type=\"widget\" data-e-type=\"widget\" data-widget_type=\"text-editor.default\">\n\t\t\t\t\t\t\t\t\t<p data-pm-slice=\"1 1 []\">Gracias por visitar nuestro sitio web, <strong>Quantum Prime Profit<\/strong>, accesible a trav\u00e9s de\u00a0<strong><a href=\"https:\/\/quantum-primeprofit.net\/es\/\"> quantum-primeprofit.net<\/a><\/strong> Estos T\u00e9rminos y Condiciones, junto con nuestra Pol\u00edtica de Privacidad, rigen su acceso y uso del Sitio Web y los servicios ofrecidos por <strong>Quantum Prime Profit<\/strong> (\u201cnosotros\u201d, \u201cnuestro\u201d o \u201cnos\u201d). Puede contactarnos para obtener m\u00e1s informaci\u00f3n o asistencia.<\/p><p>Al acceder al Sitio Web o utilizar nuestros productos y servicios (en conjunto, los \"Servicios\"), usted acepta cumplir con estos T\u00e9rminos y nuestra Pol\u00edtica de Privacidad. Estos T\u00e9rminos incluyen directrices operativas, pol\u00edticas y t\u00e9rminos adicionales. Nos reservamos el derecho de actualizar estos T\u00e9rminos sin previo aviso. Es su responsabilidad revisar peri\u00f3dicamente esta p\u00e1gina para comprobar si hay cambios. El uso continuado del Sitio Web implica la aceptaci\u00f3n de cualquier actualizaci\u00f3n.<\/p><p>Si no est\u00e1 de acuerdo con alguna parte de estos T\u00e9rminos, no est\u00e1 autorizado a utilizar nuestro Sitio Web ni nuestros Servicios. Nos reservamos el derecho de restringir el acceso al Sitio Web y a los Servicios a nuestra entera discreci\u00f3n.<\/p>\t\t\t\t\t\t\t\t<\/div>\n\t\t\t\t<div class=\"elementor-element elementor-element-a3ed374 elementor-widget elementor-widget-heading\" data-id=\"a3ed374\" data-element_type=\"widget\" data-e-type=\"widget\" data-widget_type=\"heading.default\">\n\t\t\t\t\t<h2 class=\"elementor-heading-title elementor-size-default\">Sin asesoramiento de inversi\u00f3n<\/h2>\t\t\t\t<\/div>\n\t\t\t\t<div class=\"elementor-element elementor-element-332445e elementor-widget elementor-widget-text-editor\" data-id=\"332445e\" data-element_type=\"widget\" data-e-type=\"widget\" data-widget_type=\"text-editor.default\">\n\t\t\t\t\t\t\t\t\t<p data-pm-slice=\"1 1 []\">El sitio web no ofrece asesoramiento financiero ni de inversi\u00f3n personalizado, salvo que se indique expresamente. La informaci\u00f3n proporcionada es meramente informativa y no considera su situaci\u00f3n financiera ni sus objetivos de inversi\u00f3n individuales.<\/p><p>Antes de tomar decisiones de inversi\u00f3n, eval\u00fae si la informaci\u00f3n del sitio web se adapta a sus circunstancias. Considere consultar con un asesor financiero independiente si es necesario. Salvo que se indique expresamente, la informaci\u00f3n del sitio web no constituye una recomendaci\u00f3n para invertir en ning\u00fan producto o servicio financiero.<\/p>\t\t\t\t\t\t\t\t<\/div>\n\t\t\t\t<div class=\"elementor-element elementor-element-98018c1 elementor-widget elementor-widget-heading\" data-id=\"98018c1\" data-element_type=\"widget\" data-e-type=\"widget\" data-widget_type=\"heading.default\">\n\t\t\t\t\t<h2 class=\"elementor-heading-title elementor-size-default\">Productos y servicios<\/h2>\t\t\t\t<\/div>\n\t\t\t\t<div class=\"elementor-element elementor-element-a8302e0 elementor-widget elementor-widget-text-editor\" data-id=\"a8302e0\" data-element_type=\"widget\" data-e-type=\"widget\" data-widget_type=\"text-editor.default\">\n\t\t\t\t\t\t\t\t\t<p data-pm-slice=\"1 1 []\">No todos los productos o servicios mencionados en el Sitio Web son proporcionados por nosotros. Las referencias a productos, servicios o sitios web de terceros no constituyen una recomendaci\u00f3n. El Sitio Web puede incluir enlaces a plataformas de terceros, y para acceder a ellas puede ser necesario compartir cierta informaci\u00f3n con sus operadores.<\/p><p>No nos hacemos responsables del contenido, las pr\u00e1cticas ni las pol\u00edticas de sitios web de terceros. Aseg\u00farese de revisar sus pol\u00edticas antes de interactuar con ellos.<\/p>\t\t\t\t\t\t\t\t<\/div>\n\t\t\t\t<div class=\"elementor-element elementor-element-23fe722 elementor-widget elementor-widget-heading\" data-id=\"23fe722\" data-element_type=\"widget\" data-e-type=\"widget\" data-widget_type=\"heading.default\">\n\t\t\t\t\t<h2 class=\"elementor-heading-title elementor-size-default\">Alcance y modificaci\u00f3n<\/h2>\t\t\t\t<\/div>\n\t\t\t\t<div class=\"elementor-element elementor-element-a2905e5 elementor-widget elementor-widget-text-editor\" data-id=\"a2905e5\" data-element_type=\"widget\" data-e-type=\"widget\" data-widget_type=\"text-editor.default\">\n\t\t\t\t\t\t\t\t\t<p data-pm-slice=\"1 1 []\">Al usar nuestro sitio web, usted acepta los t\u00e9rminos aqu\u00ed descritos, que sustituyen cualquier acuerdo previo. Estos T\u00e9rminos pueden actualizarse peri\u00f3dicamente y los cambios se publicar\u00e1n en esta p\u00e1gina. Su uso continuado del sitio web implica la aceptaci\u00f3n de cualquier modificaci\u00f3n.<\/p>\t\t\t\t\t\t\t\t<\/div>\n\t\t\t\t<div class=\"elementor-element elementor-element-8835521 elementor-widget elementor-widget-heading\" data-id=\"8835521\" data-element_type=\"widget\" data-e-type=\"widget\" data-widget_type=\"heading.default\">\n\t\t\t\t\t<h2 class=\"elementor-heading-title elementor-size-default\">Requisitos<\/h2>\t\t\t\t<\/div>\n\t\t\t\t<div class=\"elementor-element elementor-element-30d2063 elementor-widget elementor-widget-text-editor\" data-id=\"30d2063\" data-element_type=\"widget\" data-e-type=\"widget\" data-widget_type=\"text-editor.default\">\n\t\t\t\t\t\t\t\t\t<p data-pm-slice=\"1 1 []\">El Sitio Web y los Servicios est\u00e1n destinados a personas con derecho a celebrar contratos vinculantes seg\u00fan la legislaci\u00f3n aplicable. Los menores de 18 a\u00f1os no pueden usar ni acceder al Sitio Web ni a los Servicios.<\/p>\t\t\t\t\t\t\t\t<\/div>\n\t\t\t\t<div class=\"elementor-element elementor-element-34717f1 elementor-widget elementor-widget-heading\" data-id=\"34717f1\" data-element_type=\"widget\" data-e-type=\"widget\" data-widget_type=\"heading.default\">\n\t\t\t\t\t<h2 class=\"elementor-heading-title elementor-size-default\">Servicios de suscripci\u00f3n<\/h2>\t\t\t\t<\/div>\n\t\t\t\t<div class=\"elementor-element elementor-element-43b6608 elementor-widget elementor-widget-text-editor\" data-id=\"43b6608\" data-element_type=\"widget\" data-e-type=\"widget\" data-widget_type=\"text-editor.default\">\n\t\t\t\t\t\t\t\t\t<p data-pm-slice=\"1 1 []\">Registrarse en el Sitio Web puede otorgarle acceso a servicios de suscripci\u00f3n, que pueden ser gratuitos o de pago. Estos servicios pueden incluir contenido informativo u ofertas y no constituyen asesoramiento financiero.<\/p>\t\t\t\t\t\t\t\t<\/div>\n\t\t\t\t<div class=\"elementor-element elementor-element-9df1ddd elementor-widget elementor-widget-heading\" data-id=\"9df1ddd\" data-element_type=\"widget\" data-e-type=\"widget\" data-widget_type=\"heading.default\">\n\t\t\t\t\t<h2 class=\"elementor-heading-title elementor-size-default\">Servicios de proveedores y terceros<\/h2>\t\t\t\t<\/div>\n\t\t\t\t<div class=\"elementor-element elementor-element-d1951c1 elementor-widget elementor-widget-text-editor\" data-id=\"d1951c1\" data-element_type=\"widget\" data-e-type=\"widget\" data-widget_type=\"text-editor.default\">\n\t\t\t\t\t\t\t\t\t<p data-pm-slice=\"1 1 []\">El sitio web puede permitir el acceso a productos o servicios de terceros. No nos responsabilizamos de ninguna inexactitud, disputa o problema relacionado con estos proveedores. Las interacciones con terceros son su responsabilidad.<\/p>\t\t\t\t\t\t\t\t<\/div>\n\t\t\t\t<div class=\"elementor-element elementor-element-2819c0c elementor-widget elementor-widget-heading\" data-id=\"2819c0c\" data-element_type=\"widget\" data-e-type=\"widget\" data-widget_type=\"heading.default\">\n\t\t\t\t\t<h2 class=\"elementor-heading-title elementor-size-default\">Condiciones generales<\/h2>\t\t\t\t<\/div>\n\t\t\t\t<div class=\"elementor-element elementor-element-3b9bf78 elementor-widget elementor-widget-text-editor\" data-id=\"3b9bf78\" data-element_type=\"widget\" data-e-type=\"widget\" data-widget_type=\"text-editor.default\">\n\t\t\t\t\t\t\t\t\t<p data-pm-slice=\"1 1 []\">Para usar los Servicios, debe proporcionar sus datos de registro correctos. Las futuras actualizaciones o mejoras del Sitio Web tambi\u00e9n se regir\u00e1n por estos T\u00e9rminos. No nos responsabilizamos de su imposibilidad de acceder o calificar para los Servicios.<\/p>\t\t\t\t\t\t\t\t<\/div>\n\t\t\t\t<div class=\"elementor-element elementor-element-02fc102 elementor-widget elementor-widget-heading\" data-id=\"02fc102\" data-element_type=\"widget\" data-e-type=\"widget\" data-widget_type=\"heading.default\">\n\t\t\t\t\t<h2 class=\"elementor-heading-title elementor-size-default\">Derechos de propiedad<\/h2>\t\t\t\t<\/div>\n\t\t\t\t<div class=\"elementor-element elementor-element-9cf4854 elementor-widget elementor-widget-text-editor\" data-id=\"9cf4854\" data-element_type=\"widget\" data-e-type=\"widget\" data-widget_type=\"text-editor.default\">\n\t\t\t\t\t\t\t\t\t<p>El Sitio Web, su contenido y los servicios asociados est\u00e1n protegidos por derechos de autor, marcas registradas y otras leyes de propiedad intelectual. Queda estrictamente prohibida la reproducci\u00f3n o modificaci\u00f3n no autorizada de cualquier material. La propiedad del contenido del Sitio Web es nuestra.<\/p>\t\t\t\t\t\t\t\t<\/div>\n\t\t\t\t<div class=\"elementor-element elementor-element-c11888b elementor-widget elementor-widget-heading\" data-id=\"c11888b\" data-element_type=\"widget\" data-e-type=\"widget\" data-widget_type=\"heading.default\">\n\t\t\t\t\t<h2 class=\"elementor-heading-title elementor-size-default\">Informaci\u00f3n confidencial<\/h2>\t\t\t\t<\/div>\n\t\t\t\t<div class=\"elementor-element elementor-element-7094d25 elementor-widget elementor-widget-text-editor\" data-id=\"7094d25\" data-element_type=\"widget\" data-e-type=\"widget\" data-widget_type=\"text-editor.default\">\n\t\t\t\t\t\t\t\t\t<p data-pm-slice=\"1 1 []\">La informaci\u00f3n confidencial incluye datos de propiedad exclusiva identificados expl\u00edcitamente como confidenciales. Esto no incluye informaci\u00f3n p\u00fablica, preexistente o desarrollada de forma independiente. La obligaci\u00f3n de proteger la informaci\u00f3n confidencial expira un a\u00f1o despu\u00e9s de la finalizaci\u00f3n de su uso.<\/p>\t\t\t\t\t\t\t\t<\/div>\n\t\t\t\t<div class=\"elementor-element elementor-element-9b71345 elementor-widget elementor-widget-heading\" data-id=\"9b71345\" data-element_type=\"widget\" data-e-type=\"widget\" data-widget_type=\"heading.default\">\n\t\t\t\t\t<h2 class=\"elementor-heading-title elementor-size-default\">Enlaces y referencias <\/h2>\t\t\t\t<\/div>\n\t\t\t\t<div class=\"elementor-element elementor-element-a1a7449 elementor-widget elementor-widget-text-editor\" data-id=\"a1a7449\" data-element_type=\"widget\" data-e-type=\"widget\" data-widget_type=\"text-editor.default\">\n\t\t\t\t\t\t\t\t\t<p data-pm-slice=\"1 1 []\">Se proh\u00edbe crear hiperv\u00ednculos, enmarcar o hacer referencia al sitio web sin nuestro consentimiento expreso por escrito. El uso no autorizado puede dar lugar a responsabilidad por da\u00f1os y perjuicios.<\/p>\t\t\t\t\t\t\t\t<\/div>\n\t\t\t\t<div class=\"elementor-element elementor-element-64de44b elementor-widget elementor-widget-heading\" data-id=\"64de44b\" data-element_type=\"widget\" data-e-type=\"widget\" data-widget_type=\"heading.default\">\n\t\t\t\t\t<h2 class=\"elementor-heading-title elementor-size-default\">Descargo de responsabilidad<\/h2>\t\t\t\t<\/div>\n\t\t\t\t<div class=\"elementor-element elementor-element-5281372 elementor-widget elementor-widget-text-editor\" data-id=\"5281372\" data-element_type=\"widget\" data-e-type=\"widget\" data-widget_type=\"text-editor.default\">\n\t\t\t\t\t\t\t\t\t<p data-pm-slice=\"1 1 []\">El Sitio Web, su contenido y sus servicios se proporcionan \"tal cual\", sin garant\u00edas. No garantizamos el funcionamiento ininterrumpido ni libre de errores del Sitio Web ni de los Servicios.<\/p>\t\t\t\t\t\t\t\t<\/div>\n\t\t\t\t<div class=\"elementor-element elementor-element-402f98e elementor-widget elementor-widget-heading\" data-id=\"402f98e\" data-element_type=\"widget\" data-e-type=\"widget\" data-widget_type=\"heading.default\">\n\t\t\t\t\t<h2 class=\"elementor-heading-title elementor-size-default\">Limitaci\u00f3n de responsabilidad<\/h2>\t\t\t\t<\/div>\n\t\t\t\t<div class=\"elementor-element elementor-element-a402d16 elementor-widget elementor-widget-text-editor\" data-id=\"a402d16\" data-element_type=\"widget\" data-e-type=\"widget\" data-widget_type=\"text-editor.default\">\n\t\t\t\t\t\t\t\t\t<p data-pm-slice=\"1 1 []\">Nuestra responsabilidad por cualquier reclamaci\u00f3n se limita a un m\u00e1ximo de $500. Cuando la legislaci\u00f3n aplicable proh\u00edba esta limitaci\u00f3n, la responsabilidad se extender\u00e1 \u00fanicamente seg\u00fan lo exija la ley.<\/p>\t\t\t\t\t\t\t\t<\/div>\n\t\t\t\t<div class=\"elementor-element elementor-element-3fe409b elementor-widget elementor-widget-heading\" data-id=\"3fe409b\" data-element_type=\"widget\" data-e-type=\"widget\" data-widget_type=\"heading.default\">\n\t\t\t\t\t<h2 class=\"elementor-heading-title elementor-size-default\">Indemnizaci\u00f3n<\/h2>\t\t\t\t<\/div>\n\t\t\t\t<div class=\"elementor-element elementor-element-acd3d86 elementor-widget elementor-widget-text-editor\" data-id=\"acd3d86\" data-element_type=\"widget\" data-e-type=\"widget\" data-widget_type=\"text-editor.default\">\n\t\t\t\t\t\t\t\t\t<p data-pm-slice=\"1 1 []\">Usted acepta indemnizarnos y eximirnos de responsabilidad por reclamos o da\u00f1os que resulten de su uso del Sitio web o los Servicios, la violaci\u00f3n de estos T\u00e9rminos o la infracci\u00f3n de los derechos de terceros.<\/p>\t\t\t\t\t\t\t\t<\/div>\n\t\t\t\t<div class=\"elementor-element elementor-element-a184466 elementor-widget elementor-widget-heading\" data-id=\"a184466\" data-element_type=\"widget\" data-e-type=\"widget\" data-widget_type=\"heading.default\">\n\t\t\t\t\t<h2 class=\"elementor-heading-title elementor-size-default\">Sitios web de terceros<\/h2>\t\t\t\t<\/div>\n\t\t\t\t<div class=\"elementor-element elementor-element-9965a12 elementor-widget elementor-widget-text-editor\" data-id=\"9965a12\" data-element_type=\"widget\" data-e-type=\"widget\" data-widget_type=\"text-editor.default\">\n\t\t\t\t\t\t\t\t\t<p data-pm-slice=\"1 1 []\">Los enlaces a sitios web de terceros se proporcionan \u00fanicamente para su comodidad. No nos responsabilizamos de su contenido, disponibilidad ni pol\u00edticas.<\/p>\t\t\t\t\t\t\t\t<\/div>\n\t\t\t\t<div class=\"elementor-element elementor-element-f61a720 elementor-widget elementor-widget-heading\" data-id=\"f61a720\" data-element_type=\"widget\" data-e-type=\"widget\" data-widget_type=\"heading.default\">\n\t\t\t\t\t<h2 class=\"elementor-heading-title elementor-size-default\">Elecci\u00f3n de la ley y jurisdicci\u00f3n<\/h2>\t\t\t\t<\/div>\n\t\t\t\t<div class=\"elementor-element elementor-element-e3481f1 elementor-widget elementor-widget-text-editor\" data-id=\"e3481f1\" data-element_type=\"widget\" data-e-type=\"widget\" data-widget_type=\"text-editor.default\">\n\t\t\t\t\t\t\t\t\t<p data-pm-slice=\"1 1 []\">Estos T\u00e9rminos se rigen por las leyes del Reino Unido. Cualquier disputa se resolver\u00e1 mediante arbitraje confidencial bajo las reglas de la CCI en Londres.<\/p>\t\t\t\t\t\t\t\t<\/div>\n\t\t\t\t<div class=\"elementor-element elementor-element-c2b0e9a elementor-widget elementor-widget-heading\" data-id=\"c2b0e9a\" data-element_type=\"widget\" data-e-type=\"widget\" data-widget_type=\"heading.default\">\n\t\t\t\t\t<h2 class=\"elementor-heading-title elementor-size-default\">Anexo de protecci\u00f3n de datos<\/h2>\t\t\t\t<\/div>\n\t\t\t\t<div class=\"elementor-element elementor-element-8a3ca15 elementor-widget elementor-widget-text-editor\" data-id=\"8a3ca15\" data-element_type=\"widget\" data-e-type=\"widget\" data-widget_type=\"text-editor.default\">\n\t\t\t\t\t\t\t\t\t<p data-pm-slice=\"1 1 []\">Estos T\u00e9rminos se rigen por las leyes del Reino Unido. Cumplimos con la normativa de protecci\u00f3n de datos aplicable, incluido el Reglamento General de Protecci\u00f3n de Datos (RGPD) de la UE. Garantizamos la seguridad de los datos y mantenemos mecanismos para obtener el consentimiento del usuario para el procesamiento y la recopilaci\u00f3n de datos. Cualquier disputa se resolver\u00e1 mediante arbitraje confidencial bajo las reglas de la CCI en Londres.<\/p>\t\t\t\t\t\t\t\t<\/div>\n\t\t\t\t\t<\/div>\n\t\t\t\t<\/div>\n\t\t\t\t<\/div>","protected":false},"excerpt":{"rendered":"<p>Terms and Conditions Thank you for visiting our website, Quantum Prime Profit, accessible via\u00a0 quantum-primeprofit.net These Terms and Conditions, along with our Privacy Policy, govern your access and use of the Website and services offered by Quantum Prime Profit (\u201cwe,\u201d \u201cour,\u201d or \u201cus\u201d). You may contact us for further information or assistance. By accessing the [&hellip;]<\/p>\n","protected":false},"author":1,"featured_media":0,"parent":0,"menu_order":0,"comment_status":"closed","ping_status":"closed","template":"","meta":{"footnotes":""},"class_list":["post-22","page","type-page","status-publish","hentry"],"_links":{"self":[{"href":"https:\/\/quantum-primeprofit.net\/es\/wp-json\/wp\/v2\/pages\/22","targetHints":{"allow":["GET"]}}],"collection":[{"href":"https:\/\/quantum-primeprofit.net\/es\/wp-json\/wp\/v2\/pages"}],"about":[{"href":"https:\/\/quantum-primeprofit.net\/es\/wp-json\/wp\/v2\/types\/page"}],"author":[{"embeddable":true,"href":"https:\/\/quantum-primeprofit.net\/es\/wp-json\/wp\/v2\/users\/1"}],"replies":[{"embeddable":true,"href":"https:\/\/quantum-primeprofit.net\/es\/wp-json\/wp\/v2\/comments?post=22"}],"version-history":[{"count":25,"href":"https:\/\/quantum-primeprofit.net\/es\/wp-json\/wp\/v2\/pages\/22\/revisions"}],"predecessor-version":[{"id":673,"href":"https:\/\/quantum-primeprofit.net\/es\/wp-json\/wp\/v2\/pages\/22\/revisions\/673"}],"wp:attachment":[{"href":"https:\/\/quantum-primeprofit.net\/es\/wp-json\/wp\/v2\/media?parent=22"}],"curies":[{"name":"wp","href":"https:\/\/api.w.org\/{rel}","templated":true}]}}