{"id":20,"date":"2025-07-08T07:29:53","date_gmt":"2025-07-08T07:29:53","guid":{"rendered":"https:\/\/quantum-primeprofit.net\/?page_id=20"},"modified":"2025-07-23T09:57:29","modified_gmt":"2025-07-23T09:57:29","slug":"politica-de-privacidad","status":"publish","type":"page","link":"https:\/\/quantum-primeprofit.net\/es_mx\/privacy-policy\/","title":{"rendered":"pol\u00edtica de privacidad"},"content":{"rendered":"<div data-elementor-type=\"wp-page\" data-elementor-id=\"20\" class=\"elementor elementor-20\" data-elementor-post-type=\"page\">\n\t\t\t\t<div class=\"elementor-element elementor-element-2cbab67 e-flex e-con-boxed e-con e-parent\" data-id=\"2cbab67\" data-element_type=\"container\" data-e-type=\"container\" data-settings=\"{&quot;background_background&quot;:&quot;classic&quot;}\">\n\t\t\t\t\t<div class=\"e-con-inner\">\n\t\t\t\t<div class=\"elementor-element elementor-element-5eb20c9 elementor-widget elementor-widget-heading\" data-id=\"5eb20c9\" data-element_type=\"widget\" data-e-type=\"widget\" data-widget_type=\"heading.default\">\n\t\t\t\t\t<h1 class=\"elementor-heading-title elementor-size-default\">pol\u00edtica de privacidad<\/h1>\t\t\t\t<\/div>\n\t\t\t\t\t<\/div>\n\t\t\t\t<\/div>\n\t\t<div class=\"elementor-element elementor-element-dc91a14 e-flex e-con-boxed e-con e-parent\" data-id=\"dc91a14\" data-element_type=\"container\" data-e-type=\"container\" data-settings=\"{&quot;background_background&quot;:&quot;gradient&quot;}\">\n\t\t\t\t\t<div class=\"e-con-inner\">\n\t\t\t\t<div class=\"elementor-element elementor-element-9a517ce elementor-widget elementor-widget-text-editor\" data-id=\"9a517ce\" data-element_type=\"widget\" data-e-type=\"widget\" data-widget_type=\"text-editor.default\">\n\t\t\t\t\t\t\t\t\t<p>En <strong>Quantum Prime Profit\u00a0<\/strong>Su privacidad es nuestra prioridad. Los datos personales se conservan solo el tiempo necesario, y los usuarios con cuentas activas son responsables de gestionar su informaci\u00f3n. Al cancelar la cuenta, los datos relacionados se eliminar\u00e1n de acuerdo con las leyes y pol\u00edticas aplicables.<\/p>\t\t\t\t\t\t\t\t<\/div>\n\t\t\t\t<div class=\"elementor-element elementor-element-d2f0b8f elementor-widget elementor-widget-heading\" data-id=\"d2f0b8f\" data-element_type=\"widget\" data-e-type=\"widget\" data-widget_type=\"heading.default\">\n\t\t\t\t\t<h2 class=\"elementor-heading-title elementor-size-default\">Introducci\u00f3n<\/h2>\t\t\t\t<\/div>\n\t\t\t\t<div class=\"elementor-element elementor-element-95d5d3b elementor-widget elementor-widget-text-editor\" data-id=\"95d5d3b\" data-element_type=\"widget\" data-e-type=\"widget\" data-widget_type=\"text-editor.default\">\n\t\t\t\t\t\t\t\t\t<p data-pm-slice=\"1 1 []\">Esta Pol\u00edtica de Privacidad describe c\u00f3mo <strong>Quantum Prime Profit<\/strong>\u00a0(\u201cnosotros\u201d, \u201cnos\u201d o \u201cnuestro\u201d) recopila, utiliza y protege la informaci\u00f3n recopilada a trav\u00e9s de nuestro sitio web (\u201cel Sitio Web\u201d) y nuestros servicios (\u201clos Servicios\u201d). La protecci\u00f3n de sus datos personales es fundamental para nosotros.<\/p><p>Aunque nuestro sitio web puede incluir enlaces a sitios de terceros, no nos responsabilizamos de sus pr\u00e1cticas de privacidad. Por favor, revise sus pol\u00edticas antes de proporcionar cualquier dato. Implementamos estrictas medidas de seguridad y organizativas para proteger la informaci\u00f3n personal proporcionada por los usuarios.<\/p><p>Para usar nuestro sitio web, es posible que se le solicite informaci\u00f3n como su nombre, correo electr\u00f3nico, n\u00famero de tel\u00e9fono y otros datos. Estos datos nos ayudan a verificar su identidad, brindarle soporte y cumplir con nuestras obligaciones legales. Puede administrar sus preferencias o cancelar su suscripci\u00f3n a nuestras comunicaciones en cualquier momento.<\/p>\t\t\t\t\t\t\t\t<\/div>\n\t\t\t\t<div class=\"elementor-element elementor-element-e6b3134 elementor-widget elementor-widget-heading\" data-id=\"e6b3134\" data-element_type=\"widget\" data-e-type=\"widget\" data-widget_type=\"heading.default\">\n\t\t\t\t\t<h2 class=\"elementor-heading-title elementor-size-default\">Informaci\u00f3n que recopilamos<\/h2>\t\t\t\t<\/div>\n\t\t\t\t<div class=\"elementor-element elementor-element-a7edafa elementor-widget elementor-widget-text-editor\" data-id=\"a7edafa\" data-element_type=\"widget\" data-e-type=\"widget\" data-widget_type=\"text-editor.default\">\n\t\t\t\t\t\t\t\t\t<p data-pm-slice=\"1 1 []\">Recopilamos los datos personales que nos proporciona, incluyendo su nombre, direcci\u00f3n de correo electr\u00f3nico, n\u00famero de tel\u00e9fono y cualquier otra informaci\u00f3n adicional que comparta a trav\u00e9s de formularios o comunicaci\u00f3n directa. Al registrar una cuenta, tambi\u00e9n podemos solicitarle el nombre de su empresa, su direcci\u00f3n y otros datos de contacto.<\/p>\t\t\t\t\t\t\t\t<\/div>\n\t\t\t\t<div class=\"elementor-element elementor-element-abf4ffd elementor-widget elementor-widget-heading\" data-id=\"abf4ffd\" data-element_type=\"widget\" data-e-type=\"widget\" data-widget_type=\"heading.default\">\n\t\t\t\t\t<h2 class=\"elementor-heading-title elementor-size-default\">Recopilaci\u00f3n y uso de datos<\/h2>\t\t\t\t<\/div>\n\t\t\t\t<div class=\"elementor-element elementor-element-2f25ea4 elementor-widget elementor-widget-text-editor\" data-id=\"2f25ea4\" data-element_type=\"widget\" data-e-type=\"widget\" data-widget_type=\"text-editor.default\">\n\t\t\t\t\t\t\t\t\t<p data-pm-slice=\"1 3 []\">Mediante el uso <strong>Quantum Prime Profit<\/strong>\u00a0Usted consiente la recopilaci\u00f3n y el tratamiento de datos personales, incluyendo cookies y env\u00edos de formularios. Estos datos se utilizan para mejorar nuestro sitio web, adaptar nuestros servicios y cumplir con nuestras obligaciones contractuales o legales.<\/p><ul data-spread=\"false\"><li><p><strong>Registro de cuenta:<\/strong>\u00a0Basado en su consentimiento o necesidad contractual.<\/p><\/li><li><p><strong>Prestaci\u00f3n de servicios:<\/strong>\u00a0Para cumplir acuerdos y prestar servicios.<\/p><\/li><li><p><strong>Soporte y comunicaci\u00f3n:<\/strong>\u00a0Por intereses leg\u00edtimos o cumplimiento legal.<\/p><\/li><li><p><strong>Marketing:<\/strong>\u00a0Con su consentimiento expl\u00edcito.<\/p><\/li><li><p><strong>Mejora y an\u00e1lisis:<\/strong>\u00a0Por intereses leg\u00edtimos o en base a su consentimiento.<\/p><\/li><\/ul>\t\t\t\t\t\t\t\t<\/div>\n\t\t\t\t<div class=\"elementor-element elementor-element-03ad890 elementor-widget elementor-widget-heading\" data-id=\"03ad890\" data-element_type=\"widget\" data-e-type=\"widget\" data-widget_type=\"heading.default\">\n\t\t\t\t\t<h2 class=\"elementor-heading-title elementor-size-default\">Intercambio de datos<\/h2>\t\t\t\t<\/div>\n\t\t\t\t<div class=\"elementor-element elementor-element-c106a5d elementor-widget elementor-widget-text-editor\" data-id=\"c106a5d\" data-element_type=\"widget\" data-e-type=\"widget\" data-widget_type=\"text-editor.default\">\n\t\t\t\t\t\t\t\t\t<p data-pm-slice=\"1 1 []\">Podemos compartir sus datos con socios y proveedores de confianza para mejorar nuestro sitio web y nuestros servicios. Para los usuarios de la UE, el tratamiento de datos cumple con el RGPD y otras normativas aplicables.<\/p>\t\t\t\t\t\t\t\t<\/div>\n\t\t\t\t<div class=\"elementor-element elementor-element-538bbb2 elementor-widget elementor-widget-heading\" data-id=\"538bbb2\" data-element_type=\"widget\" data-e-type=\"widget\" data-widget_type=\"heading.default\">\n\t\t\t\t\t<h2 class=\"elementor-heading-title elementor-size-default\">Seguridad<\/h2>\t\t\t\t<\/div>\n\t\t\t\t<div class=\"elementor-element elementor-element-b50a2c4 elementor-widget elementor-widget-text-editor\" data-id=\"b50a2c4\" data-element_type=\"widget\" data-e-type=\"widget\" data-widget_type=\"text-editor.default\">\n\t\t\t\t\t\t\t\t\t<p data-pm-slice=\"1 1 []\">Utilizamos medidas robustas para proteger sus datos personales contra accesos no autorizados o usos indebidos. Sin embargo, ning\u00fan sistema es totalmente inmune a las vulneraciones. Notif\u00edquenos de inmediato si sospecha que sus datos se han visto comprometidos.<\/p>\t\t\t\t\t\t\t\t<\/div>\n\t\t\t\t<div class=\"elementor-element elementor-element-86d06cc elementor-widget elementor-widget-heading\" data-id=\"86d06cc\" data-element_type=\"widget\" data-e-type=\"widget\" data-widget_type=\"heading.default\">\n\t\t\t\t\t<h2 class=\"elementor-heading-title elementor-size-default\">Galletas<\/h2>\t\t\t\t<\/div>\n\t\t\t\t<div class=\"elementor-element elementor-element-aac2f73 elementor-widget elementor-widget-text-editor\" data-id=\"aac2f73\" data-element_type=\"widget\" data-e-type=\"widget\" data-widget_type=\"text-editor.default\">\n\t\t\t\t\t\t\t\t\t<p data-pm-slice=\"1 1 []\">Nuestro sitio web utiliza cookies para mejorar su experiencia. Para obtener m\u00e1s informaci\u00f3n sobre el uso de cookies y la gesti\u00f3n de sus preferencias, consulte nuestra Pol\u00edtica de Cookies.<\/p>\t\t\t\t\t\t\t\t<\/div>\n\t\t\t\t<div class=\"elementor-element elementor-element-c3acc1d elementor-widget elementor-widget-heading\" data-id=\"c3acc1d\" data-element_type=\"widget\" data-e-type=\"widget\" data-widget_type=\"heading.default\">\n\t\t\t\t\t<h2 class=\"elementor-heading-title elementor-size-default\">Enlaces externos<\/h2>\t\t\t\t<\/div>\n\t\t\t\t<div class=\"elementor-element elementor-element-2abc628 elementor-widget elementor-widget-text-editor\" data-id=\"2abc628\" data-element_type=\"widget\" data-e-type=\"widget\" data-widget_type=\"text-editor.default\">\n\t\t\t\t\t\t\t\t\t<p data-pm-slice=\"1 1 []\"><strong>Quantum Prime Profit<\/strong> No nos responsabilizamos de las pr\u00e1cticas de privacidad de sitios web de terceros enlazados en nuestro sitio web. Revise sus pol\u00edticas de privacidad antes de compartir cualquier dato.<\/p>\t\t\t\t\t\t\t\t<\/div>\n\t\t\t\t<div class=\"elementor-element elementor-element-1e7c81e elementor-widget elementor-widget-heading\" data-id=\"1e7c81e\" data-element_type=\"widget\" data-e-type=\"widget\" data-widget_type=\"heading.default\">\n\t\t\t\t\t<h2 class=\"elementor-heading-title elementor-size-default\">Retenci\u00f3n y eliminaci\u00f3n de datos<\/h2>\t\t\t\t<\/div>\n\t\t\t\t<div class=\"elementor-element elementor-element-12785c4 elementor-widget elementor-widget-text-editor\" data-id=\"12785c4\" data-element_type=\"widget\" data-e-type=\"widget\" data-widget_type=\"text-editor.default\">\n\t\t\t\t\t\t\t\t\t<p data-pm-slice=\"1 1 []\">Los datos personales se conservan solo el tiempo necesario. Los usuarios de cuentas activas gestionan sus datos, y las cuentas canceladas se eliminar\u00e1n de conformidad con la legislaci\u00f3n vigente.<\/p>\t\t\t\t\t\t\t\t<\/div>\n\t\t\t\t<div class=\"elementor-element elementor-element-0aafca0 elementor-widget elementor-widget-heading\" data-id=\"0aafca0\" data-element_type=\"widget\" data-e-type=\"widget\" data-widget_type=\"heading.default\">\n\t\t\t\t\t<h2 class=\"elementor-heading-title elementor-size-default\">Derechos de usuario<\/h2>\t\t\t\t<\/div>\n\t\t\t\t<div class=\"elementor-element elementor-element-f1629dd elementor-widget elementor-widget-text-editor\" data-id=\"f1629dd\" data-element_type=\"widget\" data-e-type=\"widget\" data-widget_type=\"text-editor.default\">\n\t\t\t\t\t\t\t\t\t<p data-pm-slice=\"1 3 []\">Usted tiene derecho a:<\/p><ul data-spread=\"false\"><li><p>Acceda a sus datos personales.<\/p><\/li><li><p>Corrija cualquier inexactitud.<\/p><\/li><li><p>Solicitar la eliminaci\u00f3n de datos en circunstancias espec\u00edficas.<\/p><\/li><li><p>Restringir u oponerse al procesamiento de datos.<\/p><\/li><li><p>Retirar el consentimiento en cualquier momento.<\/p><\/li><li><p>Solicitar la portabilidad de datos en formato estructurado.<\/p><\/li><\/ul>\t\t\t\t\t\t\t\t<\/div>\n\t\t\t\t<div class=\"elementor-element elementor-element-93a1aed elementor-widget elementor-widget-heading\" data-id=\"93a1aed\" data-element_type=\"widget\" data-e-type=\"widget\" data-widget_type=\"heading.default\">\n\t\t\t\t\t<h2 class=\"elementor-heading-title elementor-size-default\">Materiales de marketing<\/h2>\t\t\t\t<\/div>\n\t\t\t\t<div class=\"elementor-element elementor-element-e0ebe50 elementor-widget elementor-widget-text-editor\" data-id=\"e0ebe50\" data-element_type=\"widget\" data-e-type=\"widget\" data-widget_type=\"text-editor.default\">\n\t\t\t\t\t\t\t\t\t<p data-pm-slice=\"1 1 []\">Con su consentimiento, utilizamos sus datos personales para enviarle materiales de marketing. Puede revocar este consentimiento en cualquier momento poni\u00e9ndose en contacto con nosotros.<\/p>\t\t\t\t\t\t\t\t<\/div>\n\t\t\t\t<div class=\"elementor-element elementor-element-fdf83f1 elementor-widget elementor-widget-heading\" data-id=\"fdf83f1\" data-element_type=\"widget\" data-e-type=\"widget\" data-widget_type=\"heading.default\">\n\t\t\t\t\t<h2 class=\"elementor-heading-title elementor-size-default\">Aceptaci\u00f3n de esta Pol\u00edtica<\/h2>\t\t\t\t<\/div>\n\t\t\t\t<div class=\"elementor-element elementor-element-440692b elementor-widget elementor-widget-text-editor\" data-id=\"440692b\" data-element_type=\"widget\" data-e-type=\"widget\" data-widget_type=\"text-editor.default\">\n\t\t\t\t\t\t\t\t\t<p data-pm-slice=\"1 1 []\">Mediante el uso <strong>Quantum Prime Profit<\/strong>\u00a0Al usar el sitio web o los servicios, usted acepta esta Pol\u00edtica de privacidad. El uso continuado despu\u00e9s de las actualizaciones implica la aceptaci\u00f3n de cualquier cambio.<\/p>\t\t\t\t\t\t\t\t<\/div>\n\t\t\t\t<div class=\"elementor-element elementor-element-b017b81 elementor-widget elementor-widget-heading\" data-id=\"b017b81\" data-element_type=\"widget\" data-e-type=\"widget\" data-widget_type=\"heading.default\">\n\t\t\t\t\t<h2 class=\"elementor-heading-title elementor-size-default\">Contacta con nosotras<\/h2>\t\t\t\t<\/div>\n\t\t\t\t<div class=\"elementor-element elementor-element-3a87c99 elementor-widget elementor-widget-text-editor\" data-id=\"3a87c99\" data-element_type=\"widget\" data-e-type=\"widget\" data-widget_type=\"text-editor.default\">\n\t\t\t\t\t\t\t\t\t<p data-pm-slice=\"1 1 []\">Si tiene alguna pregunta, inquietud o consulta sobre esta Pol\u00edtica de Privacidad o sobre c\u00f3mo gestionamos su informaci\u00f3n, no dude en contactarnos. Puede contactar con nuestro equipo de soporte en [Insert address missing]. Si tiene alguna pregunta, inquietud o consulta sobre esta Pol\u00edtica de Privacidad o sobre c\u00f3mo gestionamos su informaci\u00f3n, no dude en contactarnos. Puede contactar con nuestro equipo de soporte en [Insert address missing]. <strong><a href=\"mailto:support@quantum-primeprofit.net\">support@quantum-primeprofit.net<\/a><\/strong><\/p>\t\t\t\t\t\t\t\t<\/div>\n\t\t\t\t\t<\/div>\n\t\t\t\t<\/div>\n\t\t\t\t<\/div>","protected":false},"excerpt":{"rendered":"<p>Privacy Policy At Quantum Prime Profit\u00a0your privacy is our priority. Personal data is retained only as long as necessary, and users with active accounts are responsible for managing their information. Upon account termination, related data will be deleted in accordance with applicable laws and policies. Introduction This Privacy Policy outlines how Quantum Prime Profit\u00a0(\u201cwe,\u201d \u201cus,\u201d [&hellip;]<\/p>\n","protected":false},"author":1,"featured_media":0,"parent":0,"menu_order":0,"comment_status":"closed","ping_status":"closed","template":"","meta":{"footnotes":""},"class_list":["post-20","page","type-page","status-publish","hentry"],"_links":{"self":[{"href":"https:\/\/quantum-primeprofit.net\/es_mx\/wp-json\/wp\/v2\/pages\/20","targetHints":{"allow":["GET"]}}],"collection":[{"href":"https:\/\/quantum-primeprofit.net\/es_mx\/wp-json\/wp\/v2\/pages"}],"about":[{"href":"https:\/\/quantum-primeprofit.net\/es_mx\/wp-json\/wp\/v2\/types\/page"}],"author":[{"embeddable":true,"href":"https:\/\/quantum-primeprofit.net\/es_mx\/wp-json\/wp\/v2\/users\/1"}],"replies":[{"embeddable":true,"href":"https:\/\/quantum-primeprofit.net\/es_mx\/wp-json\/wp\/v2\/comments?post=20"}],"version-history":[{"count":34,"href":"https:\/\/quantum-primeprofit.net\/es_mx\/wp-json\/wp\/v2\/pages\/20\/revisions"}],"predecessor-version":[{"id":670,"href":"https:\/\/quantum-primeprofit.net\/es_mx\/wp-json\/wp\/v2\/pages\/20\/revisions\/670"}],"wp:attachment":[{"href":"https:\/\/quantum-primeprofit.net\/es_mx\/wp-json\/wp\/v2\/media?parent=20"}],"curies":[{"name":"wp","href":"https:\/\/api.w.org\/{rel}","templated":true}]}}