{"id":775,"date":"2025-12-26T07:32:58","date_gmt":"2025-12-26T07:32:58","guid":{"rendered":"https:\/\/quantum-primeprofit.net\/?page_id=775"},"modified":"2025-12-26T10:19:45","modified_gmt":"2025-12-26T10:19:45","slug":"descargo-de-responsabilidad","status":"publish","type":"page","link":"https:\/\/quantum-primeprofit.net\/es_mx\/disclaimer\/","title":{"rendered":"Descargo de responsabilidad"},"content":{"rendered":"<div data-elementor-type=\"wp-page\" data-elementor-id=\"775\" class=\"elementor elementor-775\" data-elementor-post-type=\"page\">\n\t\t\t\t<div class=\"elementor-element elementor-element-63fd79a e-flex e-con-boxed e-con e-parent\" data-id=\"63fd79a\" data-element_type=\"container\" data-e-type=\"container\" data-settings=\"{&quot;background_background&quot;:&quot;classic&quot;}\">\n\t\t\t\t\t<div class=\"e-con-inner\">\n\t\t\t\t<div class=\"elementor-element elementor-element-3498db7 elementor-widget elementor-widget-heading\" data-id=\"3498db7\" data-element_type=\"widget\" data-e-type=\"widget\" data-widget_type=\"heading.default\">\n\t\t\t\t\t<h1 class=\"elementor-heading-title elementor-size-default\">Descargo de responsabilidad<\/h1>\t\t\t\t<\/div>\n\t\t\t\t\t<\/div>\n\t\t\t\t<\/div>\n\t\t<div class=\"elementor-element elementor-element-f8d8a62 e-flex e-con-boxed e-con e-parent\" data-id=\"f8d8a62\" data-element_type=\"container\" data-e-type=\"container\" data-settings=\"{&quot;background_background&quot;:&quot;gradient&quot;}\">\n\t\t\t\t\t<div class=\"e-con-inner\">\n\t\t\t\t<div class=\"elementor-element elementor-element-b9ee973 elementor-widget elementor-widget-text-editor\" data-id=\"b9ee973\" data-element_type=\"widget\" data-e-type=\"widget\" data-widget_type=\"text-editor.default\">\n\t\t\t\t\t\t\t\t\t<p class=\"translation-block\">La informaci\u00f3n proporcionada por Quantum Prime Profit, sus afiliados, colaboradores, autores o socios (colectivamente, \u201cnosotros\u201d, \u201cnos\u201d o \u201cnuestro\u201d) en este sitio web es solo para fines informativos y educativos generales.<\/p>\t\t\t\t\t\t\t\t<\/div>\n\t\t\t\t<div class=\"elementor-element elementor-element-202bc2c elementor-widget elementor-widget-heading\" data-id=\"202bc2c\" data-element_type=\"widget\" data-e-type=\"widget\" data-widget_type=\"heading.default\">\n\t\t\t\t\t<h2 class=\"elementor-heading-title elementor-size-default\">Sin asesoramiento financiero<\/h2>\t\t\t\t<\/div>\n\t\t\t\t<div class=\"elementor-element elementor-element-ff4acec elementor-widget elementor-widget-text-editor\" data-id=\"ff4acec\" data-element_type=\"widget\" data-e-type=\"widget\" data-widget_type=\"text-editor.default\">\n\t\t\t\t\t\t\t\t\t<p>El contenido de este sitio web, que incluye, entre otros, art\u00edculos, videos, an\u00e1lisis, datos de mercado, gr\u00e1ficos, se\u00f1ales, herramientas y material educativo, no constituye asesoramiento financiero, de inversi\u00f3n, legal, fiscal ni de ning\u00fan otro tipo. Nada de lo contenido en este sitio constituye una recomendaci\u00f3n, solicitud, oferta o respaldo para comprar, vender, mantener o negociar ning\u00fan instrumento financiero, valor, materia prima, divisa, activo digital o producto de inversi\u00f3n.<\/p>\t\t\t\t\t\t\t\t<\/div>\n\t\t\t\t<div class=\"elementor-element elementor-element-a1e79ef elementor-widget elementor-widget-heading\" data-id=\"a1e79ef\" data-element_type=\"widget\" data-e-type=\"widget\" data-widget_type=\"heading.default\">\n\t\t\t\t\t<h2 class=\"elementor-heading-title elementor-size-default\">Reconocimiento de riesgos<\/h2>\t\t\t\t<\/div>\n\t\t\t\t<div class=\"elementor-element elementor-element-9e79f58 elementor-widget elementor-widget-text-editor\" data-id=\"9e79f58\" data-element_type=\"widget\" data-e-type=\"widget\" data-widget_type=\"text-editor.default\">\n\t\t\t\t\t\t\t\t\t<p>Operar en los mercados financieros, incluyendo divisas (FX), contratos por diferencia (CFD), criptomonedas, acciones, \u00edndices y otros derivados, conlleva un riesgo significativo y no es adecuado para todos los inversores. El rendimiento pasado no garantiza resultados futuros. Debe evaluar cuidadosamente su situaci\u00f3n financiera y su tolerancia al riesgo antes de realizar cualquier actividad de trading o inversi\u00f3n.<\/p>\t\t\t\t\t\t\t\t<\/div>\n\t\t\t\t<div class=\"elementor-element elementor-element-7484589 elementor-widget elementor-widget-heading\" data-id=\"7484589\" data-element_type=\"widget\" data-e-type=\"widget\" data-widget_type=\"heading.default\">\n\t\t\t\t\t<h2 class=\"elementor-heading-title elementor-size-default\">Sin responsabilidad<\/h2>\t\t\t\t<\/div>\n\t\t\t\t<div class=\"elementor-element elementor-element-b51e68b elementor-widget elementor-widget-text-editor\" data-id=\"b51e68b\" data-element_type=\"widget\" data-e-type=\"widget\" data-widget_type=\"text-editor.default\">\n\t\t\t\t\t\t\t\t\t<p>No ofrecemos garant\u00edas sobre la exactitud, fiabilidad, actualidad, integridad ni idoneidad de la informaci\u00f3n contenida en este sitio web. Al utilizar este sitio, usted acepta expresamente que:<\/p><ul><li><p><strong>Quantum Prime Profit<\/strong>, sus propietarios, empleados, contratistas, funcionarios y socios son <strong>No somos responsables de ninguna p\u00e9rdida, da\u00f1o, costo o gasto.<\/strong>\u00a0que surja directa o indirectamente de su uso de este sitio o de su confianza en su contenido;<\/p><\/li><li><p>Usted asume toda la responsabilidad por sus decisiones, operaciones, estrategias y resultados.<\/p><\/li><\/ul>\t\t\t\t\t\t\t\t<\/div>\n\t\t\t\t<div class=\"elementor-element elementor-element-79e1737 elementor-widget elementor-widget-heading\" data-id=\"79e1737\" data-element_type=\"widget\" data-e-type=\"widget\" data-widget_type=\"heading.default\">\n\t\t\t\t\t<h2 class=\"elementor-heading-title elementor-size-default\">Verificaci\u00f3n independiente<\/h2>\t\t\t\t<\/div>\n\t\t\t\t<div class=\"elementor-element elementor-element-4b00ab0 elementor-widget elementor-widget-text-editor\" data-id=\"4b00ab0\" data-element_type=\"widget\" data-e-type=\"widget\" data-widget_type=\"text-editor.default\">\n\t\t\t\t\t\t\t\t\tDebe verificar de forma independiente toda la informaci\u00f3n antes de actuar. Esto incluye consultar con un profesional financiero, fiscal o legal autorizado, cuando corresponda.\t\t\t\t\t\t\t\t<\/div>\n\t\t\t\t<div class=\"elementor-element elementor-element-2592262 elementor-widget elementor-widget-heading\" data-id=\"2592262\" data-element_type=\"widget\" data-e-type=\"widget\" data-widget_type=\"heading.default\">\n\t\t\t\t\t<h2 class=\"elementor-heading-title elementor-size-default\">Sin garant\u00edas\n<\/h2>\t\t\t\t<\/div>\n\t\t\t\t<div class=\"elementor-element elementor-element-76f8f8e elementor-widget elementor-widget-text-editor\" data-id=\"76f8f8e\" data-element_type=\"widget\" data-e-type=\"widget\" data-widget_type=\"text-editor.default\">\n\t\t\t\t\t\t\t\t\t<p>No garantizamos las ganancias, la exactitud de los datos, la integridad del contenido ni el acceso ininterrumpido al sitio. Podr\u00edan producirse problemas t\u00e9cnicos, errores, omisiones e informaci\u00f3n desactualizada.<\/p>\t\t\t\t\t\t\t\t<\/div>\n\t\t\t\t<div class=\"elementor-element elementor-element-02f8ae1 elementor-widget elementor-widget-heading\" data-id=\"02f8ae1\" data-element_type=\"widget\" data-e-type=\"widget\" data-widget_type=\"heading.default\">\n\t\t\t\t\t<h2 class=\"elementor-heading-title elementor-size-default\">Enlaces externos\n<\/h2>\t\t\t\t<\/div>\n\t\t\t\t<div class=\"elementor-element elementor-element-6cc6206 elementor-widget elementor-widget-text-editor\" data-id=\"6cc6206\" data-element_type=\"widget\" data-e-type=\"widget\" data-widget_type=\"text-editor.default\">\n\t\t\t\t\t\t\t\t\t<p><strong>Quantum Prime Profit<\/strong> Puede enlazar a sitios web, herramientas o servicios de terceros (\u00abSitios Externos\u00bb). Estos enlaces se proporcionan \u00fanicamente para su comodidad. No respaldamos ni nos responsabilizamos del contenido, la precisi\u00f3n ni las pr\u00e1cticas de ning\u00fan Sitio Externo.<\/p>\t\t\t\t\t\t\t\t<\/div>\n\t\t\t\t<div class=\"elementor-element elementor-element-0bc3b42 elementor-widget elementor-widget-heading\" data-id=\"0bc3b42\" data-element_type=\"widget\" data-e-type=\"widget\" data-widget_type=\"heading.default\">\n\t\t\t\t\t<h2 class=\"elementor-heading-title elementor-size-default\">Su responsabilidad<\/h2>\t\t\t\t<\/div>\n\t\t\t\t<div class=\"elementor-element elementor-element-5ab2993 elementor-widget elementor-widget-text-editor\" data-id=\"5ab2993\" data-element_type=\"widget\" data-e-type=\"widget\" data-widget_type=\"text-editor.default\">\n\t\t\t\t\t\t\t\t\t<p>Al acceder o utilizar este sitio web, usted acepta que todas las decisiones de inversi\u00f3n se toman bajo su propio riesgo. Usted exime expresamente a quantum-primeprofit.net de toda responsabilidad por cualquier p\u00e9rdida o da\u00f1o directo o indirecto que sufra.<\/p>\n<p>Si no est\u00e1 de acuerdo con alguna parte de este descargo de responsabilidad, deber\u00e1 dejar de usar este sitio web inmediatamente.<\/p>\t\t\t\t\t\t\t\t<\/div>\n\t\t\t\t\t<\/div>\n\t\t\t\t<\/div>\n\t\t\t\t<\/div>","protected":false},"excerpt":{"rendered":"<p>Disclaimer The information provided by Quantum Prime Profit, its affiliates, contributors, authors, or partners (collectively, \u201cwe\u201d, \u201cus\u201d, or \u201cour\u201d) on this website is for general informational and educational purposes only. No Financial Advice The content on this website \u2014 including but not limited to articles, videos, analysis, market data, charts, signals, tools, and educational material [&hellip;]<\/p>\n","protected":false},"author":1,"featured_media":0,"parent":0,"menu_order":0,"comment_status":"closed","ping_status":"closed","template":"elementor_header_footer","meta":{"footnotes":""},"class_list":["post-775","page","type-page","status-publish","hentry"],"_links":{"self":[{"href":"https:\/\/quantum-primeprofit.net\/es_mx\/wp-json\/wp\/v2\/pages\/775","targetHints":{"allow":["GET"]}}],"collection":[{"href":"https:\/\/quantum-primeprofit.net\/es_mx\/wp-json\/wp\/v2\/pages"}],"about":[{"href":"https:\/\/quantum-primeprofit.net\/es_mx\/wp-json\/wp\/v2\/types\/page"}],"author":[{"embeddable":true,"href":"https:\/\/quantum-primeprofit.net\/es_mx\/wp-json\/wp\/v2\/users\/1"}],"replies":[{"embeddable":true,"href":"https:\/\/quantum-primeprofit.net\/es_mx\/wp-json\/wp\/v2\/comments?post=775"}],"version-history":[{"count":13,"href":"https:\/\/quantum-primeprofit.net\/es_mx\/wp-json\/wp\/v2\/pages\/775\/revisions"}],"predecessor-version":[{"id":791,"href":"https:\/\/quantum-primeprofit.net\/es_mx\/wp-json\/wp\/v2\/pages\/775\/revisions\/791"}],"wp:attachment":[{"href":"https:\/\/quantum-primeprofit.net\/es_mx\/wp-json\/wp\/v2\/media?parent=775"}],"curies":[{"name":"wp","href":"https:\/\/api.w.org\/{rel}","templated":true}]}}