{"id":96,"date":"2025-07-08T08:39:12","date_gmt":"2025-07-08T08:39:12","guid":{"rendered":"https:\/\/quantum-primeprofit.net\/?page_id=96"},"modified":"2025-07-23T10:05:09","modified_gmt":"2025-07-23T10:05:09","slug":"descargar-la-aplicacion-de-amazon","status":"publish","type":"page","link":"https:\/\/quantum-primeprofit.net\/es_mx\/download-amazon-app\/","title":{"rendered":"Descargar la aplicaci\u00f3n de Amazon"},"content":{"rendered":"<div data-elementor-type=\"wp-page\" data-elementor-id=\"96\" class=\"elementor elementor-96\" data-elementor-post-type=\"page\">\n\t\t\t\t<div class=\"elementor-element elementor-element-46f95f2 e-flex e-con-boxed e-con e-parent\" data-id=\"46f95f2\" data-element_type=\"container\" data-e-type=\"container\" data-settings=\"{&quot;background_background&quot;:&quot;gradient&quot;}\">\n\t\t\t\t\t<div class=\"e-con-inner\">\n\t\t<div class=\"elementor-element elementor-element-3c0e627 e-con-full e-flex e-con e-child\" data-id=\"3c0e627\" data-element_type=\"container\" data-e-type=\"container\">\n\t\t\t\t<div class=\"elementor-element elementor-element-0f6f52e elementor-widget elementor-widget-heading\" data-id=\"0f6f52e\" data-element_type=\"widget\" data-e-type=\"widget\" data-widget_type=\"heading.default\">\n\t\t\t\t\t<h2 class=\"elementor-heading-title elementor-size-default\">C\u00f3mo instalar una aplicaci\u00f3n de AWS Appstore en un tel\u00e9fono Android<\/h2>\t\t\t\t<\/div>\n\t\t\t\t<div class=\"elementor-element elementor-element-87ed816 elementor-widget elementor-widget-text-editor\" data-id=\"87ed816\" data-element_type=\"widget\" data-e-type=\"widget\" data-widget_type=\"text-editor.default\">\n\t\t\t\t\t\t\t\t\t<ol><li>Instalar la Amazon AppStore.<\/li><li>Cree una cuenta e inicie sesi\u00f3n en Amazon AppStore.<\/li><li>Busque la aplicaci\u00f3n \u201cQuantum Prime Profit\u201d y haga clic <a href=\"https:\/\/www.amazon.com\/gp\/product\/B0DPQMLJRX\" target=\"_blank\" rel=\"noopener\">Obtener la aplicaci\u00f3n<\/a>.<\/li><li>Instalar y utilizar la aplicaci\u00f3n.<\/li><\/ol>\t\t\t\t\t\t\t\t<\/div>\n\t\t\t\t<\/div>\n\t\t<div class=\"elementor-element elementor-element-7cb465e e-con-full e-flex e-con e-child\" data-id=\"7cb465e\" data-element_type=\"container\" data-e-type=\"container\">\n\t\t\t\t<div class=\"elementor-element elementor-element-1fe9837 elementor-widget__width-initial elementor-widget-tablet__width-initial elementor-widget-mobile__width-initial elementor-widget elementor-widget-image\" data-id=\"1fe9837\" data-element_type=\"widget\" data-e-type=\"widget\" data-widget_type=\"image.default\">\n\t\t\t\t\t\t\t\t\t\t\t\t\t\t\t<img fetchpriority=\"high\" decoding=\"async\" width=\"517\" height=\"1024\" src=\"https:\/\/quantum-primeprofit.net\/wp-content\/uploads\/2025\/07\/Screenshot-Quamtu-prime-profit-517x1024.webp\" class=\"attachment-large size-large wp-image-567\" alt=\"\" srcset=\"https:\/\/quantum-primeprofit.net\/wp-content\/uploads\/2025\/07\/Screenshot-Quamtu-prime-profit-517x1024.webp 517w, https:\/\/quantum-primeprofit.net\/wp-content\/uploads\/2025\/07\/Screenshot-Quamtu-prime-profit-152x300.webp 152w, https:\/\/quantum-primeprofit.net\/wp-content\/uploads\/2025\/07\/Screenshot-Quamtu-prime-profit-768x1520.webp 768w, https:\/\/quantum-primeprofit.net\/wp-content\/uploads\/2025\/07\/Screenshot-Quamtu-prime-profit-776x1536.webp 776w, https:\/\/quantum-primeprofit.net\/wp-content\/uploads\/2025\/07\/Screenshot-Quamtu-prime-profit-1035x2048.webp 1035w, https:\/\/quantum-primeprofit.net\/wp-content\/uploads\/2025\/07\/Screenshot-Quamtu-prime-profit-6x12.webp 6w, https:\/\/quantum-primeprofit.net\/wp-content\/uploads\/2025\/07\/Screenshot-Quamtu-prime-profit-scaled.webp 1294w\" sizes=\"(max-width: 517px) 100vw, 517px\" \/>\t\t\t\t\t\t\t\t\t\t\t\t\t\t\t<\/div>\n\t\t\t\t<\/div>\n\t\t\t\t\t<\/div>\n\t\t\t\t<\/div>\n\t\t\t\t<\/div>","protected":false},"excerpt":{"rendered":"<p>How to install app from AWS Appstore to android Phone Install the Amazon AppStore. Create account and login to Amazon AppStore. Search for app \u201cQuantum Prime Profit\u201d and click Get App. Install and use App.<\/p>","protected":false},"author":1,"featured_media":0,"parent":0,"menu_order":0,"comment_status":"closed","ping_status":"closed","template":"","meta":{"footnotes":""},"class_list":["post-96","page","type-page","status-publish","hentry"],"_links":{"self":[{"href":"https:\/\/quantum-primeprofit.net\/es_mx\/wp-json\/wp\/v2\/pages\/96","targetHints":{"allow":["GET"]}}],"collection":[{"href":"https:\/\/quantum-primeprofit.net\/es_mx\/wp-json\/wp\/v2\/pages"}],"about":[{"href":"https:\/\/quantum-primeprofit.net\/es_mx\/wp-json\/wp\/v2\/types\/page"}],"author":[{"embeddable":true,"href":"https:\/\/quantum-primeprofit.net\/es_mx\/wp-json\/wp\/v2\/users\/1"}],"replies":[{"embeddable":true,"href":"https:\/\/quantum-primeprofit.net\/es_mx\/wp-json\/wp\/v2\/comments?post=96"}],"version-history":[{"count":25,"href":"https:\/\/quantum-primeprofit.net\/es_mx\/wp-json\/wp\/v2\/pages\/96\/revisions"}],"predecessor-version":[{"id":676,"href":"https:\/\/quantum-primeprofit.net\/es_mx\/wp-json\/wp\/v2\/pages\/96\/revisions\/676"}],"wp:attachment":[{"href":"https:\/\/quantum-primeprofit.net\/es_mx\/wp-json\/wp\/v2\/media?parent=96"}],"curies":[{"name":"wp","href":"https:\/\/api.w.org\/{rel}","templated":true}]}}