{"id":20,"date":"2025-07-08T07:29:53","date_gmt":"2025-07-08T07:29:53","guid":{"rendered":"https:\/\/quantum-primeprofit.net\/?page_id=20"},"modified":"2025-07-23T09:57:29","modified_gmt":"2025-07-23T09:57:29","slug":"adatvedelmi-iranyelvek","status":"publish","type":"page","link":"https:\/\/quantum-primeprofit.net\/hu\/privacy-policy\/","title":{"rendered":"Adatv\u00e9delmi ir\u00e1nyelvek"},"content":{"rendered":"<div data-elementor-type=\"wp-page\" data-elementor-id=\"20\" class=\"elementor elementor-20\" data-elementor-post-type=\"page\">\n\t\t\t\t<div class=\"elementor-element elementor-element-2cbab67 e-flex e-con-boxed e-con e-parent\" data-id=\"2cbab67\" data-element_type=\"container\" data-e-type=\"container\" data-settings=\"{&quot;background_background&quot;:&quot;classic&quot;}\">\n\t\t\t\t\t<div class=\"e-con-inner\">\n\t\t\t\t<div class=\"elementor-element elementor-element-5eb20c9 elementor-widget elementor-widget-heading\" data-id=\"5eb20c9\" data-element_type=\"widget\" data-e-type=\"widget\" data-widget_type=\"heading.default\">\n\t\t\t\t\t<h1 class=\"elementor-heading-title elementor-size-default\">Adatv\u00e9delmi ir\u00e1nyelvek<\/h1>\t\t\t\t<\/div>\n\t\t\t\t\t<\/div>\n\t\t\t\t<\/div>\n\t\t<div class=\"elementor-element elementor-element-dc91a14 e-flex e-con-boxed e-con e-parent\" data-id=\"dc91a14\" data-element_type=\"container\" data-e-type=\"container\" data-settings=\"{&quot;background_background&quot;:&quot;gradient&quot;}\">\n\t\t\t\t\t<div class=\"e-con-inner\">\n\t\t\t\t<div class=\"elementor-element elementor-element-9a517ce elementor-widget elementor-widget-text-editor\" data-id=\"9a517ce\" data-element_type=\"widget\" data-e-type=\"widget\" data-widget_type=\"text-editor.default\">\n\t\t\t\t\t\t\t\t\t<p>At <strong>Quantum Prime Profit\u00a0<\/strong>Az \u00d6n adatainak v\u00e9delme a legfontosabb sz\u00e1munkra. A szem\u00e9lyes adatokat csak a sz\u00fcks\u00e9ges ideig \u0151rizz\u00fck meg, \u00e9s az akt\u00edv fi\u00f3kkal rendelkez\u0151 felhaszn\u00e1l\u00f3k felel\u0151sek adataik kezel\u00e9s\u00e9\u00e9rt. Fi\u00f3k megsz\u00fcntet\u00e9sekor a kapcsol\u00f3d\u00f3 adatokat a vonatkoz\u00f3 t\u00f6rv\u00e9nyeknek \u00e9s szab\u00e1lyzatoknak megfelel\u0151en t\u00f6r\u00f6lj\u00fck.<\/p>\t\t\t\t\t\t\t\t<\/div>\n\t\t\t\t<div class=\"elementor-element elementor-element-d2f0b8f elementor-widget elementor-widget-heading\" data-id=\"d2f0b8f\" data-element_type=\"widget\" data-e-type=\"widget\" data-widget_type=\"heading.default\">\n\t\t\t\t\t<h2 class=\"elementor-heading-title elementor-size-default\">Bevezet\u00e9s<\/h2>\t\t\t\t<\/div>\n\t\t\t\t<div class=\"elementor-element elementor-element-95d5d3b elementor-widget elementor-widget-text-editor\" data-id=\"95d5d3b\" data-element_type=\"widget\" data-e-type=\"widget\" data-widget_type=\"text-editor.default\">\n\t\t\t\t\t\t\t\t\t<p data-pm-slice=\"1 1 []\">Ez az adatv\u00e9delmi ir\u00e1nyelv felv\u00e1zolja, hogyan <strong>Quantum Prime Profit<\/strong>\u00a0(\u201emi\u201d, \u201eminket\u201d vagy \u201emi\u00e9nk\u201d) gy\u0171jti, haszn\u00e1lja \u00e9s v\u00e9di a weboldalunkon (\u201eWeboldal\u201d) \u00e9s szolg\u00e1ltat\u00e1sainkon (\u201eSzolg\u00e1ltat\u00e1sok\u201d) kereszt\u00fcl gy\u0171jt\u00f6tt inform\u00e1ci\u00f3kat. Szem\u00e9lyes adatainak v\u00e9delme rendk\u00edv\u00fcl fontos sz\u00e1munkra.<\/p><p>B\u00e1r weboldalunk tartalmazhat harmadik f\u00e9l webhelyeire mutat\u00f3 linkeket, nem v\u00e1llalunk felel\u0151ss\u00e9get az \u0151 adatv\u00e9delmi gyakorlatuk\u00e9rt. K\u00e9rj\u00fck, tekintse \u00e1t az ir\u00e1nyelveiket, miel\u0151tt b\u00e1rmilyen adatot megadna. Szigor\u00fa biztons\u00e1gi \u00e9s szervez\u00e9si int\u00e9zked\u00e9seket vezet\u00fcnk be a felhaszn\u00e1l\u00f3k \u00e1ltal megadott szem\u00e9lyes adatok v\u00e9delme \u00e9rdek\u00e9ben.<\/p><p>Weboldalunk haszn\u00e1lat\u00e1hoz sz\u00fcks\u00e9g lehet olyan inform\u00e1ci\u00f3k megad\u00e1s\u00e1ra, mint a neve, e-mail c\u00edme, telefonsz\u00e1ma \u00e9s egy\u00e9b adatai. Ezek az adatok seg\u00edtenek nek\u00fcnk szem\u00e9lyazonoss\u00e1g\u00e1nak ellen\u0151rz\u00e9s\u00e9ben, t\u00e1mogat\u00e1s ny\u00fajt\u00e1s\u00e1ban \u00e9s jogi k\u00f6telezetts\u00e9gek teljes\u00edt\u00e9s\u00e9ben. Be\u00e1ll\u00edt\u00e1sait b\u00e1rmikor kezelheti, vagy leiratkozhat a kommunik\u00e1ci\u00f3r\u00f3l.<\/p>\t\t\t\t\t\t\t\t<\/div>\n\t\t\t\t<div class=\"elementor-element elementor-element-e6b3134 elementor-widget elementor-widget-heading\" data-id=\"e6b3134\" data-element_type=\"widget\" data-e-type=\"widget\" data-widget_type=\"heading.default\">\n\t\t\t\t\t<h2 class=\"elementor-heading-title elementor-size-default\">\u00c1ltalunk gy\u0171jt\u00f6tt inform\u00e1ci\u00f3k<\/h2>\t\t\t\t<\/div>\n\t\t\t\t<div class=\"elementor-element elementor-element-a7edafa elementor-widget elementor-widget-text-editor\" data-id=\"a7edafa\" data-element_type=\"widget\" data-e-type=\"widget\" data-widget_type=\"text-editor.default\">\n\t\t\t\t\t\t\t\t\t<p data-pm-slice=\"1 1 []\">Az \u00d6n \u00e1ltal megadott szem\u00e9lyes adatokat gy\u0171jtj\u00fck, bele\u00e9rtve a nev\u00e9t, e-mail c\u00edm\u00e9t, telefonsz\u00e1m\u00e1t \u00e9s az \u0171rlapokon vagy k\u00f6zvetlen kommunik\u00e1ci\u00f3n kereszt\u00fcl megosztott tov\u00e1bbi adatokat. Fi\u00f3k regisztr\u00e1l\u00e1sakor k\u00e9rhetj\u00fck a c\u00e9g nev\u00e9t, c\u00edm\u00e9t \u00e9s egy\u00e9b el\u00e9rhet\u0151s\u00e9geit is.<\/p>\t\t\t\t\t\t\t\t<\/div>\n\t\t\t\t<div class=\"elementor-element elementor-element-abf4ffd elementor-widget elementor-widget-heading\" data-id=\"abf4ffd\" data-element_type=\"widget\" data-e-type=\"widget\" data-widget_type=\"heading.default\">\n\t\t\t\t\t<h2 class=\"elementor-heading-title elementor-size-default\">Adatgy\u0171jt\u00e9s \u00e9s -felhaszn\u00e1l\u00e1s<\/h2>\t\t\t\t<\/div>\n\t\t\t\t<div class=\"elementor-element elementor-element-2f25ea4 elementor-widget elementor-widget-text-editor\" data-id=\"2f25ea4\" data-element_type=\"widget\" data-e-type=\"widget\" data-widget_type=\"text-editor.default\">\n\t\t\t\t\t\t\t\t\t<p data-pm-slice=\"1 3 []\">Haszn\u00e1lat\u00e1val <strong>Quantum Prime Profit<\/strong>\u00a0\u00d6n hozz\u00e1j\u00e1rul szem\u00e9lyes adatainak gy\u0171jt\u00e9s\u00e9hez \u00e9s feldolgoz\u00e1s\u00e1hoz, bele\u00e9rtve a s\u00fctiket \u00e9s az \u0171rlapbek\u00fcld\u00e9seket. Ezeket az adatokat weboldalunk fejleszt\u00e9s\u00e9re, szolg\u00e1ltat\u00e1saink testreszab\u00e1s\u00e1ra, valamint szerz\u0151d\u00e9ses vagy jogi k\u00f6telezetts\u00e9gek teljes\u00edt\u00e9s\u00e9re haszn\u00e1ljuk fel.<\/p><ul data-spread=\"false\"><li><p><strong>Fi\u00f3k regisztr\u00e1ci\u00f3ja:<\/strong>\u00a0Az \u00d6n hozz\u00e1j\u00e1rul\u00e1sa vagy szerz\u0151d\u00e9ses ig\u00e9nye alapj\u00e1n.<\/p><\/li><li><p><strong>Szolg\u00e1ltat\u00e1sny\u00fajt\u00e1s:<\/strong>\u00a0Szerz\u0151d\u00e9sek teljes\u00edt\u00e9se \u00e9s szolg\u00e1ltat\u00e1sok ny\u00fajt\u00e1sa.<\/p><\/li><li><p><strong>T\u00e1mogat\u00e1s \u00e9s kommunik\u00e1ci\u00f3:<\/strong>\u00a0Jogos \u00e9rdekekb\u0151l vagy jogszab\u00e1lyi megfelel\u00e9s c\u00e9lj\u00e1b\u00f3l.<\/p><\/li><li><p><strong>Marketing:<\/strong>\u00a0Az \u00d6n kifejezett hozz\u00e1j\u00e1rul\u00e1s\u00e1val.<\/p><\/li><li><p><strong>Fejleszt\u00e9s \u00e9s elemz\u00e9s:<\/strong>\u00a0Jogos \u00e9rdekekb\u0151l vagy az \u00d6n hozz\u00e1j\u00e1rul\u00e1s\u00e1n alapulva.<\/p><\/li><\/ul>\t\t\t\t\t\t\t\t<\/div>\n\t\t\t\t<div class=\"elementor-element elementor-element-03ad890 elementor-widget elementor-widget-heading\" data-id=\"03ad890\" data-element_type=\"widget\" data-e-type=\"widget\" data-widget_type=\"heading.default\">\n\t\t\t\t\t<h2 class=\"elementor-heading-title elementor-size-default\">Adatmegoszt\u00e1s<\/h2>\t\t\t\t<\/div>\n\t\t\t\t<div class=\"elementor-element elementor-element-c106a5d elementor-widget elementor-widget-text-editor\" data-id=\"c106a5d\" data-element_type=\"widget\" data-e-type=\"widget\" data-widget_type=\"text-editor.default\">\n\t\t\t\t\t\t\t\t\t<p data-pm-slice=\"1 1 []\">Megoszthatjuk adatait megb\u00edzhat\u00f3 partnerekkel \u00e9s sz\u00e1ll\u00edt\u00f3kkal weboldalunk \u00e9s szolg\u00e1ltat\u00e1saink fejleszt\u00e9se \u00e9rdek\u00e9ben. Az EU-ban \u00e9l\u0151 felhaszn\u00e1l\u00f3k eset\u00e9ben az adatfeldolgoz\u00e1s megfelel a GDPR-nak \u00e9s m\u00e1s vonatkoz\u00f3 el\u0151\u00edr\u00e1soknak.<\/p>\t\t\t\t\t\t\t\t<\/div>\n\t\t\t\t<div class=\"elementor-element elementor-element-538bbb2 elementor-widget elementor-widget-heading\" data-id=\"538bbb2\" data-element_type=\"widget\" data-e-type=\"widget\" data-widget_type=\"heading.default\">\n\t\t\t\t\t<h2 class=\"elementor-heading-title elementor-size-default\">Biztons\u00e1g<\/h2>\t\t\t\t<\/div>\n\t\t\t\t<div class=\"elementor-element elementor-element-b50a2c4 elementor-widget elementor-widget-text-editor\" data-id=\"b50a2c4\" data-element_type=\"widget\" data-e-type=\"widget\" data-widget_type=\"text-editor.default\">\n\t\t\t\t\t\t\t\t\t<p data-pm-slice=\"1 1 []\">Hat\u00e1rozott int\u00e9zked\u00e9seket alkalmazunk szem\u00e9lyes adatainak jogosulatlan hozz\u00e1f\u00e9r\u00e9ssel vagy vissza\u00e9l\u00e9ssel szembeni v\u00e9delme \u00e9rdek\u00e9ben. Azonban egyetlen rendszer sem teljesen immunis a biztons\u00e1gi r\u00e9sekkel szemben. Azonnal \u00e9rtes\u00edtsen minket, ha b\u00e1rmilyen adatsziv\u00e1rg\u00e1s gyan\u00faja mer\u00fcl fel.<\/p>\t\t\t\t\t\t\t\t<\/div>\n\t\t\t\t<div class=\"elementor-element elementor-element-86d06cc elementor-widget elementor-widget-heading\" data-id=\"86d06cc\" data-element_type=\"widget\" data-e-type=\"widget\" data-widget_type=\"heading.default\">\n\t\t\t\t\t<h2 class=\"elementor-heading-title elementor-size-default\">S\u00fctik<\/h2>\t\t\t\t<\/div>\n\t\t\t\t<div class=\"elementor-element elementor-element-aac2f73 elementor-widget elementor-widget-text-editor\" data-id=\"aac2f73\" data-element_type=\"widget\" data-e-type=\"widget\" data-widget_type=\"text-editor.default\">\n\t\t\t\t\t\t\t\t\t<p data-pm-slice=\"1 1 []\">Weboldalunk s\u00fctiket haszn\u00e1l a felhaszn\u00e1l\u00f3i \u00e9lm\u00e9ny jav\u00edt\u00e1sa \u00e9rdek\u00e9ben. A s\u00fctik haszn\u00e1lat\u00e1val \u00e9s a be\u00e1ll\u00edt\u00e1sok kezel\u00e9s\u00e9vel kapcsolatos r\u00e9szletek\u00e9rt tekintse meg S\u00fcti szab\u00e1lyzatunkat.<\/p>\t\t\t\t\t\t\t\t<\/div>\n\t\t\t\t<div class=\"elementor-element elementor-element-c3acc1d elementor-widget elementor-widget-heading\" data-id=\"c3acc1d\" data-element_type=\"widget\" data-e-type=\"widget\" data-widget_type=\"heading.default\">\n\t\t\t\t\t<h2 class=\"elementor-heading-title elementor-size-default\">K\u00fcls\u0151 linkek<\/h2>\t\t\t\t<\/div>\n\t\t\t\t<div class=\"elementor-element elementor-element-2abc628 elementor-widget elementor-widget-text-editor\" data-id=\"2abc628\" data-element_type=\"widget\" data-e-type=\"widget\" data-widget_type=\"text-editor.default\">\n\t\t\t\t\t\t\t\t\t<p data-pm-slice=\"1 1 []\"><strong>Quantum Prime Profit<\/strong> nem felel\u0151s a weboldalunkon linkelt harmadik f\u00e9l weboldalak adatv\u00e9delmi gyakorlat\u00e1\u00e9rt. Adatmegoszt\u00e1s el\u0151tt tekintse \u00e1t adatv\u00e9delmi ir\u00e1nyelveiket.<\/p>\t\t\t\t\t\t\t\t<\/div>\n\t\t\t\t<div class=\"elementor-element elementor-element-1e7c81e elementor-widget elementor-widget-heading\" data-id=\"1e7c81e\" data-element_type=\"widget\" data-e-type=\"widget\" data-widget_type=\"heading.default\">\n\t\t\t\t\t<h2 class=\"elementor-heading-title elementor-size-default\">Adatmeg\u0151rz\u00e9s \u00e9s -t\u00f6rl\u00e9s<\/h2>\t\t\t\t<\/div>\n\t\t\t\t<div class=\"elementor-element elementor-element-12785c4 elementor-widget elementor-widget-text-editor\" data-id=\"12785c4\" data-element_type=\"widget\" data-e-type=\"widget\" data-widget_type=\"text-editor.default\">\n\t\t\t\t\t\t\t\t\t<p data-pm-slice=\"1 1 []\">A szem\u00e9lyes adatokat csak a sz\u00fcks\u00e9ges ideig t\u00e1roljuk. Az akt\u00edv fi\u00f3kfelhaszn\u00e1l\u00f3k kezelik a saj\u00e1t adataikat, a megsz\u00fcntetett fi\u00f3kok adatait pedig a vonatkoz\u00f3 t\u00f6rv\u00e9nyeknek megfelel\u0151en t\u00f6r\u00f6lj\u00fck.<\/p>\t\t\t\t\t\t\t\t<\/div>\n\t\t\t\t<div class=\"elementor-element elementor-element-0aafca0 elementor-widget elementor-widget-heading\" data-id=\"0aafca0\" data-element_type=\"widget\" data-e-type=\"widget\" data-widget_type=\"heading.default\">\n\t\t\t\t\t<h2 class=\"elementor-heading-title elementor-size-default\">Felhaszn\u00e1l\u00f3i jogok<\/h2>\t\t\t\t<\/div>\n\t\t\t\t<div class=\"elementor-element elementor-element-f1629dd elementor-widget elementor-widget-text-editor\" data-id=\"f1629dd\" data-element_type=\"widget\" data-e-type=\"widget\" data-widget_type=\"text-editor.default\">\n\t\t\t\t\t\t\t\t\t<p data-pm-slice=\"1 3 []\">\u00d6nnek joga van a k\u00f6vetkez\u0151kh\u00f6z:<\/p><ul data-spread=\"false\"><li><p>Hozz\u00e1f\u00e9r\u00e9s a szem\u00e9lyes adataihoz.<\/p><\/li><li><p>Jav\u00edtsa ki a pontatlans\u00e1gokat.<\/p><\/li><li><p>Bizonyos k\u00f6r\u00fclm\u00e9nyek k\u00f6z\u00f6tt k\u00e9rheti az adatok t\u00f6rl\u00e9s\u00e9t.<\/p><\/li><li><p>Az adatkezel\u00e9s korl\u00e1toz\u00e1sa vagy tiltakoz\u00e1s az ellen.<\/p><\/li><li><p>A hozz\u00e1j\u00e1rul\u00e1s b\u00e1rmikor visszavonhat\u00f3.<\/p><\/li><li><p>Adathordozhat\u00f3s\u00e1got struktur\u00e1lt form\u00e1tumban k\u00e9rni.<\/p><\/li><\/ul>\t\t\t\t\t\t\t\t<\/div>\n\t\t\t\t<div class=\"elementor-element elementor-element-93a1aed elementor-widget elementor-widget-heading\" data-id=\"93a1aed\" data-element_type=\"widget\" data-e-type=\"widget\" data-widget_type=\"heading.default\">\n\t\t\t\t\t<h2 class=\"elementor-heading-title elementor-size-default\">Marketinganyagok<\/h2>\t\t\t\t<\/div>\n\t\t\t\t<div class=\"elementor-element elementor-element-e0ebe50 elementor-widget elementor-widget-text-editor\" data-id=\"e0ebe50\" data-element_type=\"widget\" data-e-type=\"widget\" data-widget_type=\"text-editor.default\">\n\t\t\t\t\t\t\t\t\t<p data-pm-slice=\"1 1 []\">Az \u00d6n hozz\u00e1j\u00e1rul\u00e1s\u00e1val szem\u00e9lyes adatokat haszn\u00e1lunk fel marketinganyagok k\u00fcld\u00e9s\u00e9re. Ezt a hozz\u00e1j\u00e1rul\u00e1st b\u00e1rmikor visszavonhatja a vel\u00fcnk val\u00f3 kapcsolatfelv\u00e9tel \u00fatj\u00e1n.<\/p>\t\t\t\t\t\t\t\t<\/div>\n\t\t\t\t<div class=\"elementor-element elementor-element-fdf83f1 elementor-widget elementor-widget-heading\" data-id=\"fdf83f1\" data-element_type=\"widget\" data-e-type=\"widget\" data-widget_type=\"heading.default\">\n\t\t\t\t\t<h2 class=\"elementor-heading-title elementor-size-default\">A szab\u00e1lyzat elfogad\u00e1sa<\/h2>\t\t\t\t<\/div>\n\t\t\t\t<div class=\"elementor-element elementor-element-440692b elementor-widget elementor-widget-text-editor\" data-id=\"440692b\" data-element_type=\"widget\" data-e-type=\"widget\" data-widget_type=\"text-editor.default\">\n\t\t\t\t\t\t\t\t\t<p data-pm-slice=\"1 1 []\">Haszn\u00e1lat\u00e1val <strong>Quantum Prime Profit<\/strong>\u00a0A weboldal vagy a szolg\u00e1ltat\u00e1sok haszn\u00e1lat\u00e1val \u00d6n elfogadja ezt az adatv\u00e9delmi ir\u00e1nyelvet. A friss\u00edt\u00e9sek ut\u00e1ni tov\u00e1bbi haszn\u00e1lat a v\u00e1ltoztat\u00e1sok elfogad\u00e1s\u00e1t jelenti.<\/p>\t\t\t\t\t\t\t\t<\/div>\n\t\t\t\t<div class=\"elementor-element elementor-element-b017b81 elementor-widget elementor-widget-heading\" data-id=\"b017b81\" data-element_type=\"widget\" data-e-type=\"widget\" data-widget_type=\"heading.default\">\n\t\t\t\t\t<h2 class=\"elementor-heading-title elementor-size-default\">Kapcsolat<\/h2>\t\t\t\t<\/div>\n\t\t\t\t<div class=\"elementor-element elementor-element-3a87c99 elementor-widget elementor-widget-text-editor\" data-id=\"3a87c99\" data-element_type=\"widget\" data-e-type=\"widget\" data-widget_type=\"text-editor.default\">\n\t\t\t\t\t\t\t\t\t<p data-pm-slice=\"1 1 []\">Ha b\u00e1rmilyen k\u00e9rd\u00e9se, agg\u00e1lya vagy k\u00e9r\u00e9se van a jelen Adatv\u00e9delmi Szab\u00e1lyzattal vagy az adatai kezel\u00e9s\u00e9vel kapcsolatban, forduljon hozz\u00e1nk bizalommal. \u00dcgyf\u00e9lszolg\u00e1latunkkal a k\u00f6vetkez\u0151 c\u00edmen veheti fel a kapcsolatot: Ha b\u00e1rmilyen k\u00e9rd\u00e9se, agg\u00e1lya vagy k\u00e9r\u00e9se van a jelen Adatv\u00e9delmi Szab\u00e1lyzattal vagy az adatai kezel\u00e9s\u00e9vel kapcsolatban, forduljon hozz\u00e1nk bizalommal. \u00dcgyf\u00e9lszolg\u00e1latunkkal a k\u00f6vetkez\u0151 c\u00edmen veheti fel a kapcsolatot: <strong><a href=\"mailto:support@quantum-primeprofit.net\">support@quantum-primeprofit.net<\/a><\/strong><\/p>\t\t\t\t\t\t\t\t<\/div>\n\t\t\t\t\t<\/div>\n\t\t\t\t<\/div>\n\t\t\t\t<\/div>","protected":false},"excerpt":{"rendered":"<p>Privacy Policy At Quantum Prime Profit\u00a0your privacy is our priority. Personal data is retained only as long as necessary, and users with active accounts are responsible for managing their information. Upon account termination, related data will be deleted in accordance with applicable laws and policies. Introduction This Privacy Policy outlines how Quantum Prime Profit\u00a0(\u201cwe,\u201d \u201cus,\u201d [&hellip;]<\/p>\n","protected":false},"author":1,"featured_media":0,"parent":0,"menu_order":0,"comment_status":"closed","ping_status":"closed","template":"","meta":{"footnotes":""},"class_list":["post-20","page","type-page","status-publish","hentry"],"_links":{"self":[{"href":"https:\/\/quantum-primeprofit.net\/hu\/wp-json\/wp\/v2\/pages\/20","targetHints":{"allow":["GET"]}}],"collection":[{"href":"https:\/\/quantum-primeprofit.net\/hu\/wp-json\/wp\/v2\/pages"}],"about":[{"href":"https:\/\/quantum-primeprofit.net\/hu\/wp-json\/wp\/v2\/types\/page"}],"author":[{"embeddable":true,"href":"https:\/\/quantum-primeprofit.net\/hu\/wp-json\/wp\/v2\/users\/1"}],"replies":[{"embeddable":true,"href":"https:\/\/quantum-primeprofit.net\/hu\/wp-json\/wp\/v2\/comments?post=20"}],"version-history":[{"count":34,"href":"https:\/\/quantum-primeprofit.net\/hu\/wp-json\/wp\/v2\/pages\/20\/revisions"}],"predecessor-version":[{"id":670,"href":"https:\/\/quantum-primeprofit.net\/hu\/wp-json\/wp\/v2\/pages\/20\/revisions\/670"}],"wp:attachment":[{"href":"https:\/\/quantum-primeprofit.net\/hu\/wp-json\/wp\/v2\/media?parent=20"}],"curies":[{"name":"wp","href":"https:\/\/api.w.org\/{rel}","templated":true}]}}