{"id":22,"date":"2025-07-08T07:30:11","date_gmt":"2025-07-08T07:30:11","guid":{"rendered":"https:\/\/quantum-primeprofit.net\/?page_id=22"},"modified":"2025-07-23T10:02:43","modified_gmt":"2025-07-23T10:02:43","slug":"altalanos-szerzodesi-feltetelek","status":"publish","type":"page","link":"https:\/\/quantum-primeprofit.net\/hu\/terms-and-conditions\/","title":{"rendered":"Felhaszn\u00e1l\u00e1si felt\u00e9telek"},"content":{"rendered":"<div data-elementor-type=\"wp-page\" data-elementor-id=\"22\" class=\"elementor elementor-22\" data-elementor-post-type=\"page\">\n\t\t\t\t<div class=\"elementor-element elementor-element-60b41dd e-flex e-con-boxed e-con e-parent\" data-id=\"60b41dd\" data-element_type=\"container\" data-e-type=\"container\" data-settings=\"{&quot;background_background&quot;:&quot;classic&quot;}\">\n\t\t\t\t\t<div class=\"e-con-inner\">\n\t\t\t\t<div class=\"elementor-element elementor-element-8b0e9de elementor-widget elementor-widget-heading\" data-id=\"8b0e9de\" data-element_type=\"widget\" data-e-type=\"widget\" data-widget_type=\"heading.default\">\n\t\t\t\t\t<h1 class=\"elementor-heading-title elementor-size-default\">Felhaszn\u00e1l\u00e1si felt\u00e9telek <\/h1>\t\t\t\t<\/div>\n\t\t\t\t\t<\/div>\n\t\t\t\t<\/div>\n\t\t<div class=\"elementor-element elementor-element-ac32bc7 e-flex e-con-boxed e-con e-parent\" data-id=\"ac32bc7\" data-element_type=\"container\" data-e-type=\"container\" data-settings=\"{&quot;background_background&quot;:&quot;gradient&quot;}\">\n\t\t\t\t\t<div class=\"e-con-inner\">\n\t\t\t\t<div class=\"elementor-element elementor-element-64fcf75 elementor-widget elementor-widget-text-editor\" data-id=\"64fcf75\" data-element_type=\"widget\" data-e-type=\"widget\" data-widget_type=\"text-editor.default\">\n\t\t\t\t\t\t\t\t\t<p data-pm-slice=\"1 1 []\">K\u00f6sz\u00f6nj\u00fck, hogy megl\u00e1togatta weboldalunkat, <strong>Quantum Prime Profit<\/strong>, el\u00e9rhet\u0151 a k\u00f6vetkez\u0151n kereszt\u00fcl:\u00a0<strong><a href=\"https:\/\/quantum-primeprofit.net\/hu\/\"> quantum-primeprofit.net<\/a><\/strong> Jelen \u00c1ltal\u00e1nos Szerz\u0151d\u00e9si Felt\u00e9telek, valamint Adatv\u00e9delmi Szab\u00e1lyzatunk szab\u00e1lyozza a Weboldalhoz \u00e9s a \u00e1ltal k\u00edn\u00e1lt szolg\u00e1ltat\u00e1sokhoz val\u00f3 hozz\u00e1f\u00e9r\u00e9s\u00e9t \u00e9s haszn\u00e1lat\u00e1t. <strong>Quantum Prime Profit<\/strong> (\u201emi\u201d, \u201eminket\u201d vagy \u201eminket\u201d). Tov\u00e1bbi inform\u00e1ci\u00f3k\u00e9rt vagy seg\u00edts\u00e9g\u00e9rt fordulhat hozz\u00e1nk.<\/p><p>A Weboldal el\u00e9r\u00e9s\u00e9vel vagy term\u00e9keink \u00e9s szolg\u00e1ltat\u00e1saink (egy\u00fcttesen \u201eSzolg\u00e1ltat\u00e1sok\u201d) haszn\u00e1lat\u00e1val \u00d6n elfogadja ezeket a Felhaszn\u00e1l\u00e1si Felt\u00e9teleket \u00e9s Adatv\u00e9delmi Szab\u00e1lyzatunkat. Ezek a Felhaszn\u00e1l\u00e1si Felt\u00e9telek tartalmazz\u00e1k a m\u0171k\u00f6d\u00e9si ir\u00e1nyelveket, szab\u00e1lyzatokat \u00e9s tov\u00e1bbi felt\u00e9teleket. Fenntartjuk a jogot, hogy ezeket a Felhaszn\u00e1l\u00e1si Felt\u00e9teleket el\u0151zetes \u00e9rtes\u00edt\u00e9s n\u00e9lk\u00fcl friss\u00edts\u00fck. Az \u00d6n felel\u0151ss\u00e9ge, hogy rendszeresen ellen\u0151rizze ezt az oldalt a v\u00e1ltoz\u00e1sok szempontj\u00e1b\u00f3l. A Weboldal folyamatos haszn\u00e1lata a friss\u00edt\u00e9sek elfogad\u00e1s\u00e1t jelenti.<\/p><p>Ha nem \u00e9rt egyet a jelen Felt\u00e9telek b\u00e1rmely r\u00e9sz\u00e9vel, nem jogosult weboldalunk vagy szolg\u00e1ltat\u00e1saink haszn\u00e1lat\u00e1ra. Fenntartjuk a jogot, hogy saj\u00e1t bel\u00e1t\u00e1sunk szerint korl\u00e1tozzuk a weboldalhoz \u00e9s a szolg\u00e1ltat\u00e1sokhoz val\u00f3 hozz\u00e1f\u00e9r\u00e9st.<\/p>\t\t\t\t\t\t\t\t<\/div>\n\t\t\t\t<div class=\"elementor-element elementor-element-a3ed374 elementor-widget elementor-widget-heading\" data-id=\"a3ed374\" data-element_type=\"widget\" data-e-type=\"widget\" data-widget_type=\"heading.default\">\n\t\t\t\t\t<h2 class=\"elementor-heading-title elementor-size-default\">Nincs befektet\u00e9si tan\u00e1csad\u00e1s<\/h2>\t\t\t\t<\/div>\n\t\t\t\t<div class=\"elementor-element elementor-element-332445e elementor-widget elementor-widget-text-editor\" data-id=\"332445e\" data-element_type=\"widget\" data-e-type=\"widget\" data-widget_type=\"text-editor.default\">\n\t\t\t\t\t\t\t\t\t<p data-pm-slice=\"1 1 []\">A weboldal nem ny\u00fajt szem\u00e9lyre szabott p\u00e9nz\u00fcgyi vagy befektet\u00e9si tan\u00e1csokat, kiv\u00e9ve, ha erre kifejezetten hivatkozunk. A megadott inform\u00e1ci\u00f3k kiz\u00e1r\u00f3lag t\u00e1j\u00e9koztat\u00f3 jelleg\u0171ek, \u00e9s nem veszik figyelembe az \u00d6n egy\u00e9ni p\u00e9nz\u00fcgyi helyzet\u00e9t vagy befektet\u00e9si c\u00e9ljait.<\/p><p>Befektet\u00e9si d\u00f6nt\u00e9sek meghozatala el\u0151tt m\u00e9rlegelje, hogy a weboldalon tal\u00e1lhat\u00f3 inform\u00e1ci\u00f3k megfelelnek-e az \u00d6n k\u00f6r\u00fclm\u00e9nyeinek. Sz\u00fcks\u00e9g eset\u00e9n fontolja meg f\u00fcggetlen p\u00e9nz\u00fcgyi tan\u00e1csad\u00f3val val\u00f3 konzult\u00e1ci\u00f3t. Hacsak kifejezetten m\u00e1sk\u00e9nt nem jelezz\u00fck, a weboldalon tal\u00e1lhat\u00f3 inform\u00e1ci\u00f3k nem min\u0151s\u00fclnek aj\u00e1nl\u00e1snak semmilyen p\u00e9nz\u00fcgyi term\u00e9kbe vagy szolg\u00e1ltat\u00e1sba val\u00f3 befektet\u00e9sre.<\/p>\t\t\t\t\t\t\t\t<\/div>\n\t\t\t\t<div class=\"elementor-element elementor-element-98018c1 elementor-widget elementor-widget-heading\" data-id=\"98018c1\" data-element_type=\"widget\" data-e-type=\"widget\" data-widget_type=\"heading.default\">\n\t\t\t\t\t<h2 class=\"elementor-heading-title elementor-size-default\">Term\u00e9kek \u00e9s szolg\u00e1ltat\u00e1sok<\/h2>\t\t\t\t<\/div>\n\t\t\t\t<div class=\"elementor-element elementor-element-a8302e0 elementor-widget elementor-widget-text-editor\" data-id=\"a8302e0\" data-element_type=\"widget\" data-e-type=\"widget\" data-widget_type=\"text-editor.default\">\n\t\t\t\t\t\t\t\t\t<p data-pm-slice=\"1 1 []\">Nem minden, a Weboldalon eml\u00edtett term\u00e9ket vagy szolg\u00e1ltat\u00e1st mi biztos\u00edtunk. A harmadik f\u00e9l term\u00e9keire, szolg\u00e1ltat\u00e1saira vagy weboldalaira val\u00f3 hivatkoz\u00e1sok nem min\u0151s\u00fclnek j\u00f3v\u00e1hagy\u00e1snak. A Weboldal tartalmazhat harmadik f\u00e9l platformokra mutat\u00f3 linkeket, \u00e9s ezek el\u00e9r\u00e9s\u00e9hez bizonyos inform\u00e1ci\u00f3k megoszt\u00e1sa sz\u00fcks\u00e9ges lehet az \u00fczemeltet\u0151ikkel.<\/p><p>Nem v\u00e1llalunk felel\u0151ss\u00e9get harmadik f\u00e9l weboldalainak tartalm\u00e1\u00e9rt, gyakorlat\u00e1\u00e9rt vagy ir\u00e1nyelvei\u00e9rt. Miel\u0151tt kapcsolatba l\u00e9pne vel\u00fck, felt\u00e9tlen\u00fcl tekintse \u00e1t ir\u00e1nyelveiket.<\/p>\t\t\t\t\t\t\t\t<\/div>\n\t\t\t\t<div class=\"elementor-element elementor-element-23fe722 elementor-widget elementor-widget-heading\" data-id=\"23fe722\" data-element_type=\"widget\" data-e-type=\"widget\" data-widget_type=\"heading.default\">\n\t\t\t\t\t<h2 class=\"elementor-heading-title elementor-size-default\">Hat\u00e1ly \u00e9s m\u00f3dos\u00edt\u00e1s<\/h2>\t\t\t\t<\/div>\n\t\t\t\t<div class=\"elementor-element elementor-element-a2905e5 elementor-widget elementor-widget-text-editor\" data-id=\"a2905e5\" data-element_type=\"widget\" data-e-type=\"widget\" data-widget_type=\"text-editor.default\">\n\t\t\t\t\t\t\t\t\t<p data-pm-slice=\"1 1 []\">Weboldalunk haszn\u00e1lat\u00e1val \u00d6n elfogadja az itt v\u00e1zolt felt\u00e9teleket, amelyek fel\u00fcl\u00edrnak minden kor\u00e1bbi meg\u00e1llapod\u00e1st. Ezek a Felt\u00e9telek id\u0151szakosan friss\u00fclhetnek, a v\u00e1ltoztat\u00e1sok pedig ezen az oldalon ker\u00fclnek k\u00f6zz\u00e9t\u00e9telre. A Weboldal tov\u00e1bbi haszn\u00e1lata a m\u00f3dos\u00edt\u00e1sok elfogad\u00e1s\u00e1t jelenti.<\/p>\t\t\t\t\t\t\t\t<\/div>\n\t\t\t\t<div class=\"elementor-element elementor-element-8835521 elementor-widget elementor-widget-heading\" data-id=\"8835521\" data-element_type=\"widget\" data-e-type=\"widget\" data-widget_type=\"heading.default\">\n\t\t\t\t\t<h2 class=\"elementor-heading-title elementor-size-default\">K\u00f6vetelm\u00e9nyek<\/h2>\t\t\t\t<\/div>\n\t\t\t\t<div class=\"elementor-element elementor-element-30d2063 elementor-widget elementor-widget-text-editor\" data-id=\"30d2063\" data-element_type=\"widget\" data-e-type=\"widget\" data-widget_type=\"text-editor.default\">\n\t\t\t\t\t\t\t\t\t<p data-pm-slice=\"1 1 []\">A Weboldal \u00e9s a Szolg\u00e1ltat\u00e1sok olyan szem\u00e9lyek sz\u00e1m\u00e1ra k\u00e9sz\u00fcltek, akik jogosultak k\u00f6telez\u0151 \u00e9rv\u00e9ny\u0171 szerz\u0151d\u00e9sek megk\u00f6t\u00e9s\u00e9re a vonatkoz\u00f3 t\u00f6rv\u00e9nyek \u00e9rtelm\u00e9ben. 18 \u00e9v alatti szem\u00e9lyek nem haszn\u00e1lhatj\u00e1k vagy f\u00e9rhetnek hozz\u00e1 a Weboldalhoz vagy a Szolg\u00e1ltat\u00e1sokhoz.<\/p>\t\t\t\t\t\t\t\t<\/div>\n\t\t\t\t<div class=\"elementor-element elementor-element-34717f1 elementor-widget elementor-widget-heading\" data-id=\"34717f1\" data-element_type=\"widget\" data-e-type=\"widget\" data-widget_type=\"heading.default\">\n\t\t\t\t\t<h2 class=\"elementor-heading-title elementor-size-default\">El\u0151fizet\u00e9ses szolg\u00e1ltat\u00e1sok<\/h2>\t\t\t\t<\/div>\n\t\t\t\t<div class=\"elementor-element elementor-element-43b6608 elementor-widget elementor-widget-text-editor\" data-id=\"43b6608\" data-element_type=\"widget\" data-e-type=\"widget\" data-widget_type=\"text-editor.default\">\n\t\t\t\t\t\t\t\t\t<p data-pm-slice=\"1 1 []\">A weboldalon t\u00f6rt\u00e9n\u0151 regisztr\u00e1ci\u00f3val hozz\u00e1f\u00e9r\u00e9st kaphat el\u0151fizet\u00e9ses szolg\u00e1ltat\u00e1sokhoz, amelyek lehetnek ingyenesek vagy fizet\u0151sek. Ezek a szolg\u00e1ltat\u00e1sok tartalmazhatnak inform\u00e1ci\u00f3s tartalmat vagy aj\u00e1nlatokat, \u00e9s nem min\u0151s\u00fclnek p\u00e9nz\u00fcgyi tan\u00e1csad\u00e1snak.<\/p>\t\t\t\t\t\t\t\t<\/div>\n\t\t\t\t<div class=\"elementor-element elementor-element-9df1ddd elementor-widget elementor-widget-heading\" data-id=\"9df1ddd\" data-element_type=\"widget\" data-e-type=\"widget\" data-widget_type=\"heading.default\">\n\t\t\t\t\t<h2 class=\"elementor-heading-title elementor-size-default\">Besz\u00e1ll\u00edt\u00f3i \u00e9s harmadik f\u00e9lt\u0151l sz\u00e1rmaz\u00f3 szolg\u00e1ltat\u00e1sok<\/h2>\t\t\t\t<\/div>\n\t\t\t\t<div class=\"elementor-element elementor-element-d1951c1 elementor-widget elementor-widget-text-editor\" data-id=\"d1951c1\" data-element_type=\"widget\" data-e-type=\"widget\" data-widget_type=\"text-editor.default\">\n\t\t\t\t\t\t\t\t\t<p data-pm-slice=\"1 1 []\">A weboldal hozz\u00e1f\u00e9r\u00e9st biztos\u00edthat harmadik f\u00e9l sz\u00e1ll\u00edt\u00f3k \u00e1ltal ny\u00fajtott term\u00e9kekhez vagy szolg\u00e1ltat\u00e1sokhoz. Nem v\u00e1llalunk felel\u0151ss\u00e9get az ezekkel a sz\u00e1ll\u00edt\u00f3kkal kapcsolatos pontatlans\u00e1gok\u00e9rt, vit\u00e1k\u00e9rt vagy probl\u00e9m\u00e1k\u00e9rt. A harmadik felekkel val\u00f3 interakci\u00f3 az \u00d6n felel\u0151ss\u00e9ge.<\/p>\t\t\t\t\t\t\t\t<\/div>\n\t\t\t\t<div class=\"elementor-element elementor-element-2819c0c elementor-widget elementor-widget-heading\" data-id=\"2819c0c\" data-element_type=\"widget\" data-e-type=\"widget\" data-widget_type=\"heading.default\">\n\t\t\t\t\t<h2 class=\"elementor-heading-title elementor-size-default\">\u00c1ltal\u00e1nos Szerz\u0151d\u00e9si Felt\u00e9telek<\/h2>\t\t\t\t<\/div>\n\t\t\t\t<div class=\"elementor-element elementor-element-3b9bf78 elementor-widget elementor-widget-text-editor\" data-id=\"3b9bf78\" data-element_type=\"widget\" data-e-type=\"widget\" data-widget_type=\"text-editor.default\">\n\t\t\t\t\t\t\t\t\t<p data-pm-slice=\"1 1 []\">A Szolg\u00e1ltat\u00e1sok haszn\u00e1lat\u00e1hoz pontos regisztr\u00e1ci\u00f3s adatokat kell megadnia. A Weboldal j\u00f6v\u0151beli friss\u00edt\u00e9seire vagy fejleszt\u00e9seire is ezek a Felhaszn\u00e1l\u00e1si Felt\u00e9telek vonatkoznak. Nem v\u00e1llalunk felel\u0151ss\u00e9get az\u00e9rt, ha \u00d6n nem f\u00e9r hozz\u00e1 a Szolg\u00e1ltat\u00e1sokhoz, vagy nem jogosult r\u00e1juk.<\/p>\t\t\t\t\t\t\t\t<\/div>\n\t\t\t\t<div class=\"elementor-element elementor-element-02fc102 elementor-widget elementor-widget-heading\" data-id=\"02fc102\" data-element_type=\"widget\" data-e-type=\"widget\" data-widget_type=\"heading.default\">\n\t\t\t\t\t<h2 class=\"elementor-heading-title elementor-size-default\">Tulajdonjogok<\/h2>\t\t\t\t<\/div>\n\t\t\t\t<div class=\"elementor-element elementor-element-9cf4854 elementor-widget elementor-widget-text-editor\" data-id=\"9cf4854\" data-element_type=\"widget\" data-e-type=\"widget\" data-widget_type=\"text-editor.default\">\n\t\t\t\t\t\t\t\t\t<p>A Weboldal, annak tartalma \u00e9s a kapcsol\u00f3d\u00f3 szolg\u00e1ltat\u00e1sok szerz\u0151i jogi, v\u00e9djegy- \u00e9s egy\u00e9b szellemi tulajdonjogi t\u00f6rv\u00e9nyek v\u00e9delme alatt \u00e1llnak. B\u00e1rmely anyag jogosulatlan sokszoros\u00edt\u00e1sa vagy m\u00f3dos\u00edt\u00e1sa szigor\u00faan tilos. A Weboldal tartalm\u00e1nak tulajdonjoga tov\u00e1bbra is a mi\u00e9nk marad.<\/p>\t\t\t\t\t\t\t\t<\/div>\n\t\t\t\t<div class=\"elementor-element elementor-element-c11888b elementor-widget elementor-widget-heading\" data-id=\"c11888b\" data-element_type=\"widget\" data-e-type=\"widget\" data-widget_type=\"heading.default\">\n\t\t\t\t\t<h2 class=\"elementor-heading-title elementor-size-default\">Bizalmas inform\u00e1ci\u00f3k<\/h2>\t\t\t\t<\/div>\n\t\t\t\t<div class=\"elementor-element elementor-element-7094d25 elementor-widget elementor-widget-text-editor\" data-id=\"7094d25\" data-element_type=\"widget\" data-e-type=\"widget\" data-widget_type=\"text-editor.default\">\n\t\t\t\t\t\t\t\t\t<p data-pm-slice=\"1 1 []\">A bizalmas inform\u00e1ci\u00f3k k\u00f6z\u00e9 tartoznak a kifejezetten bizalmask\u00e9nt megjel\u00f6lt, v\u00e9dett adatok. Ez nem foglalja mag\u00e1ban a nyilv\u00e1nosan el\u00e9rhet\u0151, a m\u00e1r l\u00e9tez\u0151 vagy f\u00fcggetlen\u00fcl el\u0151\u00e1ll\u00edtott inform\u00e1ci\u00f3kat. A bizalmas inform\u00e1ci\u00f3k v\u00e9delm\u00e9re vonatkoz\u00f3 k\u00f6telezetts\u00e9gek a felhaszn\u00e1l\u00e1s megsz\u0171n\u00e9s\u00e9t k\u00f6vet\u0151 egy \u00e9v eltelt\u00e9vel lej\u00e1rnak.<\/p>\t\t\t\t\t\t\t\t<\/div>\n\t\t\t\t<div class=\"elementor-element elementor-element-9b71345 elementor-widget elementor-widget-heading\" data-id=\"9b71345\" data-element_type=\"widget\" data-e-type=\"widget\" data-widget_type=\"heading.default\">\n\t\t\t\t\t<h2 class=\"elementor-heading-title elementor-size-default\">\u00d6sszekapcsol\u00e1s \u00e9s hivatkoz\u00e1s <\/h2>\t\t\t\t<\/div>\n\t\t\t\t<div class=\"elementor-element elementor-element-a1a7449 elementor-widget elementor-widget-text-editor\" data-id=\"a1a7449\" data-element_type=\"widget\" data-e-type=\"widget\" data-widget_type=\"text-editor.default\">\n\t\t\t\t\t\t\t\t\t<p data-pm-slice=\"1 1 []\">A weboldalra val\u00f3 hiperhivatkoz\u00e1s, keretez\u00e9s vagy hivatkoz\u00e1s a kifejezett \u00edr\u00e1sbeli hozz\u00e1j\u00e1rul\u00e1sunk n\u00e9lk\u00fcl tilos. A jogosulatlan haszn\u00e1lat k\u00e1rt\u00e9r\u00edt\u00e9si felel\u0151ss\u00e9get vonhat maga ut\u00e1n.<\/p>\t\t\t\t\t\t\t\t<\/div>\n\t\t\t\t<div class=\"elementor-element elementor-element-64de44b elementor-widget elementor-widget-heading\" data-id=\"64de44b\" data-element_type=\"widget\" data-e-type=\"widget\" data-widget_type=\"heading.default\">\n\t\t\t\t\t<h2 class=\"elementor-heading-title elementor-size-default\">Jogi nyilatkozat<\/h2>\t\t\t\t<\/div>\n\t\t\t\t<div class=\"elementor-element elementor-element-5281372 elementor-widget elementor-widget-text-editor\" data-id=\"5281372\" data-element_type=\"widget\" data-e-type=\"widget\" data-widget_type=\"text-editor.default\">\n\t\t\t\t\t\t\t\t\t<p data-pm-slice=\"1 1 []\">A Weboldalt, annak tartalm\u00e1t \u00e9s szolg\u00e1ltat\u00e1sait \u201eahogy van\u201d alapon, mindenf\u00e9le garancia n\u00e9lk\u00fcl biztos\u00edtjuk. Nem garant\u00e1ljuk a Weboldal vagy a Szolg\u00e1ltat\u00e1sok megszak\u00edt\u00e1s n\u00e9lk\u00fcli vagy hibamentes m\u0171k\u00f6d\u00e9s\u00e9t.<\/p>\t\t\t\t\t\t\t\t<\/div>\n\t\t\t\t<div class=\"elementor-element elementor-element-402f98e elementor-widget elementor-widget-heading\" data-id=\"402f98e\" data-element_type=\"widget\" data-e-type=\"widget\" data-widget_type=\"heading.default\">\n\t\t\t\t\t<h2 class=\"elementor-heading-title elementor-size-default\">Felel\u0151ss\u00e9g korl\u00e1toz\u00e1sa<\/h2>\t\t\t\t<\/div>\n\t\t\t\t<div class=\"elementor-element elementor-element-a402d16 elementor-widget elementor-widget-text-editor\" data-id=\"a402d16\" data-element_type=\"widget\" data-e-type=\"widget\" data-widget_type=\"text-editor.default\">\n\t\t\t\t\t\t\t\t\t<p data-pm-slice=\"1 1 []\">B\u00e1rmely k\u00f6vetel\u00e9s eset\u00e9n a felel\u0151ss\u00e9g\u00fcnk maximum 500 doll\u00e1rra korl\u00e1toz\u00f3dik. Ahol az alkalmazand\u00f3 t\u00f6rv\u00e9nyek tiltj\u00e1k ezt a korl\u00e1toz\u00e1st, a felel\u0151ss\u00e9get csak a jogilag el\u0151\u00edrt m\u00e9rt\u00e9kben terjesztj\u00fck ki.<\/p>\t\t\t\t\t\t\t\t<\/div>\n\t\t\t\t<div class=\"elementor-element elementor-element-3fe409b elementor-widget elementor-widget-heading\" data-id=\"3fe409b\" data-element_type=\"widget\" data-e-type=\"widget\" data-widget_type=\"heading.default\">\n\t\t\t\t\t<h2 class=\"elementor-heading-title elementor-size-default\">K\u00e1rtalan\u00edt\u00e1s<\/h2>\t\t\t\t<\/div>\n\t\t\t\t<div class=\"elementor-element elementor-element-acd3d86 elementor-widget elementor-widget-text-editor\" data-id=\"acd3d86\" data-element_type=\"widget\" data-e-type=\"widget\" data-widget_type=\"text-editor.default\">\n\t\t\t\t\t\t\t\t\t<p data-pm-slice=\"1 1 []\">\u00d6n beleegyezik, hogy k\u00e1rtalan\u00edtja \u00e9s mentes\u00edt minket a Weboldal vagy a Szolg\u00e1ltat\u00e1sok haszn\u00e1lat\u00e1b\u00f3l, a jelen Felhaszn\u00e1l\u00e1si Felt\u00e9telek megs\u00e9rt\u00e9s\u00e9b\u0151l vagy harmadik felek jogainak megs\u00e9rt\u00e9s\u00e9b\u0151l ered\u0151 k\u00f6vetel\u00e9sek vagy k\u00e1rok al\u00f3l.<\/p>\t\t\t\t\t\t\t\t<\/div>\n\t\t\t\t<div class=\"elementor-element elementor-element-a184466 elementor-widget elementor-widget-heading\" data-id=\"a184466\" data-element_type=\"widget\" data-e-type=\"widget\" data-widget_type=\"heading.default\">\n\t\t\t\t\t<h2 class=\"elementor-heading-title elementor-size-default\">Harmadik f\u00e9l weboldalai<\/h2>\t\t\t\t<\/div>\n\t\t\t\t<div class=\"elementor-element elementor-element-9965a12 elementor-widget elementor-widget-text-editor\" data-id=\"9965a12\" data-element_type=\"widget\" data-e-type=\"widget\" data-widget_type=\"text-editor.default\">\n\t\t\t\t\t\t\t\t\t<p data-pm-slice=\"1 1 []\">A harmadik f\u00e9l webhelyeire mutat\u00f3 linkek kiz\u00e1r\u00f3lag a k\u00e9nyelem \u00e9rdek\u00e9ben ker\u00fcltek megad\u00e1sra. Nem v\u00e1llalunk felel\u0151ss\u00e9get azok tartalm\u00e1\u00e9rt, el\u00e9rhet\u0151s\u00e9g\u00e9\u00e9rt vagy ir\u00e1nyelvei\u00e9rt.<\/p>\t\t\t\t\t\t\t\t<\/div>\n\t\t\t\t<div class=\"elementor-element elementor-element-f61a720 elementor-widget elementor-widget-heading\" data-id=\"f61a720\" data-element_type=\"widget\" data-e-type=\"widget\" data-widget_type=\"heading.default\">\n\t\t\t\t\t<h2 class=\"elementor-heading-title elementor-size-default\">Jogv\u00e1laszt\u00e1s \u00e9s helysz\u00edn<\/h2>\t\t\t\t<\/div>\n\t\t\t\t<div class=\"elementor-element elementor-element-e3481f1 elementor-widget elementor-widget-text-editor\" data-id=\"e3481f1\" data-element_type=\"widget\" data-e-type=\"widget\" data-widget_type=\"text-editor.default\">\n\t\t\t\t\t\t\t\t\t<p data-pm-slice=\"1 1 []\">Ezeket a Felt\u00e9teleket az Egyes\u00fclt Kir\u00e1lys\u00e1g t\u00f6rv\u00e9nyei szab\u00e1lyozz\u00e1k. A vit\u00e1kat bizalmas v\u00e1lasztottb\u00edr\u00f3s\u00e1gi elj\u00e1r\u00e1s \u00fatj\u00e1n rendezik a londoni ICC szab\u00e1lyai szerint.<\/p>\t\t\t\t\t\t\t\t<\/div>\n\t\t\t\t<div class=\"elementor-element elementor-element-c2b0e9a elementor-widget elementor-widget-heading\" data-id=\"c2b0e9a\" data-element_type=\"widget\" data-e-type=\"widget\" data-widget_type=\"heading.default\">\n\t\t\t\t\t<h2 class=\"elementor-heading-title elementor-size-default\">Adatv\u00e9delmi Kieg\u00e9sz\u00edt\u00e9s<\/h2>\t\t\t\t<\/div>\n\t\t\t\t<div class=\"elementor-element elementor-element-8a3ca15 elementor-widget elementor-widget-text-editor\" data-id=\"8a3ca15\" data-element_type=\"widget\" data-e-type=\"widget\" data-widget_type=\"text-editor.default\">\n\t\t\t\t\t\t\t\t\t<p data-pm-slice=\"1 1 []\">Ezeket a Felt\u00e9teleket az ENSZ t\u00f6rv\u00e9nyei szab\u00e1lyozz\u00e1k. Betartjuk a vonatkoz\u00f3 adatv\u00e9delmi el\u0151\u00edr\u00e1sokat, bele\u00e9rtve az EU \u00c1ltal\u00e1nos Adatv\u00e9delmi Rendelet\u00e9t (GDPR). Biztos\u00edtjuk az adatbiztons\u00e1got, \u00e9s mechanizmusokat tartunk fenn a felhaszn\u00e1l\u00f3k hozz\u00e1j\u00e1rul\u00e1s\u00e1nak megszerz\u00e9s\u00e9re az adatfeldolgoz\u00e1shoz \u00e9s -gy\u0171jt\u00e9shez. A vit\u00e1kat bizalmas v\u00e1lasztottb\u00edr\u00f3s\u00e1gi elj\u00e1r\u00e1s \u00fatj\u00e1n rendezz\u00fck a londoni ICC szab\u00e1lyai szerint.<\/p>\t\t\t\t\t\t\t\t<\/div>\n\t\t\t\t\t<\/div>\n\t\t\t\t<\/div>\n\t\t\t\t<\/div>","protected":false},"excerpt":{"rendered":"<p>Terms and Conditions Thank you for visiting our website, Quantum Prime Profit, accessible via\u00a0 quantum-primeprofit.net These Terms and Conditions, along with our Privacy Policy, govern your access and use of the Website and services offered by Quantum Prime Profit (\u201cwe,\u201d \u201cour,\u201d or \u201cus\u201d). You may contact us for further information or assistance. By accessing the [&hellip;]<\/p>\n","protected":false},"author":1,"featured_media":0,"parent":0,"menu_order":0,"comment_status":"closed","ping_status":"closed","template":"","meta":{"footnotes":""},"class_list":["post-22","page","type-page","status-publish","hentry"],"_links":{"self":[{"href":"https:\/\/quantum-primeprofit.net\/hu\/wp-json\/wp\/v2\/pages\/22","targetHints":{"allow":["GET"]}}],"collection":[{"href":"https:\/\/quantum-primeprofit.net\/hu\/wp-json\/wp\/v2\/pages"}],"about":[{"href":"https:\/\/quantum-primeprofit.net\/hu\/wp-json\/wp\/v2\/types\/page"}],"author":[{"embeddable":true,"href":"https:\/\/quantum-primeprofit.net\/hu\/wp-json\/wp\/v2\/users\/1"}],"replies":[{"embeddable":true,"href":"https:\/\/quantum-primeprofit.net\/hu\/wp-json\/wp\/v2\/comments?post=22"}],"version-history":[{"count":25,"href":"https:\/\/quantum-primeprofit.net\/hu\/wp-json\/wp\/v2\/pages\/22\/revisions"}],"predecessor-version":[{"id":673,"href":"https:\/\/quantum-primeprofit.net\/hu\/wp-json\/wp\/v2\/pages\/22\/revisions\/673"}],"wp:attachment":[{"href":"https:\/\/quantum-primeprofit.net\/hu\/wp-json\/wp\/v2\/media?parent=22"}],"curies":[{"name":"wp","href":"https:\/\/api.w.org\/{rel}","templated":true}]}}