{"id":775,"date":"2025-12-26T07:32:58","date_gmt":"2025-12-26T07:32:58","guid":{"rendered":"https:\/\/quantum-primeprofit.net\/?page_id=775"},"modified":"2025-12-26T10:19:45","modified_gmt":"2025-12-26T10:19:45","slug":"felelossegkizaras","status":"publish","type":"page","link":"https:\/\/quantum-primeprofit.net\/hu\/disclaimer\/","title":{"rendered":"Jogi nyilatkozat"},"content":{"rendered":"<div data-elementor-type=\"wp-page\" data-elementor-id=\"775\" class=\"elementor elementor-775\" data-elementor-post-type=\"page\">\n\t\t\t\t<div class=\"elementor-element elementor-element-63fd79a e-flex e-con-boxed e-con e-parent\" data-id=\"63fd79a\" data-element_type=\"container\" data-e-type=\"container\" data-settings=\"{&quot;background_background&quot;:&quot;classic&quot;}\">\n\t\t\t\t\t<div class=\"e-con-inner\">\n\t\t\t\t<div class=\"elementor-element elementor-element-3498db7 elementor-widget elementor-widget-heading\" data-id=\"3498db7\" data-element_type=\"widget\" data-e-type=\"widget\" data-widget_type=\"heading.default\">\n\t\t\t\t\t<h1 class=\"elementor-heading-title elementor-size-default\">Jogi nyilatkozat<\/h1>\t\t\t\t<\/div>\n\t\t\t\t\t<\/div>\n\t\t\t\t<\/div>\n\t\t<div class=\"elementor-element elementor-element-f8d8a62 e-flex e-con-boxed e-con e-parent\" data-id=\"f8d8a62\" data-element_type=\"container\" data-e-type=\"container\" data-settings=\"{&quot;background_background&quot;:&quot;gradient&quot;}\">\n\t\t\t\t\t<div class=\"e-con-inner\">\n\t\t\t\t<div class=\"elementor-element elementor-element-b9ee973 elementor-widget elementor-widget-text-editor\" data-id=\"b9ee973\" data-element_type=\"widget\" data-e-type=\"widget\" data-widget_type=\"text-editor.default\">\n\t\t\t\t\t\t\t\t\t<p class=\"translation-block\">A <strong>Quantum Prime Profit<\/strong>, le\u00e1nyv\u00e1llalatai, k\u00f6zrem\u0171k\u00f6d\u0151i, szerz\u0151i vagy partnerei (egy\u00fcttesen \u201emi\u201d, \u201eminket\u201d vagy \u201emi\u00e9nk\u201d) \u00e1ltal ezen a weboldalon biztos\u00edtott inform\u00e1ci\u00f3k kiz\u00e1r\u00f3lag \u00e1ltal\u00e1nos t\u00e1j\u00e9koztat\u00e1si \u00e9s oktat\u00e1si c\u00e9lokat szolg\u00e1lnak.<\/p>\t\t\t\t\t\t\t\t<\/div>\n\t\t\t\t<div class=\"elementor-element elementor-element-202bc2c elementor-widget elementor-widget-heading\" data-id=\"202bc2c\" data-element_type=\"widget\" data-e-type=\"widget\" data-widget_type=\"heading.default\">\n\t\t\t\t\t<h2 class=\"elementor-heading-title elementor-size-default\">Nincs p\u00e9nz\u00fcgyi tan\u00e1csad\u00e1s<\/h2>\t\t\t\t<\/div>\n\t\t\t\t<div class=\"elementor-element elementor-element-ff4acec elementor-widget elementor-widget-text-editor\" data-id=\"ff4acec\" data-element_type=\"widget\" data-e-type=\"widget\" data-widget_type=\"text-editor.default\">\n\t\t\t\t\t\t\t\t\t<p>A weboldalon tal\u00e1lhat\u00f3 tartalom \u2013 bele\u00e9rtve t\u00f6bbek k\u00f6z\u00f6tt a cikkeket, vide\u00f3kat, elemz\u00e9seket, piaci adatokat, grafikonokat, jelz\u00e9seket, eszk\u00f6z\u00f6ket \u00e9s oktat\u00e1si anyagokat \u2013 nem min\u0151s\u00fcl p\u00e9nz\u00fcgyi, befektet\u00e9si, jogi, ad\u00f3z\u00e1si vagy egy\u00e9b szakmai tan\u00e1csad\u00e1snak. A weboldalon tal\u00e1lhat\u00f3 inform\u00e1ci\u00f3k semmilyen form\u00e1ban nem min\u0151s\u00fclnek aj\u00e1nl\u00e1snak, felh\u00edv\u00e1snak, aj\u00e1nlatnak vagy j\u00f3v\u00e1hagy\u00e1snak b\u00e1rmilyen p\u00e9nz\u00fcgyi eszk\u00f6z, \u00e9rt\u00e9kpap\u00edr, \u00e1rucikk, valuta, digit\u00e1lis eszk\u00f6z vagy befektet\u00e9si term\u00e9k v\u00e9tel\u00e9re, elad\u00e1s\u00e1ra, tart\u00e1s\u00e1ra vagy kereskedelm\u00e9re vonatkoz\u00f3an.<\/p>\t\t\t\t\t\t\t\t<\/div>\n\t\t\t\t<div class=\"elementor-element elementor-element-a1e79ef elementor-widget elementor-widget-heading\" data-id=\"a1e79ef\" data-element_type=\"widget\" data-e-type=\"widget\" data-widget_type=\"heading.default\">\n\t\t\t\t\t<h2 class=\"elementor-heading-title elementor-size-default\">Kock\u00e1zatelismer\u00e9s<\/h2>\t\t\t\t<\/div>\n\t\t\t\t<div class=\"elementor-element elementor-element-9e79f58 elementor-widget elementor-widget-text-editor\" data-id=\"9e79f58\" data-element_type=\"widget\" data-e-type=\"widget\" data-widget_type=\"text-editor.default\">\n\t\t\t\t\t\t\t\t\t<p>A p\u00e9nz\u00fcgyi piacokon \u2013 bele\u00e9rtve a devizapiacokat (FX), a k\u00fcl\u00f6nb\u00f6zeti szerz\u0151d\u00e9seket (CFD-ket), a kriptovalut\u00e1kat, a r\u00e9szv\u00e9nyeket, az indexeket \u00e9s az egy\u00e9b sz\u00e1rmaztatott term\u00e9keket \u2013 val\u00f3 keresked\u00e9s jelent\u0151s kock\u00e1zattal j\u00e1r, \u00e9s nem minden befektet\u0151 sz\u00e1m\u00e1ra alkalmas. A m\u00faltbeli teljes\u00edtm\u00e9ny nem jelzi a j\u00f6v\u0151beni eredm\u00e9nyeket. Miel\u0151tt b\u00e1rmilyen keresked\u00e9si vagy befektet\u00e9si tev\u00e9kenys\u00e9gbe kezdene, gondosan m\u00e9rlegelje p\u00e9nz\u00fcgyi helyzet\u00e9t \u00e9s kock\u00e1zatt\u0171r\u0151 k\u00e9pess\u00e9g\u00e9t.<\/p>\t\t\t\t\t\t\t\t<\/div>\n\t\t\t\t<div class=\"elementor-element elementor-element-7484589 elementor-widget elementor-widget-heading\" data-id=\"7484589\" data-element_type=\"widget\" data-e-type=\"widget\" data-widget_type=\"heading.default\">\n\t\t\t\t\t<h2 class=\"elementor-heading-title elementor-size-default\">Nincs felel\u0151ss\u00e9g<\/h2>\t\t\t\t<\/div>\n\t\t\t\t<div class=\"elementor-element elementor-element-b51e68b elementor-widget elementor-widget-text-editor\" data-id=\"b51e68b\" data-element_type=\"widget\" data-e-type=\"widget\" data-widget_type=\"text-editor.default\">\n\t\t\t\t\t\t\t\t\t<p>Nem v\u00e1llalunk garanci\u00e1t vagy szavatoss\u00e1got a weboldalon tal\u00e1lhat\u00f3 inform\u00e1ci\u00f3k pontoss\u00e1g\u00e1\u00e9rt, megb\u00edzhat\u00f3s\u00e1g\u00e1\u00e9rt, id\u0151szer\u0171s\u00e9g\u00e9\u00e9rt, teljess\u00e9g\u00e9\u00e9rt vagy megfelel\u0151s\u00e9g\u00e9\u00e9rt. A weboldal haszn\u00e1lat\u00e1val \u00d6n kifejezetten elfogadja, hogy:<\/p><ul><li><p><strong>Quantum Prime Profit<\/strong>, tulajdonosai, alkalmazottai, alv\u00e1llalkoz\u00f3i, tisztvisel\u0151i \u00e9s partnerei <strong>nem felel\u0151s semmilyen vesztes\u00e9g\u00e9rt, k\u00e1r\u00e9rt, k\u00f6lts\u00e9g\u00e9rt vagy kiad\u00e1s\u00e9rt<\/strong>\u00a0k\u00f6zvetlen\u00fcl vagy k\u00f6zvetve a webhely haszn\u00e1lat\u00e1b\u00f3l vagy annak tartalm\u00e1ra val\u00f3 t\u00e1maszkod\u00e1sb\u00f3l ered\u0151en;<\/p><\/li><li><p>Minden felel\u0151ss\u00e9get v\u00e1llalsz a d\u00f6nt\u00e9seid\u00e9rt, keresked\u00e9seid\u00e9rt, strat\u00e9gi\u00e1id\u00e9rt \u00e9s eredm\u00e9nyeid\u00e9rt.<\/p><\/li><\/ul>\t\t\t\t\t\t\t\t<\/div>\n\t\t\t\t<div class=\"elementor-element elementor-element-79e1737 elementor-widget elementor-widget-heading\" data-id=\"79e1737\" data-element_type=\"widget\" data-e-type=\"widget\" data-widget_type=\"heading.default\">\n\t\t\t\t\t<h2 class=\"elementor-heading-title elementor-size-default\">F\u00fcggetlen ellen\u0151rz\u00e9s<\/h2>\t\t\t\t<\/div>\n\t\t\t\t<div class=\"elementor-element elementor-element-4b00ab0 elementor-widget elementor-widget-text-editor\" data-id=\"4b00ab0\" data-element_type=\"widget\" data-e-type=\"widget\" data-widget_type=\"text-editor.default\">\n\t\t\t\t\t\t\t\t\tMiel\u0151tt b\u00e1rmilyen int\u00e9zked\u00e9st megtenn\u00e9l az inform\u00e1ci\u00f3k alapj\u00e1n, f\u00fcggetlen\u00fcl ellen\u0151rizned kell az \u00f6sszes inform\u00e1ci\u00f3t. Ez mag\u00e1ban foglalja adott esetben egy enged\u00e9llyel rendelkez\u0151 p\u00e9nz\u00fcgyi, ad\u00f3z\u00e1si vagy jogi szakemberrel val\u00f3 konzult\u00e1ci\u00f3t.\t\t\t\t\t\t\t\t<\/div>\n\t\t\t\t<div class=\"elementor-element elementor-element-2592262 elementor-widget elementor-widget-heading\" data-id=\"2592262\" data-element_type=\"widget\" data-e-type=\"widget\" data-widget_type=\"heading.default\">\n\t\t\t\t\t<h2 class=\"elementor-heading-title elementor-size-default\">Nincsenek garanci\u00e1k\n<\/h2>\t\t\t\t<\/div>\n\t\t\t\t<div class=\"elementor-element elementor-element-76f8f8e elementor-widget elementor-widget-text-editor\" data-id=\"76f8f8e\" data-element_type=\"widget\" data-e-type=\"widget\" data-widget_type=\"text-editor.default\">\n\t\t\t\t\t\t\t\t\t<p>Nem garant\u00e1ljuk a profitot, az adatok pontoss\u00e1g\u00e1t, a tartalom teljess\u00e9g\u00e9t vagy a webhelyhez val\u00f3 zavartalan hozz\u00e1f\u00e9r\u00e9st. Technikai probl\u00e9m\u00e1k, hib\u00e1k, hi\u00e1nyoss\u00e1gok \u00e9s elavult inform\u00e1ci\u00f3k el\u0151fordulhatnak.<\/p>\t\t\t\t\t\t\t\t<\/div>\n\t\t\t\t<div class=\"elementor-element elementor-element-02f8ae1 elementor-widget elementor-widget-heading\" data-id=\"02f8ae1\" data-element_type=\"widget\" data-e-type=\"widget\" data-widget_type=\"heading.default\">\n\t\t\t\t\t<h2 class=\"elementor-heading-title elementor-size-default\">K\u00fcls\u0151 linkek\n<\/h2>\t\t\t\t<\/div>\n\t\t\t\t<div class=\"elementor-element elementor-element-6cc6206 elementor-widget elementor-widget-text-editor\" data-id=\"6cc6206\" data-element_type=\"widget\" data-e-type=\"widget\" data-widget_type=\"text-editor.default\">\n\t\t\t\t\t\t\t\t\t<p><strong>Quantum Prime Profit<\/strong> harmadik f\u00e9l webhelyeire, eszk\u00f6zeire vagy szolg\u00e1ltat\u00e1saira mutat\u00f3 hivatkoz\u00e1sokat tartalmazhat (\u201eK\u00fcls\u0151 webhelyek\u201d). Ezeket a hivatkoz\u00e1sokat kiz\u00e1r\u00f3lag a k\u00e9nyelem \u00e9rdek\u00e9ben adjuk meg. Nem hagyjuk j\u00f3v\u00e1, \u00e9s nem v\u00e1llalunk felel\u0151ss\u00e9get semmilyen k\u00fcls\u0151 webhely tartalm\u00e1\u00e9rt, pontoss\u00e1g\u00e1\u00e9rt vagy gyakorlat\u00e1\u00e9rt.<\/p>\t\t\t\t\t\t\t\t<\/div>\n\t\t\t\t<div class=\"elementor-element elementor-element-0bc3b42 elementor-widget elementor-widget-heading\" data-id=\"0bc3b42\" data-element_type=\"widget\" data-e-type=\"widget\" data-widget_type=\"heading.default\">\n\t\t\t\t\t<h2 class=\"elementor-heading-title elementor-size-default\">Az \u00d6n felel\u0151ss\u00e9ge<\/h2>\t\t\t\t<\/div>\n\t\t\t\t<div class=\"elementor-element elementor-element-5ab2993 elementor-widget elementor-widget-text-editor\" data-id=\"5ab2993\" data-element_type=\"widget\" data-e-type=\"widget\" data-widget_type=\"text-editor.default\">\n\t\t\t\t\t\t\t\t\t<p>A weboldal el\u00e9r\u00e9s\u00e9vel vagy haszn\u00e1lat\u00e1val \u00d6n elfogadja, hogy minden befektet\u00e9si d\u00f6nt\u00e9st saj\u00e1t felel\u0151ss\u00e9g\u00e9re hoz. \u00d6n kifejezetten mentes\u00edti a quantum-primeprofit.net-et minden felel\u0151ss\u00e9g al\u00f3l az \u00d6n \u00e1ltal elszenvedett k\u00f6zvetlen vagy k\u00f6zvetett vesztes\u00e9g\u00e9rt vagy k\u00e1r\u00e9rt.<\/p>\n<p>Ha nem \u00e9rt egyet a jelen nyilatkozat b\u00e1rmely r\u00e9sz\u00e9vel, azonnal abba kell hagynia a weboldal haszn\u00e1lat\u00e1t.<\/p>\t\t\t\t\t\t\t\t<\/div>\n\t\t\t\t\t<\/div>\n\t\t\t\t<\/div>\n\t\t\t\t<\/div>","protected":false},"excerpt":{"rendered":"<p>Disclaimer The information provided by Quantum Prime Profit, its affiliates, contributors, authors, or partners (collectively, \u201cwe\u201d, \u201cus\u201d, or \u201cour\u201d) on this website is for general informational and educational purposes only. No Financial Advice The content on this website \u2014 including but not limited to articles, videos, analysis, market data, charts, signals, tools, and educational material [&hellip;]<\/p>\n","protected":false},"author":1,"featured_media":0,"parent":0,"menu_order":0,"comment_status":"closed","ping_status":"closed","template":"elementor_header_footer","meta":{"footnotes":""},"class_list":["post-775","page","type-page","status-publish","hentry"],"_links":{"self":[{"href":"https:\/\/quantum-primeprofit.net\/hu\/wp-json\/wp\/v2\/pages\/775","targetHints":{"allow":["GET"]}}],"collection":[{"href":"https:\/\/quantum-primeprofit.net\/hu\/wp-json\/wp\/v2\/pages"}],"about":[{"href":"https:\/\/quantum-primeprofit.net\/hu\/wp-json\/wp\/v2\/types\/page"}],"author":[{"embeddable":true,"href":"https:\/\/quantum-primeprofit.net\/hu\/wp-json\/wp\/v2\/users\/1"}],"replies":[{"embeddable":true,"href":"https:\/\/quantum-primeprofit.net\/hu\/wp-json\/wp\/v2\/comments?post=775"}],"version-history":[{"count":13,"href":"https:\/\/quantum-primeprofit.net\/hu\/wp-json\/wp\/v2\/pages\/775\/revisions"}],"predecessor-version":[{"id":791,"href":"https:\/\/quantum-primeprofit.net\/hu\/wp-json\/wp\/v2\/pages\/775\/revisions\/791"}],"wp:attachment":[{"href":"https:\/\/quantum-primeprofit.net\/hu\/wp-json\/wp\/v2\/media?parent=775"}],"curies":[{"name":"wp","href":"https:\/\/api.w.org\/{rel}","templated":true}]}}