{"id":20,"date":"2025-07-08T07:29:53","date_gmt":"2025-07-08T07:29:53","guid":{"rendered":"https:\/\/quantum-primeprofit.net\/?page_id=20"},"modified":"2025-07-23T09:57:29","modified_gmt":"2025-07-23T09:57:29","slug":"polityka-prywatnosci","status":"publish","type":"page","link":"https:\/\/quantum-primeprofit.net\/pl\/privacy-policy\/","title":{"rendered":"Polityka prywatno\u015bci"},"content":{"rendered":"<div data-elementor-type=\"wp-page\" data-elementor-id=\"20\" class=\"elementor elementor-20\" data-elementor-post-type=\"page\">\n\t\t\t\t<div class=\"elementor-element elementor-element-2cbab67 e-flex e-con-boxed e-con e-parent\" data-id=\"2cbab67\" data-element_type=\"container\" data-e-type=\"container\" data-settings=\"{&quot;background_background&quot;:&quot;classic&quot;}\">\n\t\t\t\t\t<div class=\"e-con-inner\">\n\t\t\t\t<div class=\"elementor-element elementor-element-5eb20c9 elementor-widget elementor-widget-heading\" data-id=\"5eb20c9\" data-element_type=\"widget\" data-e-type=\"widget\" data-widget_type=\"heading.default\">\n\t\t\t\t\t<h1 class=\"elementor-heading-title elementor-size-default\">Polityka prywatno\u015bci<\/h1>\t\t\t\t<\/div>\n\t\t\t\t\t<\/div>\n\t\t\t\t<\/div>\n\t\t<div class=\"elementor-element elementor-element-dc91a14 e-flex e-con-boxed e-con e-parent\" data-id=\"dc91a14\" data-element_type=\"container\" data-e-type=\"container\" data-settings=\"{&quot;background_background&quot;:&quot;gradient&quot;}\">\n\t\t\t\t\t<div class=\"e-con-inner\">\n\t\t\t\t<div class=\"elementor-element elementor-element-9a517ce elementor-widget elementor-widget-text-editor\" data-id=\"9a517ce\" data-element_type=\"widget\" data-e-type=\"widget\" data-widget_type=\"text-editor.default\">\n\t\t\t\t\t\t\t\t\t<p>Na <strong>Quantum Prime Profit\u00a0<\/strong>Twoja prywatno\u015b\u0107 jest naszym priorytetem. Dane osobowe s\u0105 przechowywane tylko tak d\u0142ugo, jak to konieczne, a u\u017cytkownicy z aktywnymi kontami ponosz\u0105 odpowiedzialno\u015b\u0107 za zarz\u0105dzanie swoimi danymi. Po zamkni\u0119ciu konta powi\u0105zane dane zostan\u0105 usuni\u0119te zgodnie z obowi\u0105zuj\u0105cymi przepisami prawa i zasadami.<\/p>\t\t\t\t\t\t\t\t<\/div>\n\t\t\t\t<div class=\"elementor-element elementor-element-d2f0b8f elementor-widget elementor-widget-heading\" data-id=\"d2f0b8f\" data-element_type=\"widget\" data-e-type=\"widget\" data-widget_type=\"heading.default\">\n\t\t\t\t\t<h2 class=\"elementor-heading-title elementor-size-default\">Wst\u0119p<\/h2>\t\t\t\t<\/div>\n\t\t\t\t<div class=\"elementor-element elementor-element-95d5d3b elementor-widget elementor-widget-text-editor\" data-id=\"95d5d3b\" data-element_type=\"widget\" data-e-type=\"widget\" data-widget_type=\"text-editor.default\">\n\t\t\t\t\t\t\t\t\t<p data-pm-slice=\"1 1 []\">Niniejsza Polityka prywatno\u015bci okre\u015bla, w jaki spos\u00f3b: <strong>Quantum Prime Profit<\/strong>\u00a0(\u201emy\u201d, \u201enas\u201d lub \u201enasz\u201d) gromadzi, wykorzystuje i chroni informacje gromadzone za po\u015brednictwem naszej strony internetowej (\u201eStrona internetowa\u201d) i us\u0142ug (\u201eUs\u0142ugi\u201d). Ochrona Twoich danych osobowych jest dla nas spraw\u0105 najwy\u017cszej wagi.<\/p><p>Chocia\u017c nasza Strona internetowa mo\u017ce zawiera\u0107 linki do stron internetowych os\u00f3b trzecich, nie ponosimy odpowiedzialno\u015bci za ich polityk\u0119 prywatno\u015bci. Przed udost\u0119pnieniem jakichkolwiek danych prosimy o zapoznanie si\u0119 z ich polityk\u0105. Wdra\u017camy silne \u015brodki bezpiecze\u0144stwa i organizacyjne w celu ochrony danych osobowych udost\u0119pnianych przez u\u017cytkownik\u00f3w.<\/p><p>Aby korzysta\u0107 z naszej Strony internetowej, mo\u017cesz zosta\u0107 poproszony o podanie informacji, takich jak imi\u0119 i nazwisko, adres e-mail, numer telefonu i inne dane. Dane te pomagaj\u0105 nam zweryfikowa\u0107 Twoj\u0105 to\u017csamo\u015b\u0107, zapewni\u0107 wsparcie i wype\u0142ni\u0107 obowi\u0105zki prawne. Mo\u017cesz zarz\u0105dza\u0107 swoimi preferencjami lub zrezygnowa\u0107 z otrzymywania komunikat\u00f3w w dowolnym momencie.<\/p>\t\t\t\t\t\t\t\t<\/div>\n\t\t\t\t<div class=\"elementor-element elementor-element-e6b3134 elementor-widget elementor-widget-heading\" data-id=\"e6b3134\" data-element_type=\"widget\" data-e-type=\"widget\" data-widget_type=\"heading.default\">\n\t\t\t\t\t<h2 class=\"elementor-heading-title elementor-size-default\">Informacje, kt\u00f3re zbieramy<\/h2>\t\t\t\t<\/div>\n\t\t\t\t<div class=\"elementor-element elementor-element-a7edafa elementor-widget elementor-widget-text-editor\" data-id=\"a7edafa\" data-element_type=\"widget\" data-e-type=\"widget\" data-widget_type=\"text-editor.default\">\n\t\t\t\t\t\t\t\t\t<p data-pm-slice=\"1 1 []\">Gromadzimy podane przez Ciebie dane osobowe, w tym imi\u0119 i nazwisko, adres e-mail, numer telefonu oraz wszelkie dodatkowe dane udost\u0119pnione za po\u015brednictwem formularzy lub komunikacji bezpo\u015bredniej. Podczas rejestracji konta mo\u017cemy r\u00f3wnie\u017c poprosi\u0107 o podanie nazwy firmy, adresu i innych danych kontaktowych.<\/p>\t\t\t\t\t\t\t\t<\/div>\n\t\t\t\t<div class=\"elementor-element elementor-element-abf4ffd elementor-widget elementor-widget-heading\" data-id=\"abf4ffd\" data-element_type=\"widget\" data-e-type=\"widget\" data-widget_type=\"heading.default\">\n\t\t\t\t\t<h2 class=\"elementor-heading-title elementor-size-default\">Gromadzenie i wykorzystywanie danych<\/h2>\t\t\t\t<\/div>\n\t\t\t\t<div class=\"elementor-element elementor-element-2f25ea4 elementor-widget elementor-widget-text-editor\" data-id=\"2f25ea4\" data-element_type=\"widget\" data-e-type=\"widget\" data-widget_type=\"text-editor.default\">\n\t\t\t\t\t\t\t\t\t<p data-pm-slice=\"1 3 []\">Korzystaj\u0105c z <strong>Quantum Prime Profit<\/strong>\u00a0Wyra\u017casz zgod\u0119 na gromadzenie i przetwarzanie danych osobowych, w tym plik\u00f3w cookie i danych przesy\u0142anych za po\u015brednictwem formularzy. Dane te s\u0105 wykorzystywane do ulepszania naszej Witryny, dostosowywania naszych Us\u0142ug oraz wype\u0142niania zobowi\u0105za\u0144 umownych lub prawnych.<\/p><ul data-spread=\"false\"><li><p><strong>Rejestracja konta:<\/strong>\u00a0Na podstawie Twojej zgody lub potrzeby umownej.<\/p><\/li><li><p><strong>\u015awiadczenie us\u0142ug:<\/strong>\u00a0W celu realizacji um\u00f3w i \u015bwiadczenia us\u0142ug.<\/p><\/li><li><p><strong>Wsparcie i komunikacja:<\/strong>\u00a0W celu realizacji uzasadnionych interes\u00f3w lub zgodno\u015bci z przepisami prawa.<\/p><\/li><li><p><strong>Marketing:<\/strong>\u00a0Za Twoj\u0105 wyra\u017an\u0105 zgod\u0105.<\/p><\/li><li><p><strong>Ulepszenia i analityka:<\/strong>\u00a0Dla uzasadnionych interes\u00f3w lub na podstawie Twojej zgody.<\/p><\/li><\/ul>\t\t\t\t\t\t\t\t<\/div>\n\t\t\t\t<div class=\"elementor-element elementor-element-03ad890 elementor-widget elementor-widget-heading\" data-id=\"03ad890\" data-element_type=\"widget\" data-e-type=\"widget\" data-widget_type=\"heading.default\">\n\t\t\t\t\t<h2 class=\"elementor-heading-title elementor-size-default\">Udost\u0119pnianie danych<\/h2>\t\t\t\t<\/div>\n\t\t\t\t<div class=\"elementor-element elementor-element-c106a5d elementor-widget elementor-widget-text-editor\" data-id=\"c106a5d\" data-element_type=\"widget\" data-e-type=\"widget\" data-widget_type=\"text-editor.default\">\n\t\t\t\t\t\t\t\t\t<p data-pm-slice=\"1 1 []\">Mo\u017cemy udost\u0119pnia\u0107 Twoje dane zaufanym partnerom i dostawcom w celu ulepszania naszej Witryny i Us\u0142ug. W przypadku u\u017cytkownik\u00f3w z UE przetwarzanie danych jest zgodne z RODO i innymi obowi\u0105zuj\u0105cymi przepisami.<\/p>\t\t\t\t\t\t\t\t<\/div>\n\t\t\t\t<div class=\"elementor-element elementor-element-538bbb2 elementor-widget elementor-widget-heading\" data-id=\"538bbb2\" data-element_type=\"widget\" data-e-type=\"widget\" data-widget_type=\"heading.default\">\n\t\t\t\t\t<h2 class=\"elementor-heading-title elementor-size-default\">Bezpiecze\u0144stwo<\/h2>\t\t\t\t<\/div>\n\t\t\t\t<div class=\"elementor-element elementor-element-b50a2c4 elementor-widget elementor-widget-text-editor\" data-id=\"b50a2c4\" data-element_type=\"widget\" data-e-type=\"widget\" data-widget_type=\"text-editor.default\">\n\t\t\t\t\t\t\t\t\t<p data-pm-slice=\"1 1 []\">Stosujemy solidne \u015brodki, aby chroni\u0107 Twoje dane osobowe przed nieautoryzowanym dost\u0119pem lub niew\u0142a\u015bciwym wykorzystaniem. Jednak \u017caden system nie jest ca\u0142kowicie odporny na naruszenia. Powiadom nas natychmiast, je\u015bli podejrzewasz jakiekolwiek naruszenie danych.<\/p>\t\t\t\t\t\t\t\t<\/div>\n\t\t\t\t<div class=\"elementor-element elementor-element-86d06cc elementor-widget elementor-widget-heading\" data-id=\"86d06cc\" data-element_type=\"widget\" data-e-type=\"widget\" data-widget_type=\"heading.default\">\n\t\t\t\t\t<h2 class=\"elementor-heading-title elementor-size-default\">Ciastka<\/h2>\t\t\t\t<\/div>\n\t\t\t\t<div class=\"elementor-element elementor-element-aac2f73 elementor-widget elementor-widget-text-editor\" data-id=\"aac2f73\" data-element_type=\"widget\" data-e-type=\"widget\" data-widget_type=\"text-editor.default\">\n\t\t\t\t\t\t\t\t\t<p data-pm-slice=\"1 1 []\">Nasza strona internetowa wykorzystuje pliki cookie, aby u\u0142atwi\u0107 Ci korzystanie z niej. Szczeg\u00f3\u0142owe informacje na temat korzystania z plik\u00f3w cookie i zarz\u0105dzania preferencjami znajdziesz w naszej Polityce plik\u00f3w cookie.<\/p>\t\t\t\t\t\t\t\t<\/div>\n\t\t\t\t<div class=\"elementor-element elementor-element-c3acc1d elementor-widget elementor-widget-heading\" data-id=\"c3acc1d\" data-element_type=\"widget\" data-e-type=\"widget\" data-widget_type=\"heading.default\">\n\t\t\t\t\t<h2 class=\"elementor-heading-title elementor-size-default\">Linki zewn\u0119trzne<\/h2>\t\t\t\t<\/div>\n\t\t\t\t<div class=\"elementor-element elementor-element-2abc628 elementor-widget elementor-widget-text-editor\" data-id=\"2abc628\" data-element_type=\"widget\" data-e-type=\"widget\" data-widget_type=\"text-editor.default\">\n\t\t\t\t\t\t\t\t\t<p data-pm-slice=\"1 1 []\"><strong>Quantum Prime Profit<\/strong> nie ponosi odpowiedzialno\u015bci za polityk\u0119 prywatno\u015bci stron internetowych os\u00f3b trzecich, do kt\u00f3rych linki znajduj\u0105 si\u0119 na naszej Stronie. Przed udost\u0119pnieniem jakichkolwiek danych nale\u017cy zapozna\u0107 si\u0119 z ich polityk\u0105 prywatno\u015bci.<\/p>\t\t\t\t\t\t\t\t<\/div>\n\t\t\t\t<div class=\"elementor-element elementor-element-1e7c81e elementor-widget elementor-widget-heading\" data-id=\"1e7c81e\" data-element_type=\"widget\" data-e-type=\"widget\" data-widget_type=\"heading.default\">\n\t\t\t\t\t<h2 class=\"elementor-heading-title elementor-size-default\">Przechowywanie i usuwanie danych<\/h2>\t\t\t\t<\/div>\n\t\t\t\t<div class=\"elementor-element elementor-element-12785c4 elementor-widget elementor-widget-text-editor\" data-id=\"12785c4\" data-element_type=\"widget\" data-e-type=\"widget\" data-widget_type=\"text-editor.default\">\n\t\t\t\t\t\t\t\t\t<p data-pm-slice=\"1 1 []\">Dane osobowe s\u0105 przechowywane tylko tak d\u0142ugo, jak to konieczne. U\u017cytkownicy aktywnych kont zarz\u0105dzaj\u0105 swoimi danymi, a w przypadku zamkni\u0119cia kont dane zostan\u0105 usuni\u0119te zgodnie z obowi\u0105zuj\u0105cymi przepisami.<\/p>\t\t\t\t\t\t\t\t<\/div>\n\t\t\t\t<div class=\"elementor-element elementor-element-0aafca0 elementor-widget elementor-widget-heading\" data-id=\"0aafca0\" data-element_type=\"widget\" data-e-type=\"widget\" data-widget_type=\"heading.default\">\n\t\t\t\t\t<h2 class=\"elementor-heading-title elementor-size-default\">Prawa u\u017cytkownika<\/h2>\t\t\t\t<\/div>\n\t\t\t\t<div class=\"elementor-element elementor-element-f1629dd elementor-widget elementor-widget-text-editor\" data-id=\"f1629dd\" data-element_type=\"widget\" data-e-type=\"widget\" data-widget_type=\"text-editor.default\">\n\t\t\t\t\t\t\t\t\t<p data-pm-slice=\"1 3 []\">Masz prawo do:<\/p><ul data-spread=\"false\"><li><p>Uzyskaj dost\u0119p do swoich danych osobowych.<\/p><\/li><li><p>Popraw wszelkie nie\u015bcis\u0142o\u015bci.<\/p><\/li><li><p>Z\u0142\u00f3\u017c wniosek o usuni\u0119cie danych w okre\u015blonych okoliczno\u015bciach.<\/p><\/li><li><p>Ograniczenie lub sprzeciw wobec przetwarzania danych.<\/p><\/li><li><p>Mo\u017cesz wycofa\u0107 zgod\u0119 w dowolnym momencie.<\/p><\/li><li><p>Z\u0142\u00f3\u017c wniosek o przeniesienie danych w ustrukturyzowanym formacie.<\/p><\/li><\/ul>\t\t\t\t\t\t\t\t<\/div>\n\t\t\t\t<div class=\"elementor-element elementor-element-93a1aed elementor-widget elementor-widget-heading\" data-id=\"93a1aed\" data-element_type=\"widget\" data-e-type=\"widget\" data-widget_type=\"heading.default\">\n\t\t\t\t\t<h2 class=\"elementor-heading-title elementor-size-default\">Materia\u0142y marketingowe<\/h2>\t\t\t\t<\/div>\n\t\t\t\t<div class=\"elementor-element elementor-element-e0ebe50 elementor-widget elementor-widget-text-editor\" data-id=\"e0ebe50\" data-element_type=\"widget\" data-e-type=\"widget\" data-widget_type=\"text-editor.default\">\n\t\t\t\t\t\t\t\t\t<p data-pm-slice=\"1 1 []\">Za Twoj\u0105 zgod\u0105 wykorzystujemy dane osobowe do wysy\u0142ania materia\u0142\u00f3w marketingowych. Mo\u017cesz wycofa\u0107 t\u0119 zgod\u0119 w dowolnym momencie, kontaktuj\u0105c si\u0119 z nami.<\/p>\t\t\t\t\t\t\t\t<\/div>\n\t\t\t\t<div class=\"elementor-element elementor-element-fdf83f1 elementor-widget elementor-widget-heading\" data-id=\"fdf83f1\" data-element_type=\"widget\" data-e-type=\"widget\" data-widget_type=\"heading.default\">\n\t\t\t\t\t<h2 class=\"elementor-heading-title elementor-size-default\">Akceptacja niniejszej Polityki<\/h2>\t\t\t\t<\/div>\n\t\t\t\t<div class=\"elementor-element elementor-element-440692b elementor-widget elementor-widget-text-editor\" data-id=\"440692b\" data-element_type=\"widget\" data-e-type=\"widget\" data-widget_type=\"text-editor.default\">\n\t\t\t\t\t\t\t\t\t<p data-pm-slice=\"1 1 []\">Korzystaj\u0105c z <strong>Quantum Prime Profit<\/strong>\u00a0Korzystaj\u0105c ze strony internetowej lub Us\u0142ug, akceptujesz niniejsz\u0105 Polityk\u0119 Prywatno\u015bci. Dalsze korzystanie po aktualizacji oznacza akceptacj\u0119 wszelkich zmian.<\/p>\t\t\t\t\t\t\t\t<\/div>\n\t\t\t\t<div class=\"elementor-element elementor-element-b017b81 elementor-widget elementor-widget-heading\" data-id=\"b017b81\" data-element_type=\"widget\" data-e-type=\"widget\" data-widget_type=\"heading.default\">\n\t\t\t\t\t<h2 class=\"elementor-heading-title elementor-size-default\">Skontaktuj si\u0119 z nami<\/h2>\t\t\t\t<\/div>\n\t\t\t\t<div class=\"elementor-element elementor-element-3a87c99 elementor-widget elementor-widget-text-editor\" data-id=\"3a87c99\" data-element_type=\"widget\" data-e-type=\"widget\" data-widget_type=\"text-editor.default\">\n\t\t\t\t\t\t\t\t\t<p data-pm-slice=\"1 1 []\">W razie pyta\u0144, w\u0105tpliwo\u015bci lub zapyta\u0144 dotycz\u0105cych niniejszej Polityki Prywatno\u015bci lub sposobu przetwarzania Twoich danych, prosimy o kontakt. Mo\u017cesz skontaktowa\u0107 si\u0119 z naszym zespo\u0142em wsparcia pod adresem: Je\u015bli masz pytania, w\u0105tpliwo\u015bci lub zapytania dotycz\u0105ce niniejszej Polityki Prywatno\u015bci lub sposobu przetwarzania Twoich danych, prosimy o kontakt. Mo\u017cesz skontaktowa\u0107 si\u0119 z naszym zespo\u0142em wsparcia pod adresem: <strong><a href=\"mailto:support@quantum-primeprofit.net\">support@quantum-primeprofit.net<\/a><\/strong><\/p>\t\t\t\t\t\t\t\t<\/div>\n\t\t\t\t\t<\/div>\n\t\t\t\t<\/div>\n\t\t\t\t<\/div>","protected":false},"excerpt":{"rendered":"<p>Privacy Policy At Quantum Prime Profit\u00a0your privacy is our priority. Personal data is retained only as long as necessary, and users with active accounts are responsible for managing their information. Upon account termination, related data will be deleted in accordance with applicable laws and policies. Introduction This Privacy Policy outlines how Quantum Prime Profit\u00a0(\u201cwe,\u201d \u201cus,\u201d [&hellip;]<\/p>\n","protected":false},"author":1,"featured_media":0,"parent":0,"menu_order":0,"comment_status":"closed","ping_status":"closed","template":"","meta":{"footnotes":""},"class_list":["post-20","page","type-page","status-publish","hentry"],"_links":{"self":[{"href":"https:\/\/quantum-primeprofit.net\/pl\/wp-json\/wp\/v2\/pages\/20","targetHints":{"allow":["GET"]}}],"collection":[{"href":"https:\/\/quantum-primeprofit.net\/pl\/wp-json\/wp\/v2\/pages"}],"about":[{"href":"https:\/\/quantum-primeprofit.net\/pl\/wp-json\/wp\/v2\/types\/page"}],"author":[{"embeddable":true,"href":"https:\/\/quantum-primeprofit.net\/pl\/wp-json\/wp\/v2\/users\/1"}],"replies":[{"embeddable":true,"href":"https:\/\/quantum-primeprofit.net\/pl\/wp-json\/wp\/v2\/comments?post=20"}],"version-history":[{"count":34,"href":"https:\/\/quantum-primeprofit.net\/pl\/wp-json\/wp\/v2\/pages\/20\/revisions"}],"predecessor-version":[{"id":670,"href":"https:\/\/quantum-primeprofit.net\/pl\/wp-json\/wp\/v2\/pages\/20\/revisions\/670"}],"wp:attachment":[{"href":"https:\/\/quantum-primeprofit.net\/pl\/wp-json\/wp\/v2\/media?parent=20"}],"curies":[{"name":"wp","href":"https:\/\/api.w.org\/{rel}","templated":true}]}}