{"id":775,"date":"2025-12-26T07:32:58","date_gmt":"2025-12-26T07:32:58","guid":{"rendered":"https:\/\/quantum-primeprofit.net\/?page_id=775"},"modified":"2025-12-26T10:19:45","modified_gmt":"2025-12-26T10:19:45","slug":"zastrzezenie","status":"publish","type":"page","link":"https:\/\/quantum-primeprofit.net\/pl\/disclaimer\/","title":{"rendered":"Zastrze\u017cenie"},"content":{"rendered":"<div data-elementor-type=\"wp-page\" data-elementor-id=\"775\" class=\"elementor elementor-775\" data-elementor-post-type=\"page\">\n\t\t\t\t<div class=\"elementor-element elementor-element-63fd79a e-flex e-con-boxed e-con e-parent\" data-id=\"63fd79a\" data-element_type=\"container\" data-e-type=\"container\" data-settings=\"{&quot;background_background&quot;:&quot;classic&quot;}\">\n\t\t\t\t\t<div class=\"e-con-inner\">\n\t\t\t\t<div class=\"elementor-element elementor-element-3498db7 elementor-widget elementor-widget-heading\" data-id=\"3498db7\" data-element_type=\"widget\" data-e-type=\"widget\" data-widget_type=\"heading.default\">\n\t\t\t\t\t<h1 class=\"elementor-heading-title elementor-size-default\">Zastrze\u017cenie<\/h1>\t\t\t\t<\/div>\n\t\t\t\t\t<\/div>\n\t\t\t\t<\/div>\n\t\t<div class=\"elementor-element elementor-element-f8d8a62 e-flex e-con-boxed e-con e-parent\" data-id=\"f8d8a62\" data-element_type=\"container\" data-e-type=\"container\" data-settings=\"{&quot;background_background&quot;:&quot;gradient&quot;}\">\n\t\t\t\t\t<div class=\"e-con-inner\">\n\t\t\t\t<div class=\"elementor-element elementor-element-b9ee973 elementor-widget elementor-widget-text-editor\" data-id=\"b9ee973\" data-element_type=\"widget\" data-e-type=\"widget\" data-widget_type=\"text-editor.default\">\n\t\t\t\t\t\t\t\t\t<p class=\"translation-block\">Informacje udost\u0119pniane na tej stronie internetowej przez <strong>Quantum Prime Profit<\/strong>, podmioty z nim powi\u0105zane, wsp\u00f3\u0142pracownik\u00f3w, autor\u00f3w lub partner\u00f3w (zwanych \u0142\u0105cznie \u201emy\u201d, \u201enas\u201d lub \u201enasz\u201d) s\u0142u\u017c\u0105 wy\u0142\u0105cznie celom og\u00f3lnoinformacyjnym i edukacyjnym.<\/p>\t\t\t\t\t\t\t\t<\/div>\n\t\t\t\t<div class=\"elementor-element elementor-element-202bc2c elementor-widget elementor-widget-heading\" data-id=\"202bc2c\" data-element_type=\"widget\" data-e-type=\"widget\" data-widget_type=\"heading.default\">\n\t\t\t\t\t<h2 class=\"elementor-heading-title elementor-size-default\">Brak porad finansowych<\/h2>\t\t\t\t<\/div>\n\t\t\t\t<div class=\"elementor-element elementor-element-ff4acec elementor-widget elementor-widget-text-editor\" data-id=\"ff4acec\" data-element_type=\"widget\" data-e-type=\"widget\" data-widget_type=\"text-editor.default\">\n\t\t\t\t\t\t\t\t\t<p>Tre\u015bci zawarte na tej stronie internetowej \u2014 w tym mi\u0119dzy innymi artyku\u0142y, filmy, analizy, dane rynkowe, wykresy, sygna\u0142y, narz\u0119dzia i materia\u0142y edukacyjne \u2014 nie stanowi\u0105 porady finansowej, inwestycyjnej, prawnej, podatkowej ani innej profesjonalnej porady. \u017badna tre\u015b\u0107 na tej stronie nie stanowi rekomendacji, zach\u0119ty, oferty ani poparcia dla kupna, sprzeda\u017cy, posiadania lub obrotu jakimkolwiek instrumentem finansowym, papierem warto\u015bciowym, towarem, walut\u0105, aktywem cyfrowym lub produktem inwestycyjnym.<\/p>\t\t\t\t\t\t\t\t<\/div>\n\t\t\t\t<div class=\"elementor-element elementor-element-a1e79ef elementor-widget elementor-widget-heading\" data-id=\"a1e79ef\" data-element_type=\"widget\" data-e-type=\"widget\" data-widget_type=\"heading.default\">\n\t\t\t\t\t<h2 class=\"elementor-heading-title elementor-size-default\">Potwierdzenie ryzyka<\/h2>\t\t\t\t<\/div>\n\t\t\t\t<div class=\"elementor-element elementor-element-9e79f58 elementor-widget elementor-widget-text-editor\" data-id=\"9e79f58\" data-element_type=\"widget\" data-e-type=\"widget\" data-widget_type=\"text-editor.default\">\n\t\t\t\t\t\t\t\t\t<p>Obr\u00f3t na rynkach finansowych \u2013 w tym na rynku walutowym (FX), kontraktach CFD, kryptowalutach, akcjach, indeksach i innych instrumentach pochodnych \u2013 wi\u0105\u017ce si\u0119 ze znacznym ryzykiem i nie jest odpowiedni dla wszystkich inwestor\u00f3w. Wyniki osi\u0105gni\u0119te w przesz\u0142o\u015bci nie s\u0105 wyznacznikiem przysz\u0142ych rezultat\u00f3w. Przed podj\u0119ciem jakiejkolwiek dzia\u0142alno\u015bci handlowej lub inwestycyjnej nale\u017cy dok\u0142adnie rozwa\u017cy\u0107 swoj\u0105 sytuacj\u0119 finansow\u0105 i tolerancj\u0119 ryzyka.<\/p>\t\t\t\t\t\t\t\t<\/div>\n\t\t\t\t<div class=\"elementor-element elementor-element-7484589 elementor-widget elementor-widget-heading\" data-id=\"7484589\" data-element_type=\"widget\" data-e-type=\"widget\" data-widget_type=\"heading.default\">\n\t\t\t\t\t<h2 class=\"elementor-heading-title elementor-size-default\">Brak odpowiedzialno\u015bci<\/h2>\t\t\t\t<\/div>\n\t\t\t\t<div class=\"elementor-element elementor-element-b51e68b elementor-widget elementor-widget-text-editor\" data-id=\"b51e68b\" data-element_type=\"widget\" data-e-type=\"widget\" data-widget_type=\"text-editor.default\">\n\t\t\t\t\t\t\t\t\t<p>Nie udzielamy \u017cadnych gwarancji ani r\u0119kojmi co do dok\u0142adno\u015bci, rzetelno\u015bci, aktualno\u015bci, kompletno\u015bci ani przydatno\u015bci informacji zawartych na tej stronie internetowej. Korzystaj\u0105c z tej strony, wyra\u017casz zgod\u0119 na to, \u017ce:<\/p><ul><li><p><strong>Quantum Prime Profit<\/strong>, jej w\u0142a\u015bciciele, pracownicy, kontrahenci, urz\u0119dnicy i partnerzy s\u0105 <strong>nie ponosi odpowiedzialno\u015bci za jakiekolwiek straty, szkody, koszty lub wydatki<\/strong>\u00a0wynikaj\u0105ce bezpo\u015brednio lub po\u015brednio z korzystania z tej witryny lub polegania na jej tre\u015bci;<\/p><\/li><li><p>Przyjmujesz pe\u0142n\u0105 odpowiedzialno\u015b\u0107 za swoje decyzje, transakcje, strategie i wyniki.<\/p><\/li><\/ul>\t\t\t\t\t\t\t\t<\/div>\n\t\t\t\t<div class=\"elementor-element elementor-element-79e1737 elementor-widget elementor-widget-heading\" data-id=\"79e1737\" data-element_type=\"widget\" data-e-type=\"widget\" data-widget_type=\"heading.default\">\n\t\t\t\t\t<h2 class=\"elementor-heading-title elementor-size-default\">Niezale\u017cna weryfikacja<\/h2>\t\t\t\t<\/div>\n\t\t\t\t<div class=\"elementor-element elementor-element-4b00ab0 elementor-widget elementor-widget-text-editor\" data-id=\"4b00ab0\" data-element_type=\"widget\" data-e-type=\"widget\" data-widget_type=\"text-editor.default\">\n\t\t\t\t\t\t\t\t\tPrzed podj\u0119ciem jakichkolwiek dzia\u0142a\u0144 nale\u017cy niezale\u017cnie zweryfikowa\u0107 wszystkie informacje. W stosownych przypadkach obejmuje to konsultacj\u0119 z licencjonowanym doradc\u0105 finansowym, podatkowym lub prawnym.\t\t\t\t\t\t\t\t<\/div>\n\t\t\t\t<div class=\"elementor-element elementor-element-2592262 elementor-widget elementor-widget-heading\" data-id=\"2592262\" data-element_type=\"widget\" data-e-type=\"widget\" data-widget_type=\"heading.default\">\n\t\t\t\t\t<h2 class=\"elementor-heading-title elementor-size-default\">Brak gwarancji\n<\/h2>\t\t\t\t<\/div>\n\t\t\t\t<div class=\"elementor-element elementor-element-76f8f8e elementor-widget elementor-widget-text-editor\" data-id=\"76f8f8e\" data-element_type=\"widget\" data-e-type=\"widget\" data-widget_type=\"text-editor.default\">\n\t\t\t\t\t\t\t\t\t<p>Nie gwarantujemy zysk\u00f3w, dok\u0142adno\u015bci danych, kompletno\u015bci tre\u015bci ani nieprzerwanego dost\u0119pu do serwisu. Mog\u0105 wyst\u0105pi\u0107 problemy techniczne, b\u0142\u0119dy, pomini\u0119cia i nieaktualne informacje.<\/p>\t\t\t\t\t\t\t\t<\/div>\n\t\t\t\t<div class=\"elementor-element elementor-element-02f8ae1 elementor-widget elementor-widget-heading\" data-id=\"02f8ae1\" data-element_type=\"widget\" data-e-type=\"widget\" data-widget_type=\"heading.default\">\n\t\t\t\t\t<h2 class=\"elementor-heading-title elementor-size-default\">Linki zewn\u0119trzne\n<\/h2>\t\t\t\t<\/div>\n\t\t\t\t<div class=\"elementor-element elementor-element-6cc6206 elementor-widget elementor-widget-text-editor\" data-id=\"6cc6206\" data-element_type=\"widget\" data-e-type=\"widget\" data-widget_type=\"text-editor.default\">\n\t\t\t\t\t\t\t\t\t<p><strong>Quantum Prime Profit<\/strong> mog\u0105 zawiera\u0107 linki do stron internetowych, narz\u0119dzi lub us\u0142ug stron trzecich (\u201eStrony Zewn\u0119trzne\u201d). Linki te s\u0105 udost\u0119pniane wy\u0142\u0105cznie dla wygody. Nie popieramy i nie ponosimy odpowiedzialno\u015bci za tre\u015b\u0107, dok\u0142adno\u015b\u0107 ani praktyki \u017cadnych Stron Zewn\u0119trznych.<\/p>\t\t\t\t\t\t\t\t<\/div>\n\t\t\t\t<div class=\"elementor-element elementor-element-0bc3b42 elementor-widget elementor-widget-heading\" data-id=\"0bc3b42\" data-element_type=\"widget\" data-e-type=\"widget\" data-widget_type=\"heading.default\">\n\t\t\t\t\t<h2 class=\"elementor-heading-title elementor-size-default\">Twoja odpowiedzialno\u015b\u0107<\/h2>\t\t\t\t<\/div>\n\t\t\t\t<div class=\"elementor-element elementor-element-5ab2993 elementor-widget elementor-widget-text-editor\" data-id=\"5ab2993\" data-element_type=\"widget\" data-e-type=\"widget\" data-widget_type=\"text-editor.default\">\n\t\t\t\t\t\t\t\t\t<p>Uzyskuj\u0105c dost\u0119p do tej witryny lub korzystaj\u0105c z niej, zgadzasz si\u0119, \u017ce wszystkie decyzje inwestycyjne podejmujesz na w\u0142asne ryzyko. Wyra\u017anie zwalniasz quantum-primeprofit.net z wszelkiej odpowiedzialno\u015bci za jakiekolwiek bezpo\u015brednie lub po\u015brednie straty lub szkody, kt\u00f3re poniesiesz.<\/p>\n<p>Je\u015bli nie zgadzasz si\u0119 z jak\u0105kolwiek cz\u0119\u015bci\u0105 niniejszej klauzuli wy\u0142\u0105czaj\u0105cej odpowiedzialno\u015b\u0107, musisz natychmiast zaprzesta\u0107 korzystania z tej witryny internetowej.<\/p>\t\t\t\t\t\t\t\t<\/div>\n\t\t\t\t\t<\/div>\n\t\t\t\t<\/div>\n\t\t\t\t<\/div>","protected":false},"excerpt":{"rendered":"<p>Disclaimer The information provided by Quantum Prime Profit, its affiliates, contributors, authors, or partners (collectively, \u201cwe\u201d, \u201cus\u201d, or \u201cour\u201d) on this website is for general informational and educational purposes only. No Financial Advice The content on this website \u2014 including but not limited to articles, videos, analysis, market data, charts, signals, tools, and educational material [&hellip;]<\/p>\n","protected":false},"author":1,"featured_media":0,"parent":0,"menu_order":0,"comment_status":"closed","ping_status":"closed","template":"elementor_header_footer","meta":{"footnotes":""},"class_list":["post-775","page","type-page","status-publish","hentry"],"_links":{"self":[{"href":"https:\/\/quantum-primeprofit.net\/pl\/wp-json\/wp\/v2\/pages\/775","targetHints":{"allow":["GET"]}}],"collection":[{"href":"https:\/\/quantum-primeprofit.net\/pl\/wp-json\/wp\/v2\/pages"}],"about":[{"href":"https:\/\/quantum-primeprofit.net\/pl\/wp-json\/wp\/v2\/types\/page"}],"author":[{"embeddable":true,"href":"https:\/\/quantum-primeprofit.net\/pl\/wp-json\/wp\/v2\/users\/1"}],"replies":[{"embeddable":true,"href":"https:\/\/quantum-primeprofit.net\/pl\/wp-json\/wp\/v2\/comments?post=775"}],"version-history":[{"count":13,"href":"https:\/\/quantum-primeprofit.net\/pl\/wp-json\/wp\/v2\/pages\/775\/revisions"}],"predecessor-version":[{"id":791,"href":"https:\/\/quantum-primeprofit.net\/pl\/wp-json\/wp\/v2\/pages\/775\/revisions\/791"}],"wp:attachment":[{"href":"https:\/\/quantum-primeprofit.net\/pl\/wp-json\/wp\/v2\/media?parent=775"}],"curies":[{"name":"wp","href":"https:\/\/api.w.org\/{rel}","templated":true}]}}