{"id":18,"date":"2025-07-08T07:29:38","date_gmt":"2025-07-08T07:29:38","guid":{"rendered":"https:\/\/quantum-primeprofit.net\/?page_id=18"},"modified":"2025-07-23T08:38:08","modified_gmt":"2025-07-23T08:38:08","slug":"contactati-ne","status":"publish","type":"page","link":"https:\/\/quantum-primeprofit.net\/ro\/contact-us\/","title":{"rendered":"Contacta\u0163i-ne"},"content":{"rendered":"<div data-elementor-type=\"wp-page\" data-elementor-id=\"18\" class=\"elementor elementor-18\" data-elementor-post-type=\"page\">\n\t\t\t\t<div class=\"elementor-element elementor-element-637b5c7 e-flex e-con-boxed e-con e-parent\" data-id=\"637b5c7\" data-element_type=\"container\" data-e-type=\"container\" data-settings=\"{&quot;background_background&quot;:&quot;classic&quot;}\">\n\t\t\t\t\t<div class=\"e-con-inner\">\n\t\t\t\t<div class=\"elementor-element elementor-element-9e3317c elementor-widget elementor-widget-heading\" data-id=\"9e3317c\" data-element_type=\"widget\" data-e-type=\"widget\" data-widget_type=\"heading.default\">\n\t\t\t\t\t<h1 class=\"elementor-heading-title elementor-size-default\">Contacta\u0163i-ne<\/h1>\t\t\t\t<\/div>\n\t\t\t\t\t<\/div>\n\t\t\t\t<\/div>\n\t\t<div class=\"elementor-element elementor-element-e3b4430 e-flex e-con-boxed e-con e-parent\" data-id=\"e3b4430\" data-element_type=\"container\" data-e-type=\"container\" data-settings=\"{&quot;background_background&quot;:&quot;gradient&quot;}\">\n\t\t\t\t\t<div class=\"e-con-inner\">\n\t\t<div class=\"elementor-element elementor-element-b64a29f e-con-full e-flex e-con e-child\" data-id=\"b64a29f\" data-element_type=\"container\" data-e-type=\"container\">\n\t\t\t\t<div class=\"elementor-element elementor-element-8c6bc5b elementor-widget-mobile__width-inherit elementor-widget elementor-widget-shortcode\" data-id=\"8c6bc5b\" data-element_type=\"widget\" data-e-type=\"widget\" data-widget_type=\"shortcode.default\">\n\t\t\t\t\t\t\t<div class=\"elementor-shortcode\"><style>\n\t.fortp {\n    display: flex;\n    align-items: center;\n    gap: 6px;\n}\n\n\t.form-wrapper-trade .formheading {\n\t\tfont-size: 26;\n\t\tfont-weight: 600;\n\t}\n\n\t@media screen and (max-width: 768px) {\n\t\t.form-wrapper-trade .formheading {\n\t\t\tfont-size: 22;\n\t\t\tfont-weight: 600;\n\t\t}\n\t}\n\t.form-wrapper-trade,\n\t#customFormWidget {\n\t\tfont-family: 'Poppins', sans-serif;\n\t}\n\t.form-wrapper-trade {\n\t\twidth: 100%;\n\t\tmax-width: 100%; \n\t\tbackground: #ffffff;\n\t\tmargin: 0 auto;\n\t\tpadding: 25px 30px;\n\t\tborder-radius: 10px;\n\t\tbox-shadow: 0 5px 15px rgba(0,0,0,0.1);\n\t\n\t\n\t}\n\t@media screen and (max-width: 991px) {\n\t\t.form-wrapper-trade {\n\t\t\twidth: 100% !important;\n\t\t\tmax-width: 100%;\n\t\t}\n\t}\n\n\t.form-label {\n\t\tdisplay: block;\n\t\tmargin-bottom: 5px;\n\t\tfont-weight: 500;\n\t\tcolor: #000000 !important;\n\t}\n\tbutton.form-control {\n\t\ttransition: all 0.3s ease;\n\t}\n<\/style>\n<div class=\"form-wrapper-trade\" style=\"max-width: 500px; margin: 0 auto;\">\n\t<div class=\"preloader\" id=\"preloader\"><div class=\"spinner\"><\/div><\/div>\n\n\t<p class=\"formheading form-label\">Get Registered<\/p>\n\n\t<form id=\"customFormWidget\" autocomplete=\"off\" action=\"\">\n\t\t<div class=\"form-group\">\n\t\t\t<label for=\"firstName\" class=\"form-label\">First Name<\/label>\n\t\t\t<input id=\"firstName\" name=\"firstName\" type=\"text\" class=\"form-control\" required \/>\n\t\t<\/div>\n\n\t\t<div class=\"form-group\">\n\t\t\t<label for=\"lastName\" class=\"form-label\">Last Name<\/label>\n\t\t\t<input id=\"lastName\" name=\"lastName\" type=\"text\" class=\"form-control\" required \/>\n\t\t<\/div>\n\n\t\t<div class=\"form-group\">\n\t\t\t<label for=\"email\" class=\"form-label\">Email<\/label>\n\t\t\t<input id=\"email\" name=\"email\" type=\"email\" class=\"form-control\" required \/>\n\t\t<\/div>\n\n\t\t<div class=\"form-group\">\n\t\t\t<label for=\"phone\" class=\"form-label\">Phone Number<\/label>\n\t\t\t<input id=\"phone\" name=\"phone\" type=\"tel\" class=\"form-control\" style=\"width:100%\" required \/>\n\t\t<\/div>\n\n\t\t<div class=\"form-group\">\n\t\t\t<button \n\t\t\t\t\ttype=\"submit\" \n\t\t\t\t\tclass=\"form-control\"\n\t\t\t\t\tstyle=\"background-color: #dec422; \t\t\t\t\t\t   color: #000000; \t\t\t\t\t\t   border-radius: 5px;\">\n\t\t\t\tCreeaz\u0103 cont\t\t\t<\/button>\n\t\t<\/div>\n\n\t\t<div id=\"formErrorMessage\" class=\"form-message\"><\/div>\n\n\t\t<div class=\"fortp\" style=\"display: block;    text-align: center;    gap: 6px;\">\n \t\t\t        <input type=\"checkbox\" checked=\"checked\" style=\"accent-color: #350e4d;\" id=\"alwaysCheckedCheckbox\" \/>\n\t\t\t<span>\r\nAm citit \u0219i sunt de acord cu \r\n  <a href=\"https:\/\/quantum-primeprofit.net\/ro\/politica-de-confidentialitate\/\" style=\"color: black;font-size: 12px;font-weight: bold\"><b>Politica de confiden\u021bialitate<\/b><\/a> \r\n  \u015fi \r\n  <a href=\"https:\/\/quantum-primeprofit.net\/ro\/termeni-si-conditii\/\" style=\"color: black;font-size: 12px;font-weight: bold\"><b>Termeni \u0219i condi\u021bii<\/b><\/a>.\r\n<\/span>\r\n\t\t<\/div>\n\t<input type=\"hidden\" name=\"trp-form-language\" value=\"ro\"\/><\/form>\n<\/div>\n<\/div>\n\t\t\t\t\t\t<\/div>\n\t\t\t\t<\/div>\n\t\t<div class=\"elementor-element elementor-element-f244179 e-con-full e-flex e-con e-child\" data-id=\"f244179\" data-element_type=\"container\" data-e-type=\"container\">\n\t\t\t\t<div class=\"elementor-element elementor-element-2a544ea elementor-widget elementor-widget-heading\" data-id=\"2a544ea\" data-element_type=\"widget\" data-e-type=\"widget\" data-widget_type=\"heading.default\">\n\t\t\t\t\t<h2 class=\"elementor-heading-title elementor-size-default\">Suntem aici pentru a v\u0103 ajuta s\u0103 tranzac\u021biona\u021bi mai inteligent<\/h2>\t\t\t\t<\/div>\n\t\t\t\t<div class=\"elementor-element elementor-element-5b46b70 elementor-widget elementor-widget-text-editor\" data-id=\"5b46b70\" data-element_type=\"widget\" data-e-type=\"widget\" data-widget_type=\"text-editor.default\">\n\t\t\t\t\t\t\t\t\t<p>Ai \u00eentreb\u0103ri, ai nevoie de asisten\u021b\u0103 sau vrei s\u0103 afli mai multe despre cum Quantum Prime Profit UK \u00ee\u021bi poate \u00eembun\u0103t\u0103\u021bi experien\u021ba \u00een tranzac\u021bionarea cripto? Echipa noastr\u0103 dedicat\u0103 este gata s\u0103 te ajute. Indiferent dac\u0103 e\u0219ti un utilizator nou sau un trader experimentat, \u00ee\u021bi pre\u021buim timpul \u0219i ne angaj\u0103m s\u0103 oferim asisten\u021b\u0103 rapid\u0103 \u0219i fiabil\u0103.<\/p>\t\t\t\t\t\t\t\t<\/div>\n\t\t\t\t<div class=\"elementor-element elementor-element-98bf37e elementor-mobile-align-center elementor-widget-mobile__width-inherit elementor-widget elementor-widget-button\" data-id=\"98bf37e\" data-element_type=\"widget\" data-e-type=\"widget\" data-widget_type=\"button.default\">\n\t\t\t\t\t\t\t\t\t\t<a class=\"elementor-button elementor-button-link elementor-size-sm elementor-animation-grow\" href=\"#replain-link\">\n\t\t\t\t\t\t<span class=\"elementor-button-content-wrapper\">\n\t\t\t\t\t\t\t\t\t<span class=\"elementor-button-text\">Chat de asisten\u021b\u0103 live<\/span>\n\t\t\t\t\t<\/span>\n\t\t\t\t\t<\/a>\n\t\t\t\t\t\t\t\t<\/div>\n\t\t\t\t<\/div>\n\t\t\t\t\t<\/div>\n\t\t\t\t<\/div>\n\t\t\t\t<\/div>","protected":false},"excerpt":{"rendered":"<p>Contact Us We\u2019re Here to Help You Trade Smarter Have questions, need support, or want to learn more about how Quantum Prime Profit UK can enhance your crypto trading journey? Our dedicated team is ready to assist you. Whether you&#8217;re a new user or an experienced trader, we value your time and are committed to [&hellip;]<\/p>\n","protected":false},"author":1,"featured_media":0,"parent":0,"menu_order":0,"comment_status":"closed","ping_status":"closed","template":"","meta":{"footnotes":""},"class_list":["post-18","page","type-page","status-publish","hentry"],"_links":{"self":[{"href":"https:\/\/quantum-primeprofit.net\/ro\/wp-json\/wp\/v2\/pages\/18","targetHints":{"allow":["GET"]}}],"collection":[{"href":"https:\/\/quantum-primeprofit.net\/ro\/wp-json\/wp\/v2\/pages"}],"about":[{"href":"https:\/\/quantum-primeprofit.net\/ro\/wp-json\/wp\/v2\/types\/page"}],"author":[{"embeddable":true,"href":"https:\/\/quantum-primeprofit.net\/ro\/wp-json\/wp\/v2\/users\/1"}],"replies":[{"embeddable":true,"href":"https:\/\/quantum-primeprofit.net\/ro\/wp-json\/wp\/v2\/comments?post=18"}],"version-history":[{"count":31,"href":"https:\/\/quantum-primeprofit.net\/ro\/wp-json\/wp\/v2\/pages\/18\/revisions"}],"predecessor-version":[{"id":653,"href":"https:\/\/quantum-primeprofit.net\/ro\/wp-json\/wp\/v2\/pages\/18\/revisions\/653"}],"wp:attachment":[{"href":"https:\/\/quantum-primeprofit.net\/ro\/wp-json\/wp\/v2\/media?parent=18"}],"curies":[{"name":"wp","href":"https:\/\/api.w.org\/{rel}","templated":true}]}}