{"id":22,"date":"2025-07-08T07:30:11","date_gmt":"2025-07-08T07:30:11","guid":{"rendered":"https:\/\/quantum-primeprofit.net\/?page_id=22"},"modified":"2025-07-23T10:02:43","modified_gmt":"2025-07-23T10:02:43","slug":"termeni-si-conditii","status":"publish","type":"page","link":"https:\/\/quantum-primeprofit.net\/ro\/terms-and-conditions\/","title":{"rendered":"Termeni \u0219i condi\u021bii"},"content":{"rendered":"<div data-elementor-type=\"wp-page\" data-elementor-id=\"22\" class=\"elementor elementor-22\" data-elementor-post-type=\"page\">\n\t\t\t\t<div class=\"elementor-element elementor-element-60b41dd e-flex e-con-boxed e-con e-parent\" data-id=\"60b41dd\" data-element_type=\"container\" data-e-type=\"container\" data-settings=\"{&quot;background_background&quot;:&quot;classic&quot;}\">\n\t\t\t\t\t<div class=\"e-con-inner\">\n\t\t\t\t<div class=\"elementor-element elementor-element-8b0e9de elementor-widget elementor-widget-heading\" data-id=\"8b0e9de\" data-element_type=\"widget\" data-e-type=\"widget\" data-widget_type=\"heading.default\">\n\t\t\t\t\t<h1 class=\"elementor-heading-title elementor-size-default\">Termeni \u0219i condi\u021bii <\/h1>\t\t\t\t<\/div>\n\t\t\t\t\t<\/div>\n\t\t\t\t<\/div>\n\t\t<div class=\"elementor-element elementor-element-ac32bc7 e-flex e-con-boxed e-con e-parent\" data-id=\"ac32bc7\" data-element_type=\"container\" data-e-type=\"container\" data-settings=\"{&quot;background_background&quot;:&quot;gradient&quot;}\">\n\t\t\t\t\t<div class=\"e-con-inner\">\n\t\t\t\t<div class=\"elementor-element elementor-element-64fcf75 elementor-widget elementor-widget-text-editor\" data-id=\"64fcf75\" data-element_type=\"widget\" data-e-type=\"widget\" data-widget_type=\"text-editor.default\">\n\t\t\t\t\t\t\t\t\t<p data-pm-slice=\"1 1 []\">V\u0103 mul\u021bumim pentru vizitarea site-ului nostru web, <strong>Quantum Prime Profit<\/strong>, accesibil prin\u00a0<strong><a href=\"https:\/\/quantum-primeprofit.net\/ro\/\"> quantum-primeprofit.net<\/a><\/strong> Ace\u0219ti Termeni \u0219i Condi\u021bii, \u00eempreun\u0103 cu Politica noastr\u0103 de Confiden\u021bialitate, guverneaz\u0103 accesul \u0219i utilizarea Site-ului Web \u0219i a serviciilor oferite de <strong>Quantum Prime Profit<\/strong> (\u201enoi\u201d, \u201eal nostru\/a noastr\u0103\/ai no\u0219tri\/ale noastre\u201d sau \u201enou\u0103\u201d). Ne pute\u021bi contacta pentru informa\u021bii suplimentare sau asisten\u021b\u0103.<\/p><p>Prin accesarea Site-ului Web sau utilizarea produselor \u0219i serviciilor noastre (denumite colectiv \u201eServicii\u201d), sunte\u021bi de acord s\u0103 respecta\u021bi ace\u0219ti Termeni \u0219i Politica noastr\u0103 de confiden\u021bialitate. Ace\u0219ti Termeni includ ghiduri opera\u021bionale, politici \u0219i termeni suplimentari. Ne rezerv\u0103m dreptul de a actualiza ace\u0219ti Termeni f\u0103r\u0103 notificare prealabil\u0103. Este responsabilitatea dumneavoastr\u0103 s\u0103 revizui\u021bi periodic aceast\u0103 pagin\u0103 pentru modific\u0103ri. Utilizarea continu\u0103 a Site-ului Web semnific\u0103 acceptarea oric\u0103ror actualiz\u0103ri.<\/p><p>Dac\u0103 nu sunte\u021bi de acord cu orice parte a acestor Termeni, nu sunte\u021bi autorizat s\u0103 utiliza\u021bi Site-ul web sau Serviciile noastre. Ne rezerv\u0103m dreptul de a restric\u021biona accesul la Site-ul web \u0219i la Servicii la discre\u021bia noastr\u0103.<\/p>\t\t\t\t\t\t\t\t<\/div>\n\t\t\t\t<div class=\"elementor-element elementor-element-a3ed374 elementor-widget elementor-widget-heading\" data-id=\"a3ed374\" data-element_type=\"widget\" data-e-type=\"widget\" data-widget_type=\"heading.default\">\n\t\t\t\t\t<h2 class=\"elementor-heading-title elementor-size-default\">F\u0103r\u0103 sfaturi de investi\u021bii<\/h2>\t\t\t\t<\/div>\n\t\t\t\t<div class=\"elementor-element elementor-element-332445e elementor-widget elementor-widget-text-editor\" data-id=\"332445e\" data-element_type=\"widget\" data-e-type=\"widget\" data-widget_type=\"text-editor.default\">\n\t\t\t\t\t\t\t\t\t<p data-pm-slice=\"1 1 []\">Site-ul web nu ofer\u0103 consultan\u021b\u0103 financiar\u0103 sau de investi\u021bii personalizat\u0103, cu excep\u021bia cazului \u00een care se specific\u0103 altfel. Informa\u021biile furnizate sunt doar cu titlu informativ \u0219i nu iau \u00een considerare situa\u021bia dumneavoastr\u0103 financiar\u0103 individual\u0103 sau obiectivele de investi\u021bii.<\/p><p>\u00cenainte de a lua decizii de investi\u021bii, evalua\u021bi dac\u0103 informa\u021biile de pe site-ul web se potrivesc circumstan\u021belor dumneavoastr\u0103. Lua\u021bi \u00een considerare consultarea unui consultant financiar independent, dac\u0103 este necesar. Cu excep\u021bia cazului \u00een care se specific\u0103 altfel, informa\u021biile de pe site-ul web nu reprezint\u0103 o recomandare de a investi \u00een niciun produs sau serviciu financiar.<\/p>\t\t\t\t\t\t\t\t<\/div>\n\t\t\t\t<div class=\"elementor-element elementor-element-98018c1 elementor-widget elementor-widget-heading\" data-id=\"98018c1\" data-element_type=\"widget\" data-e-type=\"widget\" data-widget_type=\"heading.default\">\n\t\t\t\t\t<h2 class=\"elementor-heading-title elementor-size-default\">Produse \u0219i servicii<\/h2>\t\t\t\t<\/div>\n\t\t\t\t<div class=\"elementor-element elementor-element-a8302e0 elementor-widget elementor-widget-text-editor\" data-id=\"a8302e0\" data-element_type=\"widget\" data-e-type=\"widget\" data-widget_type=\"text-editor.default\">\n\t\t\t\t\t\t\t\t\t<p data-pm-slice=\"1 1 []\">Nu toate produsele sau serviciile men\u021bionate pe site sunt furnizate de noi. Referin\u021bele la produse, servicii sau site-uri web ale unor ter\u021be p\u0103r\u021bi nu constituie o aprobare. Site-ul web poate include link-uri c\u0103tre platforme ter\u021be, iar accesarea acestora poate necesita partajarea anumitor informa\u021bii cu operatorii acestora.<\/p><p>Nu suntem responsabili pentru con\u021binutul, practicile sau politicile site-urilor web ter\u021be. Asigura\u021bi-v\u0103 c\u0103 le consulta\u021bi politicile \u00eenainte de a interac\u021biona cu ele.<\/p>\t\t\t\t\t\t\t\t<\/div>\n\t\t\t\t<div class=\"elementor-element elementor-element-23fe722 elementor-widget elementor-widget-heading\" data-id=\"23fe722\" data-element_type=\"widget\" data-e-type=\"widget\" data-widget_type=\"heading.default\">\n\t\t\t\t\t<h2 class=\"elementor-heading-title elementor-size-default\">Domeniu de aplicare \u0219i modificare<\/h2>\t\t\t\t<\/div>\n\t\t\t\t<div class=\"elementor-element elementor-element-a2905e5 elementor-widget elementor-widget-text-editor\" data-id=\"a2905e5\" data-element_type=\"widget\" data-e-type=\"widget\" data-widget_type=\"text-editor.default\">\n\t\t\t\t\t\t\t\t\t<p data-pm-slice=\"1 1 []\">Prin utilizarea site-ului nostru web, sunte\u021bi de acord cu termenii descri\u0219i aici, care \u00eenlocuiesc toate acordurile anterioare. Ace\u0219ti Termeni pot fi actualiza\u021bi periodic, modific\u0103rile fiind postate pe aceast\u0103 pagin\u0103. Utilizarea \u00een continuare a site-ului web constituie acceptarea oric\u0103ror modific\u0103ri.<\/p>\t\t\t\t\t\t\t\t<\/div>\n\t\t\t\t<div class=\"elementor-element elementor-element-8835521 elementor-widget elementor-widget-heading\" data-id=\"8835521\" data-element_type=\"widget\" data-e-type=\"widget\" data-widget_type=\"heading.default\">\n\t\t\t\t\t<h2 class=\"elementor-heading-title elementor-size-default\">Cerin\u021be<\/h2>\t\t\t\t<\/div>\n\t\t\t\t<div class=\"elementor-element elementor-element-30d2063 elementor-widget elementor-widget-text-editor\" data-id=\"30d2063\" data-element_type=\"widget\" data-e-type=\"widget\" data-widget_type=\"text-editor.default\">\n\t\t\t\t\t\t\t\t\t<p data-pm-slice=\"1 1 []\">Site-ul web \u0219i Serviciile sunt destinate persoanelor care au dreptul legal de a \u00eencheia contracte obligatorii \u00een conformitate cu legile aplicabile. Persoanele sub v\u00e2rsta de 18 ani nu au permisiunea de a utiliza sau accesa Site-ul web sau Serviciile.<\/p>\t\t\t\t\t\t\t\t<\/div>\n\t\t\t\t<div class=\"elementor-element elementor-element-34717f1 elementor-widget elementor-widget-heading\" data-id=\"34717f1\" data-element_type=\"widget\" data-e-type=\"widget\" data-widget_type=\"heading.default\">\n\t\t\t\t\t<h2 class=\"elementor-heading-title elementor-size-default\">Servicii de abonament<\/h2>\t\t\t\t<\/div>\n\t\t\t\t<div class=\"elementor-element elementor-element-43b6608 elementor-widget elementor-widget-text-editor\" data-id=\"43b6608\" data-element_type=\"widget\" data-e-type=\"widget\" data-widget_type=\"text-editor.default\">\n\t\t\t\t\t\t\t\t\t<p data-pm-slice=\"1 1 []\">\u00cenregistrarea pe site v\u0103 poate oferi acces la servicii de abonament, care pot fi gratuite sau cu plat\u0103. Aceste servicii pot include con\u021binut informativ sau oferte \u0219i nu constituie consultan\u021b\u0103 financiar\u0103.<\/p>\t\t\t\t\t\t\t\t<\/div>\n\t\t\t\t<div class=\"elementor-element elementor-element-9df1ddd elementor-widget elementor-widget-heading\" data-id=\"9df1ddd\" data-element_type=\"widget\" data-e-type=\"widget\" data-widget_type=\"heading.default\">\n\t\t\t\t\t<h2 class=\"elementor-heading-title elementor-size-default\">Servicii pentru furnizori \u0219i ter\u021bi<\/h2>\t\t\t\t<\/div>\n\t\t\t\t<div class=\"elementor-element elementor-element-d1951c1 elementor-widget elementor-widget-text-editor\" data-id=\"d1951c1\" data-element_type=\"widget\" data-e-type=\"widget\" data-widget_type=\"text-editor.default\">\n\t\t\t\t\t\t\t\t\t<p data-pm-slice=\"1 1 []\">Site-ul web poate permite accesul la produse sau servicii furnizate de furnizori ter\u021bi. Nu suntem responsabili pentru nicio inexactitate, disput\u0103 sau problem\u0103 legat\u0103 de ace\u0219ti furnizori. Interac\u021biunile cu ter\u021bii sunt responsabilitatea dumneavoastr\u0103.<\/p>\t\t\t\t\t\t\t\t<\/div>\n\t\t\t\t<div class=\"elementor-element elementor-element-2819c0c elementor-widget elementor-widget-heading\" data-id=\"2819c0c\" data-element_type=\"widget\" data-e-type=\"widget\" data-widget_type=\"heading.default\">\n\t\t\t\t\t<h2 class=\"elementor-heading-title elementor-size-default\">Termeni generali<\/h2>\t\t\t\t<\/div>\n\t\t\t\t<div class=\"elementor-element elementor-element-3b9bf78 elementor-widget elementor-widget-text-editor\" data-id=\"3b9bf78\" data-element_type=\"widget\" data-e-type=\"widget\" data-widget_type=\"text-editor.default\">\n\t\t\t\t\t\t\t\t\t<p data-pm-slice=\"1 1 []\">Pentru a utiliza Serviciile, trebuie s\u0103 furniza\u021bi detalii de \u00eenregistrare corecte. Actualiz\u0103rile sau \u00eembun\u0103t\u0103\u021birile viitoare ale Site-ului Web vor fi, de asemenea, guvernate de ace\u0219ti Termeni. Nu suntem r\u0103spunz\u0103tori pentru incapacitatea dvs. de a accesa Serviciile sau de a v\u0103 califica pentru acestea.<\/p>\t\t\t\t\t\t\t\t<\/div>\n\t\t\t\t<div class=\"elementor-element elementor-element-02fc102 elementor-widget elementor-widget-heading\" data-id=\"02fc102\" data-element_type=\"widget\" data-e-type=\"widget\" data-widget_type=\"heading.default\">\n\t\t\t\t\t<h2 class=\"elementor-heading-title elementor-size-default\">Drepturi de proprietate<\/h2>\t\t\t\t<\/div>\n\t\t\t\t<div class=\"elementor-element elementor-element-9cf4854 elementor-widget elementor-widget-text-editor\" data-id=\"9cf4854\" data-element_type=\"widget\" data-e-type=\"widget\" data-widget_type=\"text-editor.default\">\n\t\t\t\t\t\t\t\t\t<p>Site-ul web, con\u021binutul s\u0103u \u0219i serviciile asociate sunt protejate de drepturi de autor, m\u0103rci comerciale \u0219i alte legi privind proprietatea intelectual\u0103. Reproducerea sau modificarea neautorizat\u0103 a oric\u0103ror materiale este strict interzis\u0103. Dreptul de proprietate asupra con\u021binutului site-ului web ne apar\u021bine.<\/p>\t\t\t\t\t\t\t\t<\/div>\n\t\t\t\t<div class=\"elementor-element elementor-element-c11888b elementor-widget elementor-widget-heading\" data-id=\"c11888b\" data-element_type=\"widget\" data-e-type=\"widget\" data-widget_type=\"heading.default\">\n\t\t\t\t\t<h2 class=\"elementor-heading-title elementor-size-default\">Informa\u021bii confiden\u021biale<\/h2>\t\t\t\t<\/div>\n\t\t\t\t<div class=\"elementor-element elementor-element-7094d25 elementor-widget elementor-widget-text-editor\" data-id=\"7094d25\" data-element_type=\"widget\" data-e-type=\"widget\" data-widget_type=\"text-editor.default\">\n\t\t\t\t\t\t\t\t\t<p data-pm-slice=\"1 1 []\">Informa\u021biile confiden\u021biale includ date protejate prin lege, identificate explicit ca fiind confiden\u021biale. Acestea nu includ informa\u021bii disponibile publicului, preexistente sau dezvoltate independent. Obliga\u021biile de protejare a informa\u021biilor confiden\u021biale expir\u0103 la un an de la \u00eencetarea utiliz\u0103rii.<\/p>\t\t\t\t\t\t\t\t<\/div>\n\t\t\t\t<div class=\"elementor-element elementor-element-9b71345 elementor-widget elementor-widget-heading\" data-id=\"9b71345\" data-element_type=\"widget\" data-e-type=\"widget\" data-widget_type=\"heading.default\">\n\t\t\t\t\t<h2 class=\"elementor-heading-title elementor-size-default\">Leg\u0103turi \u0219i referin\u021be <\/h2>\t\t\t\t<\/div>\n\t\t\t\t<div class=\"elementor-element elementor-element-a1a7449 elementor-widget elementor-widget-text-editor\" data-id=\"a1a7449\" data-element_type=\"widget\" data-e-type=\"widget\" data-widget_type=\"text-editor.default\">\n\t\t\t\t\t\t\t\t\t<p data-pm-slice=\"1 1 []\">Hyperlink-urile, \u00eencadrarea sau referirea la site-ul web f\u0103r\u0103 acordul nostru scris expres sunt interzise. Utilizarea neautorizat\u0103 poate duce la r\u0103spundere pentru daune.<\/p>\t\t\t\t\t\t\t\t<\/div>\n\t\t\t\t<div class=\"elementor-element elementor-element-64de44b elementor-widget elementor-widget-heading\" data-id=\"64de44b\" data-element_type=\"widget\" data-e-type=\"widget\" data-widget_type=\"heading.default\">\n\t\t\t\t\t<h2 class=\"elementor-heading-title elementor-size-default\">Declinare de responsabilitate<\/h2>\t\t\t\t<\/div>\n\t\t\t\t<div class=\"elementor-element elementor-element-5281372 elementor-widget elementor-widget-text-editor\" data-id=\"5281372\" data-element_type=\"widget\" data-e-type=\"widget\" data-widget_type=\"text-editor.default\">\n\t\t\t\t\t\t\t\t\t<p data-pm-slice=\"1 1 []\">Site-ul web, con\u021binutul \u0219i serviciile sale sunt furnizate \u201eca atare\u201d, f\u0103r\u0103 nicio garan\u021bie. Nu garant\u0103m func\u021bionarea ne\u00eentrerupt\u0103 sau f\u0103r\u0103 erori a Site-ului web sau a Serviciilor.<\/p>\t\t\t\t\t\t\t\t<\/div>\n\t\t\t\t<div class=\"elementor-element elementor-element-402f98e elementor-widget elementor-widget-heading\" data-id=\"402f98e\" data-element_type=\"widget\" data-e-type=\"widget\" data-widget_type=\"heading.default\">\n\t\t\t\t\t<h2 class=\"elementor-heading-title elementor-size-default\">Limitarea r\u0103spunderii<\/h2>\t\t\t\t<\/div>\n\t\t\t\t<div class=\"elementor-element elementor-element-a402d16 elementor-widget elementor-widget-text-editor\" data-id=\"a402d16\" data-element_type=\"widget\" data-e-type=\"widget\" data-widget_type=\"text-editor.default\">\n\t\t\t\t\t\t\t\t\t<p data-pm-slice=\"1 1 []\">R\u0103spunderea noastr\u0103 pentru orice reclama\u021bie este limitat\u0103 la maximum 500 USD. \u00cen cazul \u00een care legile aplicabile interzic aceast\u0103 limitare, r\u0103spunderea va fi extins\u0103 numai \u00een m\u0103sura \u00een care este prev\u0103zut de lege.<\/p>\t\t\t\t\t\t\t\t<\/div>\n\t\t\t\t<div class=\"elementor-element elementor-element-3fe409b elementor-widget elementor-widget-heading\" data-id=\"3fe409b\" data-element_type=\"widget\" data-e-type=\"widget\" data-widget_type=\"heading.default\">\n\t\t\t\t\t<h2 class=\"elementor-heading-title elementor-size-default\">Desp\u0103gubire<\/h2>\t\t\t\t<\/div>\n\t\t\t\t<div class=\"elementor-element elementor-element-acd3d86 elementor-widget elementor-widget-text-editor\" data-id=\"acd3d86\" data-element_type=\"widget\" data-e-type=\"widget\" data-widget_type=\"text-editor.default\">\n\t\t\t\t\t\t\t\t\t<p data-pm-slice=\"1 1 []\">Sunte\u021bi de acord s\u0103 ne desp\u0103gubi\u021bi \u0219i s\u0103 ne exonera\u021bi de r\u0103spundere pentru reclama\u021bii sau daune rezultate din utilizarea de c\u0103tre dvs. a Site-ului web sau a Serviciilor, \u00eenc\u0103lcarea acestor Termeni sau \u00eenc\u0103lcarea drepturilor ter\u021bilor.<\/p>\t\t\t\t\t\t\t\t<\/div>\n\t\t\t\t<div class=\"elementor-element elementor-element-a184466 elementor-widget elementor-widget-heading\" data-id=\"a184466\" data-element_type=\"widget\" data-e-type=\"widget\" data-widget_type=\"heading.default\">\n\t\t\t\t\t<h2 class=\"elementor-heading-title elementor-size-default\">Site-uri web ter\u021be<\/h2>\t\t\t\t<\/div>\n\t\t\t\t<div class=\"elementor-element elementor-element-9965a12 elementor-widget elementor-widget-text-editor\" data-id=\"9965a12\" data-element_type=\"widget\" data-e-type=\"widget\" data-widget_type=\"text-editor.default\">\n\t\t\t\t\t\t\t\t\t<p data-pm-slice=\"1 1 []\">Linkurile c\u0103tre site-uri web ter\u021be sunt furnizate doar pentru comoditate. Nu suntem responsabili pentru con\u021binutul, disponibilitatea sau politicile acestora.<\/p>\t\t\t\t\t\t\t\t<\/div>\n\t\t\t\t<div class=\"elementor-element elementor-element-f61a720 elementor-widget elementor-widget-heading\" data-id=\"f61a720\" data-element_type=\"widget\" data-e-type=\"widget\" data-widget_type=\"heading.default\">\n\t\t\t\t\t<h2 class=\"elementor-heading-title elementor-size-default\">Alegerea legii \u0219i a locului de desf\u0103\u0219urare a activit\u0103\u021bii<\/h2>\t\t\t\t<\/div>\n\t\t\t\t<div class=\"elementor-element elementor-element-e3481f1 elementor-widget elementor-widget-text-editor\" data-id=\"e3481f1\" data-element_type=\"widget\" data-e-type=\"widget\" data-widget_type=\"text-editor.default\">\n\t\t\t\t\t\t\t\t\t<p data-pm-slice=\"1 1 []\">Prezentele Condi\u021bii sunt guvernate de legile Regatului Unit. Orice litigiu va fi solu\u021bionat prin arbitraj confiden\u021bial, \u00een conformitate cu regulile ICC din Londra.<\/p>\t\t\t\t\t\t\t\t<\/div>\n\t\t\t\t<div class=\"elementor-element elementor-element-c2b0e9a elementor-widget elementor-widget-heading\" data-id=\"c2b0e9a\" data-element_type=\"widget\" data-e-type=\"widget\" data-widget_type=\"heading.default\">\n\t\t\t\t\t<h2 class=\"elementor-heading-title elementor-size-default\">Act adi\u021bional privind protec\u021bia datelor<\/h2>\t\t\t\t<\/div>\n\t\t\t\t<div class=\"elementor-element elementor-element-8a3ca15 elementor-widget elementor-widget-text-editor\" data-id=\"8a3ca15\" data-element_type=\"widget\" data-e-type=\"widget\" data-widget_type=\"text-editor.default\">\n\t\t\t\t\t\t\t\t\t<p data-pm-slice=\"1 1 []\">Ace\u0219ti Termeni sunt guverna\u021bi de legile Regatului Unit. Respect\u0103m reglement\u0103rile aplicabile privind protec\u021bia datelor, inclusiv Regulamentul general privind protec\u021bia datelor (GDPR). Asigur\u0103m securitatea datelor \u0219i men\u021binem mecanisme pentru ob\u021binerea consim\u021b\u0103m\u00e2ntului utilizatorului pentru prelucrarea \u0219i colectarea datelor. Orice litigiu va fi solu\u021bionat prin arbitraj confiden\u021bial, \u00een conformitate cu regulile ICC din Londra.<\/p>\t\t\t\t\t\t\t\t<\/div>\n\t\t\t\t\t<\/div>\n\t\t\t\t<\/div>\n\t\t\t\t<\/div>","protected":false},"excerpt":{"rendered":"<p>Terms and Conditions Thank you for visiting our website, Quantum Prime Profit, accessible via\u00a0 quantum-primeprofit.net These Terms and Conditions, along with our Privacy Policy, govern your access and use of the Website and services offered by Quantum Prime Profit (\u201cwe,\u201d \u201cour,\u201d or \u201cus\u201d). You may contact us for further information or assistance. By accessing the [&hellip;]<\/p>\n","protected":false},"author":1,"featured_media":0,"parent":0,"menu_order":0,"comment_status":"closed","ping_status":"closed","template":"","meta":{"footnotes":""},"class_list":["post-22","page","type-page","status-publish","hentry"],"_links":{"self":[{"href":"https:\/\/quantum-primeprofit.net\/ro\/wp-json\/wp\/v2\/pages\/22","targetHints":{"allow":["GET"]}}],"collection":[{"href":"https:\/\/quantum-primeprofit.net\/ro\/wp-json\/wp\/v2\/pages"}],"about":[{"href":"https:\/\/quantum-primeprofit.net\/ro\/wp-json\/wp\/v2\/types\/page"}],"author":[{"embeddable":true,"href":"https:\/\/quantum-primeprofit.net\/ro\/wp-json\/wp\/v2\/users\/1"}],"replies":[{"embeddable":true,"href":"https:\/\/quantum-primeprofit.net\/ro\/wp-json\/wp\/v2\/comments?post=22"}],"version-history":[{"count":25,"href":"https:\/\/quantum-primeprofit.net\/ro\/wp-json\/wp\/v2\/pages\/22\/revisions"}],"predecessor-version":[{"id":673,"href":"https:\/\/quantum-primeprofit.net\/ro\/wp-json\/wp\/v2\/pages\/22\/revisions\/673"}],"wp:attachment":[{"href":"https:\/\/quantum-primeprofit.net\/ro\/wp-json\/wp\/v2\/media?parent=22"}],"curies":[{"name":"wp","href":"https:\/\/api.w.org\/{rel}","templated":true}]}}