{"id":775,"date":"2025-12-26T07:32:58","date_gmt":"2025-12-26T07:32:58","guid":{"rendered":"https:\/\/quantum-primeprofit.net\/?page_id=775"},"modified":"2025-12-26T10:19:45","modified_gmt":"2025-12-26T10:19:45","slug":"declinare-de-responsabilitate","status":"publish","type":"page","link":"https:\/\/quantum-primeprofit.net\/ro\/disclaimer\/","title":{"rendered":"Declinare de responsabilitate"},"content":{"rendered":"<div data-elementor-type=\"wp-page\" data-elementor-id=\"775\" class=\"elementor elementor-775\" data-elementor-post-type=\"page\">\n\t\t\t\t<div class=\"elementor-element elementor-element-63fd79a e-flex e-con-boxed e-con e-parent\" data-id=\"63fd79a\" data-element_type=\"container\" data-e-type=\"container\" data-settings=\"{&quot;background_background&quot;:&quot;classic&quot;}\">\n\t\t\t\t\t<div class=\"e-con-inner\">\n\t\t\t\t<div class=\"elementor-element elementor-element-3498db7 elementor-widget elementor-widget-heading\" data-id=\"3498db7\" data-element_type=\"widget\" data-e-type=\"widget\" data-widget_type=\"heading.default\">\n\t\t\t\t\t<h1 class=\"elementor-heading-title elementor-size-default\">Declinare de responsabilitate<\/h1>\t\t\t\t<\/div>\n\t\t\t\t\t<\/div>\n\t\t\t\t<\/div>\n\t\t<div class=\"elementor-element elementor-element-f8d8a62 e-flex e-con-boxed e-con e-parent\" data-id=\"f8d8a62\" data-element_type=\"container\" data-e-type=\"container\" data-settings=\"{&quot;background_background&quot;:&quot;gradient&quot;}\">\n\t\t\t\t\t<div class=\"e-con-inner\">\n\t\t\t\t<div class=\"elementor-element elementor-element-b9ee973 elementor-widget elementor-widget-text-editor\" data-id=\"b9ee973\" data-element_type=\"widget\" data-e-type=\"widget\" data-widget_type=\"text-editor.default\">\n\t\t\t\t\t\t\t\t\t<p class=\"translation-block\">Informa\u021biile furnizate de *Quantum Prime Profit*, afilia\u021bii, colaboratorii, autorii sau partenerii s\u0103i (denumi\u021bi colectiv \u201enoi\u201d, \u201enou\u0103\u201d sau \u201eal nostru\/a noastr\u0103\/ai no\u0219tri\/ale noastre\u201d) pe acest site web sunt doar \u00een scop informativ general \u0219i educa\u021bional.<\/p>\t\t\t\t\t\t\t\t<\/div>\n\t\t\t\t<div class=\"elementor-element elementor-element-202bc2c elementor-widget elementor-widget-heading\" data-id=\"202bc2c\" data-element_type=\"widget\" data-e-type=\"widget\" data-widget_type=\"heading.default\">\n\t\t\t\t\t<h2 class=\"elementor-heading-title elementor-size-default\">F\u0103r\u0103 consultan\u021b\u0103 financiar\u0103<\/h2>\t\t\t\t<\/div>\n\t\t\t\t<div class=\"elementor-element elementor-element-ff4acec elementor-widget elementor-widget-text-editor\" data-id=\"ff4acec\" data-element_type=\"widget\" data-e-type=\"widget\" data-widget_type=\"text-editor.default\">\n\t\t\t\t\t\t\t\t\t<p>Con\u021binutul acestui site web \u2014 inclusiv, dar f\u0103r\u0103 a se limita la, articole, videoclipuri, analize, date de pia\u021b\u0103, grafice, semnale, instrumente \u0219i materiale educa\u021bionale \u2014 nu reprezint\u0103 consultan\u021b\u0103 financiar\u0103, de investi\u021bii, juridic\u0103, fiscal\u0103 sau de alt\u0103 natur\u0103 profesional\u0103. Nimic de pe acest site nu constituie o recomandare, solicitare, ofert\u0103 sau sus\u021binere pentru cump\u0103rarea, v\u00e2nzarea, de\u021binerea sau tranzac\u021bionarea vreunui instrument financiar, titlu de valoare, marf\u0103, moned\u0103, activ digital sau produs de investi\u021bii.<\/p>\t\t\t\t\t\t\t\t<\/div>\n\t\t\t\t<div class=\"elementor-element elementor-element-a1e79ef elementor-widget elementor-widget-heading\" data-id=\"a1e79ef\" data-element_type=\"widget\" data-e-type=\"widget\" data-widget_type=\"heading.default\">\n\t\t\t\t\t<h2 class=\"elementor-heading-title elementor-size-default\">Recunoa\u0219terea riscului<\/h2>\t\t\t\t<\/div>\n\t\t\t\t<div class=\"elementor-element elementor-element-9e79f58 elementor-widget elementor-widget-text-editor\" data-id=\"9e79f58\" data-element_type=\"widget\" data-e-type=\"widget\" data-widget_type=\"text-editor.default\">\n\t\t\t\t\t\t\t\t\t<p>Tranzac\u021bionarea pe pie\u021bele financiare \u2014 inclusiv pe pia\u021ba valutar\u0103 (FX), contracte pe diferen\u021b\u0103 (CFD-uri), criptomonede, ac\u021biuni, indici \u0219i alte instrumente derivate \u2014 prezint\u0103 riscuri semnificative \u0219i nu este potrivit\u0103 pentru to\u021bi investitorii. Performan\u021bele trecute nu sunt indicative pentru rezultatele viitoare. Ar trebui s\u0103 analiza\u021bi cu aten\u021bie situa\u021bia dumneavoastr\u0103 financiar\u0103 \u0219i toleran\u021ba la risc \u00eenainte de a v\u0103 angaja \u00een orice activitate de tranzac\u021bionare sau investi\u021bie.<\/p>\t\t\t\t\t\t\t\t<\/div>\n\t\t\t\t<div class=\"elementor-element elementor-element-7484589 elementor-widget elementor-widget-heading\" data-id=\"7484589\" data-element_type=\"widget\" data-e-type=\"widget\" data-widget_type=\"heading.default\">\n\t\t\t\t\t<h2 class=\"elementor-heading-title elementor-size-default\">F\u0103r\u0103 r\u0103spundere<\/h2>\t\t\t\t<\/div>\n\t\t\t\t<div class=\"elementor-element elementor-element-b51e68b elementor-widget elementor-widget-text-editor\" data-id=\"b51e68b\" data-element_type=\"widget\" data-e-type=\"widget\" data-widget_type=\"text-editor.default\">\n\t\t\t\t\t\t\t\t\t<p>Nu oferim nicio garan\u021bie cu privire la exactitatea, fiabilitatea, actualitatea, caracterul complet sau caracterul adecvat al informa\u021biilor con\u021binute pe acest site web. Prin utilizarea acestui site, sunte\u021bi de acord \u00een mod expres c\u0103:<\/p><ul><li><p><strong>Quantum Prime Profit<\/strong>, proprietarii, angaja\u021bii, contractorii, func\u021bionarii \u0219i partenerii s\u0103i sunt <strong>nu este responsabil sau r\u0103spunz\u0103tor pentru nicio pierdere, daun\u0103, cost sau cheltuial\u0103<\/strong>\u00a0care decurg direct sau indirect din utilizarea de c\u0103tre dumneavoastr\u0103 a acestui site sau din \u00eencrederea \u00een con\u021binutul s\u0103u;<\/p><\/li><li><p>\u00ce\u021bi asumi \u00eentreaga responsabilitate pentru deciziile, tranzac\u021biile, strategiile \u0219i rezultatele tale.<\/p><\/li><\/ul>\t\t\t\t\t\t\t\t<\/div>\n\t\t\t\t<div class=\"elementor-element elementor-element-79e1737 elementor-widget elementor-widget-heading\" data-id=\"79e1737\" data-element_type=\"widget\" data-e-type=\"widget\" data-widget_type=\"heading.default\">\n\t\t\t\t\t<h2 class=\"elementor-heading-title elementor-size-default\">Verificare independent\u0103<\/h2>\t\t\t\t<\/div>\n\t\t\t\t<div class=\"elementor-element elementor-element-4b00ab0 elementor-widget elementor-widget-text-editor\" data-id=\"4b00ab0\" data-element_type=\"widget\" data-e-type=\"widget\" data-widget_type=\"text-editor.default\">\n\t\t\t\t\t\t\t\t\tAr trebui s\u0103 verifica\u021bi independent toate informa\u021biile \u00eenainte de a ac\u021biona pe baza acestora. Aceasta include consultarea cu un profesionist autorizat \u00een domeniul financiar, fiscal sau juridic, acolo unde este cazul.\t\t\t\t\t\t\t\t<\/div>\n\t\t\t\t<div class=\"elementor-element elementor-element-2592262 elementor-widget elementor-widget-heading\" data-id=\"2592262\" data-element_type=\"widget\" data-e-type=\"widget\" data-widget_type=\"heading.default\">\n\t\t\t\t\t<h2 class=\"elementor-heading-title elementor-size-default\">F\u0103r\u0103 garan\u021bii\n<\/h2>\t\t\t\t<\/div>\n\t\t\t\t<div class=\"elementor-element elementor-element-76f8f8e elementor-widget elementor-widget-text-editor\" data-id=\"76f8f8e\" data-element_type=\"widget\" data-e-type=\"widget\" data-widget_type=\"text-editor.default\">\n\t\t\t\t\t\t\t\t\t<p>Nu garant\u0103m profiturile, acurate\u021bea datelor, caracterul complet al con\u021binutului sau accesul ne\u00eentrerupt la site. Pot ap\u0103rea probleme tehnice, erori, omisiuni \u0219i informa\u021bii \u00eenvechite.<\/p>\t\t\t\t\t\t\t\t<\/div>\n\t\t\t\t<div class=\"elementor-element elementor-element-02f8ae1 elementor-widget elementor-widget-heading\" data-id=\"02f8ae1\" data-element_type=\"widget\" data-e-type=\"widget\" data-widget_type=\"heading.default\">\n\t\t\t\t\t<h2 class=\"elementor-heading-title elementor-size-default\">Linkuri externe\n<\/h2>\t\t\t\t<\/div>\n\t\t\t\t<div class=\"elementor-element elementor-element-6cc6206 elementor-widget elementor-widget-text-editor\" data-id=\"6cc6206\" data-element_type=\"widget\" data-e-type=\"widget\" data-widget_type=\"text-editor.default\">\n\t\t\t\t\t\t\t\t\t<p><strong>Quantum Prime Profit<\/strong> poate con\u021bine linkuri c\u0103tre site-uri web, instrumente sau servicii ale unor ter\u021be p\u0103r\u021bi (\u201eSite-uri externe\u201d). Aceste linkuri sunt furnizate doar pentru comoditate. Nu aprob\u0103m \u0219i nu suntem responsabili pentru con\u021binutul, acurate\u021bea sau practicile niciunui Site extern.<\/p>\t\t\t\t\t\t\t\t<\/div>\n\t\t\t\t<div class=\"elementor-element elementor-element-0bc3b42 elementor-widget elementor-widget-heading\" data-id=\"0bc3b42\" data-element_type=\"widget\" data-e-type=\"widget\" data-widget_type=\"heading.default\">\n\t\t\t\t\t<h2 class=\"elementor-heading-title elementor-size-default\">Responsabilitatea ta<\/h2>\t\t\t\t<\/div>\n\t\t\t\t<div class=\"elementor-element elementor-element-5ab2993 elementor-widget elementor-widget-text-editor\" data-id=\"5ab2993\" data-element_type=\"widget\" data-e-type=\"widget\" data-widget_type=\"text-editor.default\">\n\t\t\t\t\t\t\t\t\t<p>Prin accesarea sau utilizarea acestui site web, sunte\u021bi de acord c\u0103 toate deciziile de investi\u021bii sunt luate pe propriul risc. Exonera\u021bi \u00een mod expres quantum-primeprofit.net de orice r\u0103spundere pentru orice pierdere sau daun\u0103 direct\u0103 sau indirect\u0103 pe care o suferi\u021bi.<\/p>\n<p>Dac\u0103 nu sunte\u021bi de acord cu vreo parte a acestei declinari de responsabilitate, trebuie s\u0103 \u00eenceta\u021bi imediat utilizarea acestui site web.<\/p>\t\t\t\t\t\t\t\t<\/div>\n\t\t\t\t\t<\/div>\n\t\t\t\t<\/div>\n\t\t\t\t<\/div>","protected":false},"excerpt":{"rendered":"<p>Disclaimer The information provided by Quantum Prime Profit, its affiliates, contributors, authors, or partners (collectively, \u201cwe\u201d, \u201cus\u201d, or \u201cour\u201d) on this website is for general informational and educational purposes only. No Financial Advice The content on this website \u2014 including but not limited to articles, videos, analysis, market data, charts, signals, tools, and educational material [&hellip;]<\/p>\n","protected":false},"author":1,"featured_media":0,"parent":0,"menu_order":0,"comment_status":"closed","ping_status":"closed","template":"elementor_header_footer","meta":{"footnotes":""},"class_list":["post-775","page","type-page","status-publish","hentry"],"_links":{"self":[{"href":"https:\/\/quantum-primeprofit.net\/ro\/wp-json\/wp\/v2\/pages\/775","targetHints":{"allow":["GET"]}}],"collection":[{"href":"https:\/\/quantum-primeprofit.net\/ro\/wp-json\/wp\/v2\/pages"}],"about":[{"href":"https:\/\/quantum-primeprofit.net\/ro\/wp-json\/wp\/v2\/types\/page"}],"author":[{"embeddable":true,"href":"https:\/\/quantum-primeprofit.net\/ro\/wp-json\/wp\/v2\/users\/1"}],"replies":[{"embeddable":true,"href":"https:\/\/quantum-primeprofit.net\/ro\/wp-json\/wp\/v2\/comments?post=775"}],"version-history":[{"count":13,"href":"https:\/\/quantum-primeprofit.net\/ro\/wp-json\/wp\/v2\/pages\/775\/revisions"}],"predecessor-version":[{"id":791,"href":"https:\/\/quantum-primeprofit.net\/ro\/wp-json\/wp\/v2\/pages\/775\/revisions\/791"}],"wp:attachment":[{"href":"https:\/\/quantum-primeprofit.net\/ro\/wp-json\/wp\/v2\/media?parent=775"}],"curies":[{"name":"wp","href":"https:\/\/api.w.org\/{rel}","templated":true}]}}